{"id":8666,"date":"2025-05-07T11:54:20","date_gmt":"2025-05-07T09:54:20","guid":{"rendered":"https:\/\/www.aquacycle.eu\/?post_type=product&#038;p=8666"},"modified":"2025-09-24T13:19:18","modified_gmt":"2025-09-24T11:19:18","slug":"geurneutralisatie-en-ziekteverwekkers","status":"publish","type":"product","link":"https:\/\/www.aquacycle.be\/nl\/onze-producten\/accessoires\/postfilter\/geurneutralisatie-en-ziekteverwekkers\/","title":{"rendered":"Neutralisatie van smaak, geur en ziekteverwekkers"},"content":{"rendered":"<div>\n<h2>Cartridge met actief kool verrijkt met zilver \u2013 zuivere smaak en antiseptische werking<\/h2>\n<p class=\"translation-block\">Deze cartridge is gemaakt van <strong>actieve kokosnootkool<\/strong>, meet <strong>25 cm lang<\/strong> en <strong>5 cm in diameter<\/strong>.\nHij is speciaal ontworpen om <strong>mogelijke smaken en geuren<\/strong> uit het water na het reservoir te verwijderen.<\/p>\n<p>\n    Deze nieuwe versie is <strong>verrijkt met collo\u00efdaal zilver (0,1%)<\/strong>, die <strong>verdere verbetering van de waterkwaliteit<\/strong><br \/>\n    op natuurlijke wijze <strong>antiseptische eigenschappen<\/strong>.\n  <\/p>\n<p class=\"translation-block\"><strong>Compatibel met al onze huishoudelijke osmosefilters<\/strong>, vervangt deze de standaard post-membraancartridge voor een <strong>geoptimaliseerde filtratie<\/strong>.<\/p>\n<\/div>","protected":false},"excerpt":{"rendered":"<p>Cartouche au charbon actif enrichie en argent \u2013 Go\u00fbt pur et action antiseptique Cette cartouche est produite \u00e0 partir de charbon actif de noix de coco, mesure 25 cm de long et 5 cm de diam\u00e8tre. Elle est sp\u00e9cialement con\u00e7ue pour \u00e9liminer les \u00e9ventuels go\u00fbts et odeurs de l\u2019eau en sortie de r\u00e9servoir. Cette nouvelle [&hellip;]<\/p>","protected":false},"featured_media":8521,"comment_status":"open","ping_status":"closed","template":"","meta":{"_acf_changed":false,"_metasync_otto_title":"","_metasync_otto_description":"","_metasync_otto_keywords":"","_metasync_otto_og_title":"","_metasync_otto_og_description":"","_metasync_otto_twitter_title":"","_metasync_otto_twitter_description":"","rank_math_title":"","rank_math_description":"","_yoast_wpseo_title":"","_yoast_wpseo_metadesc":"","_aioseo_title":"","_aioseo_description":""},"product_brand":[],"product_cat":[110,203],"product_tag":[107,108],"class_list":{"0":"post-8666","1":"product","2":"type-product","3":"status-publish","4":"has-post-thumbnail","6":"product_cat-accessoires","7":"product_cat-post-filtre","8":"product_tag-particulier","9":"product_tag-professionnel","11":"first","12":"instock","13":"taxable","14":"shipping-taxable","15":"purchasable","16":"product-type-simple"},"acf":[],"_links":{"self":[{"href":"https:\/\/www.aquacycle.be\/nl\/wp-json\/wp\/v2\/product\/8666","targetHints":{"allow":["GET"]}}],"collection":[{"href":"https:\/\/www.aquacycle.be\/nl\/wp-json\/wp\/v2\/product"}],"about":[{"href":"https:\/\/www.aquacycle.be\/nl\/wp-json\/wp\/v2\/types\/product"}],"replies":[{"embeddable":true,"href":"https:\/\/www.aquacycle.be\/nl\/wp-json\/wp\/v2\/comments?post=8666"}],"wp:featuredmedia":[{"embeddable":true,"href":"https:\/\/www.aquacycle.be\/nl\/wp-json\/wp\/v2\/media\/8521"}],"wp:attachment":[{"href":"https:\/\/www.aquacycle.be\/nl\/wp-json\/wp\/v2\/media?parent=8666"}],"wp:term":[{"taxonomy":"product_brand","embeddable":true,"href":"https:\/\/www.aquacycle.be\/nl\/wp-json\/wp\/v2\/product_brand?post=8666"},{"taxonomy":"product_cat","embeddable":true,"href":"https:\/\/www.aquacycle.be\/nl\/wp-json\/wp\/v2\/product_cat?post=8666"},{"taxonomy":"product_tag","embeddable":true,"href":"https:\/\/www.aquacycle.be\/nl\/wp-json\/wp\/v2\/product_tag?post=8666"}],"curies":[{"name":"wp","href":"https:\/\/api.w.org\/{rel}","templated":true}]}}