{"id":8665,"date":"2025-05-07T11:54:20","date_gmt":"2025-05-07T09:54:20","guid":{"rendered":"https:\/\/www.aquacycle.eu\/?post_type=product&#038;p=8665"},"modified":"2025-09-25T13:43:59","modified_gmt":"2025-09-25T11:43:59","slug":"ph-verhoging","status":"publish","type":"product","link":"https:\/\/www.aquacycle.be\/nl\/onze-producten\/accessoires\/postfilter\/ph-verhoging\/","title":{"rendered":"Verhoging van pH"},"content":{"rendered":"<div>\n<h2>Alkalische cartridge - Verhoog de pH van je osmosewater<\/h2>\n<p class=\"translation-block\"><strong>Osmosewater<\/strong> neigt licht zuur te zijn vanwege het ontbreken van mineralen.\nDeze cartridge helpt om de <strong>pH-waarde te verhogen<\/strong>, waardoor het water <strong>meer alkalisch<\/strong> wordt.<\/p>\n<p>\n    Sommige gebruikers zijn op zoek naar een <strong>alkalisch water<\/strong> voor <strong>de zuurgraad van het lichaam verlagen<\/strong><br \/>\n    en <strong>hun algemene welzijn verbeteren<\/strong>.\n  <\/p>\n<p>\n    Deze cartridge is <strong>compatibel met alle huishoudelijke osmosesystemen<\/strong> en vervangt de conventionele post-membraan cartridge.\n  <\/p>\n<\/div>","protected":false},"excerpt":{"rendered":"<p>Cartouche alcalinisante \u2013 \u00c9levez le pH de votre eau osmos\u00e9e L\u2019eau osmos\u00e9e a tendance \u00e0 \u00eatre l\u00e9g\u00e8rement acide en raison de son absence de min\u00e9raux. Cette cartouche permet d\u2019\u00e9lever le pH de l\u2019eau, la rendant ainsi plus alcaline. Certains utilisateurs recherchent une eau alcaline pour r\u00e9duire l\u2019acidit\u00e9 du corps et am\u00e9liorer leur bien-\u00eatre g\u00e9n\u00e9ral. Cette [&hellip;]<\/p>","protected":false},"featured_media":8523,"comment_status":"open","ping_status":"closed","template":"","meta":{"_acf_changed":false,"_metasync_otto_title":"","_metasync_otto_description":"","_metasync_otto_keywords":"","_metasync_otto_og_title":"","_metasync_otto_og_description":"","_metasync_otto_twitter_title":"","_metasync_otto_twitter_description":"","rank_math_title":"","rank_math_description":"","_yoast_wpseo_title":"","_yoast_wpseo_metadesc":"","_aioseo_title":"","_aioseo_description":""},"product_brand":[],"product_cat":[110,203],"product_tag":[107,108],"class_list":{"0":"post-8665","1":"product","2":"type-product","3":"status-publish","4":"has-post-thumbnail","6":"product_cat-accessoires","7":"product_cat-post-filtre","8":"product_tag-particulier","9":"product_tag-professionnel","11":"first","12":"instock","13":"taxable","14":"shipping-taxable","15":"purchasable","16":"product-type-simple"},"acf":[],"_links":{"self":[{"href":"https:\/\/www.aquacycle.be\/nl\/wp-json\/wp\/v2\/product\/8665","targetHints":{"allow":["GET"]}}],"collection":[{"href":"https:\/\/www.aquacycle.be\/nl\/wp-json\/wp\/v2\/product"}],"about":[{"href":"https:\/\/www.aquacycle.be\/nl\/wp-json\/wp\/v2\/types\/product"}],"replies":[{"embeddable":true,"href":"https:\/\/www.aquacycle.be\/nl\/wp-json\/wp\/v2\/comments?post=8665"}],"wp:featuredmedia":[{"embeddable":true,"href":"https:\/\/www.aquacycle.be\/nl\/wp-json\/wp\/v2\/media\/8523"}],"wp:attachment":[{"href":"https:\/\/www.aquacycle.be\/nl\/wp-json\/wp\/v2\/media?parent=8665"}],"wp:term":[{"taxonomy":"product_brand","embeddable":true,"href":"https:\/\/www.aquacycle.be\/nl\/wp-json\/wp\/v2\/product_brand?post=8665"},{"taxonomy":"product_cat","embeddable":true,"href":"https:\/\/www.aquacycle.be\/nl\/wp-json\/wp\/v2\/product_cat?post=8665"},{"taxonomy":"product_tag","embeddable":true,"href":"https:\/\/www.aquacycle.be\/nl\/wp-json\/wp\/v2\/product_tag?post=8665"}],"curies":[{"name":"wp","href":"https:\/\/api.w.org\/{rel}","templated":true}]}}