{"id":8664,"date":"2025-05-07T11:54:20","date_gmt":"2025-05-07T09:54:20","guid":{"rendered":"https:\/\/www.aquacycle.eu\/?post_type=product&#038;p=8664"},"modified":"2026-02-03T11:48:53","modified_gmt":"2026-02-03T10:48:53","slug":"toegevoegd-calcium-en-biologisch-beschikbaar-magnesium","status":"publish","type":"product","link":"https:\/\/www.aquacycle.be\/nl\/onze-producten\/accessoires\/postfilter\/toegevoegd-calcium-en-biologisch-beschikbaar-magnesium\/","title":{"rendered":"Toegevoegd calcium en biobeschikbaar magnesium"},"content":{"rendered":"<div>\n<h2>Cartouche post-membrane \u2013 Min\u00e9ralisation et am\u00e9lioration du go\u00fbt<\/h2>\n<p>Dit postmembraanpatroon maakt het mogelijk om<strong>je osmosewater verrijken<\/strong> met essenti\u00eble mineralen die goed zijn voor het lichaam.<br \/>\nHet verkregen water wordt geremineraliseerd met elementen die essentieel zijn voor de gezondheid, met name <strong>10 mg\/L calcium<\/strong> en <strong>1 mg\/L magnesium<\/strong>.<\/p>\n<ul>\n<li><strong>Smaakverbetering :<\/strong> dankzij geactiveerde kokosnoot houtskool<\/li>\n<li><strong>Eenvoudig te installeren :<\/strong> met praktische push-fit connectoren<\/li>\n<li><strong>Voedselveilige materialen :<\/strong>ontworpen in de Europese Unie<\/li>\n<li><strong>Gegarandeerde betrouwbaarheid :<\/strong> elk filter is getest en goedgekeurd voor huishoudelijk gebruik<\/li>\n<\/ul>\n<\/div>","protected":false},"excerpt":{"rendered":"<p>Cartouche post-membrane \u2013 Min\u00e9ralisation et am\u00e9lioration du go\u00fbt Cette cartouche post-membrane permet d\u2019enrichir votre eau osmos\u00e9e avec des min\u00e9raux essentiels b\u00e9n\u00e9fiques pour l\u2019organisme. L\u2019eau obtenue est remin\u00e9ralis\u00e9e avec des \u00e9l\u00e9ments indispensables \u00e0 la sant\u00e9, notamment 10 mg\/L de calcium et 1 mg\/L de magn\u00e9sium. Am\u00e9lioration du go\u00fbt gr\u00e2ce au charbon actif de noix de coco [&hellip;]<\/p>","protected":false},"featured_media":8519,"comment_status":"open","ping_status":"closed","template":"","meta":{"_acf_changed":false,"_metasync_otto_title":"","_metasync_otto_description":"","_metasync_otto_keywords":"","_metasync_otto_og_title":"","_metasync_otto_og_description":"","_metasync_otto_twitter_title":"","_metasync_otto_twitter_description":"","rank_math_title":"","rank_math_description":"","_yoast_wpseo_title":"","_yoast_wpseo_metadesc":"","_aioseo_title":"","_aioseo_description":""},"product_brand":[],"product_cat":[110,203],"product_tag":[107,108],"class_list":{"0":"post-8664","1":"product","2":"type-product","3":"status-publish","4":"has-post-thumbnail","6":"product_cat-accessoires","7":"product_cat-post-filtre","8":"product_tag-particulier","9":"product_tag-professionnel","11":"first","12":"instock","13":"taxable","14":"shipping-taxable","15":"purchasable","16":"product-type-simple"},"acf":[],"_links":{"self":[{"href":"https:\/\/www.aquacycle.be\/nl\/wp-json\/wp\/v2\/product\/8664","targetHints":{"allow":["GET"]}}],"collection":[{"href":"https:\/\/www.aquacycle.be\/nl\/wp-json\/wp\/v2\/product"}],"about":[{"href":"https:\/\/www.aquacycle.be\/nl\/wp-json\/wp\/v2\/types\/product"}],"replies":[{"embeddable":true,"href":"https:\/\/www.aquacycle.be\/nl\/wp-json\/wp\/v2\/comments?post=8664"}],"wp:featuredmedia":[{"embeddable":true,"href":"https:\/\/www.aquacycle.be\/nl\/wp-json\/wp\/v2\/media\/8519"}],"wp:attachment":[{"href":"https:\/\/www.aquacycle.be\/nl\/wp-json\/wp\/v2\/media?parent=8664"}],"wp:term":[{"taxonomy":"product_brand","embeddable":true,"href":"https:\/\/www.aquacycle.be\/nl\/wp-json\/wp\/v2\/product_brand?post=8664"},{"taxonomy":"product_cat","embeddable":true,"href":"https:\/\/www.aquacycle.be\/nl\/wp-json\/wp\/v2\/product_cat?post=8664"},{"taxonomy":"product_tag","embeddable":true,"href":"https:\/\/www.aquacycle.be\/nl\/wp-json\/wp\/v2\/product_tag?post=8664"}],"curies":[{"name":"wp","href":"https:\/\/api.w.org\/{rel}","templated":true}]}}