{"id":8658,"date":"2025-05-07T11:54:16","date_gmt":"2025-05-07T09:54:16","guid":{"rendered":"https:\/\/www.aquacycle.eu\/?post_type=product&#038;p=8658"},"modified":"2025-08-13T14:04:52","modified_gmt":"2025-08-13T12:04:52","slug":"sterilisatie-van-water","status":"publish","type":"product","link":"https:\/\/www.aquacycle.be\/nl\/onze-producten\/accessoires\/postfilter\/sterilisatie-van-water\/","title":{"rendered":"Watersterilisatie"},"content":{"rendered":"<div>\n<h2>UV-sterilisatie - Effectieve bescherming tegen micro-organismen<\/h2>\n<p>De <strong>UV-stralen<\/strong> zijn formidabel tegen bacteri\u00ebn en virussen.<br \/>\nDankzij dit systeem worden alle ziekteverwekkers die mogelijk aanwezig zijn in je osmosewatertank ge\u00eblimineerd,<br \/>\nof in de<strong>regenwater of bronwater<\/strong>zullen <strong>geneutraliseerd voordat het je kraan bereikt<\/strong>.<\/p>\n<p>Dit accessoire is een <strong>effectieve aanvullende bescherming<\/strong> om de zuiverheid van je drinkwater te garanderen,<br \/>\nvooral als je een <strong>tank met je osmose-installatie<\/strong>.<\/p>\n<h5>Modeleigenschappen<\/h5>\n<ul>\n<li><strong>6W, 16W en 25W modellen:<\/strong> geleverd met een <strong>lamp PHILIPS TUV G6T5 42V<\/strong>,<br \/>\ngemakkelijk verkrijgbaar op de markt tegen een betaalbare prijs.<br \/>\nZe omvatten ook <strong>twee bevestigingsklemmen<\/strong> voor installatie op de postmembraancassette<br \/>\nevenals <strong>snelle adapters<\/strong> voor 1\/4\u2033 buizen.<\/li>\n<li><strong>55W- en 110W-modellen :<\/strong> uitgerust met een <strong>OSRAM gloeilamp<\/strong>erkend voor zijn kwaliteit en prestaties.<\/li>\n<\/ul>\n<p>De levensduur van een PHILIPS lamp is 9.000 uur en die van een OSRAM lamp is 8.000 uur. Je moet de lamp dus maximaal \u00e9\u00e9n keer per jaar vervangen als je hem nooit uitschakelt. Je kunt gemakkelijk zien of de lamp is uitgeschakeld omdat het krachtige licht dat wordt gegenereerd licht zichtbaar is bij de gewrichten.<\/p>\n<p>Om de lamp te vervangen, schakelt u uw omgekeerde osmose-eenheid en UV-systeem uit en schuift u het plastic omhulsel naar de glazen buis die de lamp bevat. Het duurt 2 minuten!<\/p>\n<\/div>","protected":false},"excerpt":{"rendered":"<p>St\u00e9rilisation UV \u2013 Une protection efficace contre les micro-organismes Les rayons UV sont redoutables contre les bact\u00e9ries et virus. Gr\u00e2ce \u00e0 ce syst\u00e8me, les pathog\u00e8nes potentiellement pr\u00e9sents dans votre r\u00e9servoir d\u2019eau osmos\u00e9e, ou dans l\u2019eau de pluie ou de puits, seront neutralis\u00e9s avant d\u2019atteindre votre robinet. Cet accessoire constitue une protection suppl\u00e9mentaire efficace pour garantir [&hellip;]<\/p>","protected":false},"featured_media":8516,"comment_status":"open","ping_status":"closed","template":"","meta":{"_acf_changed":false,"_metasync_otto_title":"","_metasync_otto_description":"","_metasync_otto_keywords":"","_metasync_otto_og_title":"","_metasync_otto_og_description":"","_metasync_otto_twitter_title":"","_metasync_otto_twitter_description":"","rank_math_title":"","rank_math_description":"","_yoast_wpseo_title":"","_yoast_wpseo_metadesc":"","_aioseo_title":"","_aioseo_description":""},"product_brand":[],"product_cat":[110,203],"product_tag":[107,108],"class_list":{"0":"post-8658","1":"product","2":"type-product","3":"status-publish","4":"has-post-thumbnail","6":"product_cat-accessoires","7":"product_cat-post-filtre","8":"product_tag-particulier","9":"product_tag-professionnel","11":"first","12":"instock","13":"taxable","14":"shipping-taxable","15":"purchasable","16":"product-type-variable","17":"has-default-attributes"},"acf":[],"_links":{"self":[{"href":"https:\/\/www.aquacycle.be\/nl\/wp-json\/wp\/v2\/product\/8658","targetHints":{"allow":["GET"]}}],"collection":[{"href":"https:\/\/www.aquacycle.be\/nl\/wp-json\/wp\/v2\/product"}],"about":[{"href":"https:\/\/www.aquacycle.be\/nl\/wp-json\/wp\/v2\/types\/product"}],"replies":[{"embeddable":true,"href":"https:\/\/www.aquacycle.be\/nl\/wp-json\/wp\/v2\/comments?post=8658"}],"wp:featuredmedia":[{"embeddable":true,"href":"https:\/\/www.aquacycle.be\/nl\/wp-json\/wp\/v2\/media\/8516"}],"wp:attachment":[{"href":"https:\/\/www.aquacycle.be\/nl\/wp-json\/wp\/v2\/media?parent=8658"}],"wp:term":[{"taxonomy":"product_brand","embeddable":true,"href":"https:\/\/www.aquacycle.be\/nl\/wp-json\/wp\/v2\/product_brand?post=8658"},{"taxonomy":"product_cat","embeddable":true,"href":"https:\/\/www.aquacycle.be\/nl\/wp-json\/wp\/v2\/product_cat?post=8658"},{"taxonomy":"product_tag","embeddable":true,"href":"https:\/\/www.aquacycle.be\/nl\/wp-json\/wp\/v2\/product_tag?post=8658"}],"curies":[{"name":"wp","href":"https:\/\/api.w.org\/{rel}","templated":true}]}}