{"id":8656,"date":"2025-05-07T11:54:16","date_gmt":"2025-05-07T09:54:16","guid":{"rendered":"https:\/\/www.aquacycle.eu\/?post_type=product&#038;p=8656"},"modified":"2026-02-05T15:20:56","modified_gmt":"2026-02-05T14:20:56","slug":"robinet-3-voies-corps-souple","status":"publish","type":"product","link":"https:\/\/www.aquacycle.be\/nl\/onze-producten\/accessoires\/tik-op\/robinet-3-voies-corps-souple\/","title":{"rendered":"Kraan - 3-weg - Zwarte zachte behuizing"},"content":{"rendered":"<div>\n<h2 data-rm-block-id=\"block-1\">Robinet 3 voies \u2013 corps souple &#8211; Pratique et robuste<\/h2>\n<p data-rm-block-id=\"block-2\">Dankzij deze 3-wegkraan, <strong>is het onnodig om een tweede kraan te installeren<\/strong> op je aanrecht!<\/p>\n<p data-rm-block-id=\"block-3\">Identique en fonctionnalit\u00e9 qu&rsquo;une douchette, le <strong>corps souple en caoutchouc<\/strong>\u00a0om je gootsteen gemakkelijk schoon te spoelen.<\/p>\n<p data-rm-block-id=\"block-4\">Deze kraan is ontworpen met een <strong>messing kraag<\/strong> en een <strong>zinklegering basis.<\/strong>,<br \/>\neen combinatie van robuustheid en duurzaamheid. Geluid <strong>keramisch mechanisme<\/strong> garandeert een grote betrouwbaarheid,<br \/>\nterwijl zijn <strong>rubberen afdichtingen<\/strong> voor een perfecte afdichting garandeert.<\/p>\n<h5 data-rm-block-id=\"block-5\">Beschikbare soorten kranen<\/h5>\n<ul>\n<li data-rm-block-id=\"block-6\"><strong>1-wegkraan :<\/strong> bestemd voor osmosewater. Het wordt toegevoegd aan de bestaande mengkraan.<br \/>\n<em>Een boring in de gootsteen of het werkblad is vereist<\/em> voor de installatie.<\/li>\n<li data-rm-block-id=\"block-7\"><strong>3-wegkraan :<\/strong> Boren is niet meer nodig.\nHiermee hebt u<br \/>\n<strong>warm en koud water<\/strong> en <strong>osmosewater<\/strong> met \u00e9\u00e9n tik.<\/li>\n<\/ul>\n<p data-rm-block-id=\"block-8\"><!-- Int\u00e9gration du mod\u00e8le Elementor --><\/p>\n<div data-rm-block-id=\"block-9\">\t\t<div data-elementor-type=\"container\" data-elementor-id=\"7104\" class=\"elementor elementor-7104\" data-elementor-post-type=\"elementor_library\">\n\t\t\t\t<div class=\"elementor-element elementor-element-9361ccf e-flex e-con-boxed e-con e-parent\" data-id=\"9361ccf\" data-element_type=\"container\" data-settings=\"{&quot;jet_parallax_layout_list&quot;:[]}\">\n\t\t\t\t\t<div class=\"e-con-inner\">\n\t\t\t\t<div class=\"elementor-element elementor-element-93390c0 custom-button elementor-widget elementor-widget-button\" data-id=\"93390c0\" data-element_type=\"widget\" data-widget_type=\"button.default\">\n\t\t\t\t<div class=\"elementor-widget-container\">\n\t\t\t\t\t\t\t\t\t<div class=\"elementor-button-wrapper\">\n\t\t\t\t\t<a class=\"elementor-button elementor-button-link elementor-size-sm elementor-animation-shrink\" href=\"https:\/\/www.aquacycle.be\/wp-content\/uploads\/2026\/02\/260203_Comparatif-robinets.png\" target=\"_blank\">\n\t\t\t\t\t\t<span class=\"elementor-button-content-wrapper\">\n\t\t\t\t\t\t\t\t\t<span class=\"elementor-button-text\">Kranen vergelijking<\/span>\n\t\t\t\t\t<\/span>\n\t\t\t\t\t<\/a>\n\t\t\t\t<\/div>\n\t\t\t\t\t\t\t\t<\/div>\n\t\t\t\t<\/div>\n\t\t\t\t\t<\/div>\n\t\t\t\t<\/div>\n\t\t\t\t<\/div>\n\t\t<\/div>\n<\/div>","protected":false},"excerpt":{"rendered":"<p>Robinet 3 voies \u2013 corps souple &#8211; Pratique et robuste Gr\u00e2ce \u00e0 ce robinet 3 voies, plus besoin d\u2019installer un second robinet sur votre \u00e9vier ! Identique en fonctionnalit\u00e9 qu&rsquo;une douchette, le corps souple en caoutchouc\u00a0vous permet un rin\u00e7age facile de votre \u00e9vier. Ce robinet est con\u00e7u avec un col en laiton et une base [&hellip;]<\/p>","protected":false},"featured_media":8509,"comment_status":"open","ping_status":"closed","template":"","meta":{"_acf_changed":false,"_metasync_otto_title":"","_metasync_otto_description":"","_metasync_otto_keywords":"","_metasync_otto_og_title":"","_metasync_otto_og_description":"","_metasync_otto_twitter_title":"","_metasync_otto_twitter_description":"","rank_math_title":"","rank_math_description":"D\u00e9couvrez le robinet 3 voies \u2013 corps souple noir d'Aquacycle, id\u00e9al pour \u00e9viter d'installer un second robinet sur votre \u00e9vier !","_yoast_wpseo_title":"","_yoast_wpseo_metadesc":"","_aioseo_title":"","_aioseo_description":""},"product_brand":[],"product_cat":[110,202],"product_tag":[107,108],"class_list":{"0":"post-8656","1":"product","2":"type-product","3":"status-publish","4":"has-post-thumbnail","6":"product_cat-accessoires","7":"product_cat-robinet","8":"product_tag-particulier","9":"product_tag-professionnel","11":"first","12":"instock","13":"taxable","14":"shipping-taxable","15":"purchasable","16":"product-type-simple"},"acf":[],"_links":{"self":[{"href":"https:\/\/www.aquacycle.be\/nl\/wp-json\/wp\/v2\/product\/8656","targetHints":{"allow":["GET"]}}],"collection":[{"href":"https:\/\/www.aquacycle.be\/nl\/wp-json\/wp\/v2\/product"}],"about":[{"href":"https:\/\/www.aquacycle.be\/nl\/wp-json\/wp\/v2\/types\/product"}],"replies":[{"embeddable":true,"href":"https:\/\/www.aquacycle.be\/nl\/wp-json\/wp\/v2\/comments?post=8656"}],"wp:featuredmedia":[{"embeddable":true,"href":"https:\/\/www.aquacycle.be\/nl\/wp-json\/wp\/v2\/media\/8509"}],"wp:attachment":[{"href":"https:\/\/www.aquacycle.be\/nl\/wp-json\/wp\/v2\/media?parent=8656"}],"wp:term":[{"taxonomy":"product_brand","embeddable":true,"href":"https:\/\/www.aquacycle.be\/nl\/wp-json\/wp\/v2\/product_brand?post=8656"},{"taxonomy":"product_cat","embeddable":true,"href":"https:\/\/www.aquacycle.be\/nl\/wp-json\/wp\/v2\/product_cat?post=8656"},{"taxonomy":"product_tag","embeddable":true,"href":"https:\/\/www.aquacycle.be\/nl\/wp-json\/wp\/v2\/product_tag?post=8656"}],"curies":[{"name":"wp","href":"https:\/\/api.w.org\/{rel}","templated":true}]}}