{"id":8652,"date":"2025-05-07T11:54:16","date_gmt":"2025-05-07T09:54:16","guid":{"rendered":"https:\/\/www.aquacycle.eu\/?post_type=product&#038;p=8652"},"modified":"2026-02-03T10:35:21","modified_gmt":"2026-02-03T09:35:21","slug":"kraan-1-kanaal-2","status":"publish","type":"product","link":"https:\/\/www.aquacycle.be\/nl\/onze-producten\/accessoires\/tik-op\/kraan-1-kanaal-2\/","title":{"rendered":"1-wegkraan"},"content":{"rendered":"<div>\n<h2>Designer osmosekraan - Elegantie en gebruiksgemak<\/h2>\n<p>Voeg een vleugje elegantie toe aan het zichtbare deel van je osmosefilter : <strong>de kraan<\/strong> !<br \/>\nGeluid <strong>verchroomde roestvrijstalen uitloop (AISI 304)<\/strong> garandeert een zorgvuldige afwerking, terwijl zijn <strong>messing mechanisme<\/strong> zorgt voor robuustheid en duurzaamheid.<\/p>\n<p><strong>Wat is er zo speciaal aan dit model?<\/strong> Een ventiel kan worden <strong>vergrendeld in open positie<\/strong>Hierdoor kun je je containers vullen zonder dat je de kraan continu hoeft vast te houden.<br \/>\n<em>Voor echt dagelijks comfort!<\/em><\/p>\n<h5>Beschikbare soorten kranen<\/h5>\n<ul>\n<li><strong>1-wegkraan :<\/strong> is speciaal voor osmosewater. Het is een aanvulling op de bestaande mengkraan.<br \/>\nA <em>de gootsteen of het werkblad boren<\/em> is vereist voor installatie.<\/li>\n<li><strong>3-wegkraan :<\/strong> waardoor er geen extra boringen nodig zijn.<br \/>\nIl permet de disposer de <strong>warm en koud water<\/strong> en <strong>osmosewater<\/strong> met \u00e9\u00e9n tik.<\/li>\n<\/ul>\n<p><!-- Int\u00e9gration de mod\u00e8le Elementor --><\/p>\n<div>\t\t<div data-elementor-type=\"container\" data-elementor-id=\"7104\" class=\"elementor elementor-7104\" data-elementor-post-type=\"elementor_library\">\n\t\t\t\t<div class=\"elementor-element elementor-element-9361ccf e-flex e-con-boxed e-con e-parent\" data-id=\"9361ccf\" data-element_type=\"container\" data-settings=\"{&quot;jet_parallax_layout_list&quot;:[]}\">\n\t\t\t\t\t<div class=\"e-con-inner\">\n\t\t\t\t<div class=\"elementor-element elementor-element-93390c0 custom-button elementor-widget elementor-widget-button\" data-id=\"93390c0\" data-element_type=\"widget\" data-widget_type=\"button.default\">\n\t\t\t\t<div class=\"elementor-widget-container\">\n\t\t\t\t\t\t\t\t\t<div class=\"elementor-button-wrapper\">\n\t\t\t\t\t<a class=\"elementor-button elementor-button-link elementor-size-sm elementor-animation-shrink\" href=\"https:\/\/www.aquacycle.be\/wp-content\/uploads\/2026\/02\/260203_Comparatif-robinets.png\" target=\"_blank\">\n\t\t\t\t\t\t<span class=\"elementor-button-content-wrapper\">\n\t\t\t\t\t\t\t\t\t<span class=\"elementor-button-text\">Kranen vergelijking<\/span>\n\t\t\t\t\t<\/span>\n\t\t\t\t\t<\/a>\n\t\t\t\t<\/div>\n\t\t\t\t\t\t\t\t<\/div>\n\t\t\t\t<\/div>\n\t\t\t\t\t<\/div>\n\t\t\t\t<\/div>\n\t\t\t\t<\/div>\n\t\t<\/div>\n<\/div>","protected":false},"excerpt":{"rendered":"<p>Robinet design pour osmoseur \u2013 \u00c9l\u00e9gance et confort d\u2019utilisation Apportez une touche d\u2019\u00e9l\u00e9gance \u00e0 l\u2019\u00e9l\u00e9ment visible de votre osmoseur : le robinet ! Son bec en acier inoxydable chrom\u00e9 (AISI 304) garantit une finition soign\u00e9e, tandis que son m\u00e9canisme en laiton assure robustesse et durabilit\u00e9. L\u2019atout de ce mod\u00e8le ? Une vanne qui peut \u00eatre [&hellip;]<\/p>","protected":false},"featured_media":8511,"comment_status":"open","ping_status":"closed","template":"","meta":{"_acf_changed":false,"_metasync_otto_title":"","_metasync_otto_description":"","_metasync_otto_keywords":"","_metasync_otto_og_title":"","_metasync_otto_og_description":"","_metasync_otto_twitter_title":"","_metasync_otto_twitter_description":"","rank_math_title":"","rank_math_description":"","_yoast_wpseo_title":"","_yoast_wpseo_metadesc":"","_aioseo_title":"","_aioseo_description":""},"product_brand":[],"product_cat":[110,202],"product_tag":[107,108],"class_list":{"0":"post-8652","1":"product","2":"type-product","3":"status-publish","4":"has-post-thumbnail","6":"product_cat-accessoires","7":"product_cat-robinet","8":"product_tag-particulier","9":"product_tag-professionnel","11":"first","12":"instock","13":"taxable","14":"shipping-taxable","15":"purchasable","16":"product-type-simple"},"acf":[],"_links":{"self":[{"href":"https:\/\/www.aquacycle.be\/nl\/wp-json\/wp\/v2\/product\/8652","targetHints":{"allow":["GET"]}}],"collection":[{"href":"https:\/\/www.aquacycle.be\/nl\/wp-json\/wp\/v2\/product"}],"about":[{"href":"https:\/\/www.aquacycle.be\/nl\/wp-json\/wp\/v2\/types\/product"}],"replies":[{"embeddable":true,"href":"https:\/\/www.aquacycle.be\/nl\/wp-json\/wp\/v2\/comments?post=8652"}],"wp:featuredmedia":[{"embeddable":true,"href":"https:\/\/www.aquacycle.be\/nl\/wp-json\/wp\/v2\/media\/8511"}],"wp:attachment":[{"href":"https:\/\/www.aquacycle.be\/nl\/wp-json\/wp\/v2\/media?parent=8652"}],"wp:term":[{"taxonomy":"product_brand","embeddable":true,"href":"https:\/\/www.aquacycle.be\/nl\/wp-json\/wp\/v2\/product_brand?post=8652"},{"taxonomy":"product_cat","embeddable":true,"href":"https:\/\/www.aquacycle.be\/nl\/wp-json\/wp\/v2\/product_cat?post=8652"},{"taxonomy":"product_tag","embeddable":true,"href":"https:\/\/www.aquacycle.be\/nl\/wp-json\/wp\/v2\/product_tag?post=8652"}],"curies":[{"name":"wp","href":"https:\/\/api.w.org\/{rel}","templated":true}]}}