{"id":8646,"date":"2025-05-07T11:54:15","date_gmt":"2025-05-07T09:54:15","guid":{"rendered":"https:\/\/www.aquacycle.eu\/?post_type=product&#038;p=8646"},"modified":"2025-09-24T13:20:13","modified_gmt":"2025-09-24T11:20:13","slug":"analyse-kit-4","status":"publish","type":"product","link":"https:\/\/www.aquacycle.be\/nl\/onze-producten\/accessoires\/analyse\/analyse-kit-4\/","title":{"rendered":"Analyse kit"},"content":{"rendered":"<div>\n<h2>ORP-tester - Redoxpotentiaalmeting<\/h2>\n<p>Deze watertester biedt <strong>eenvoudige, nauwkeurige meting<\/strong> du potentiel ORP de votre eau.<br \/>\nIl est fourni avec un <strong>opbergkist<\/strong> en een <strong>handleiding<\/strong> pour une prise en main simplifi\u00e9e.<\/p>\n<p>Of je nu de kwaliteit van bronwater, regenwater, bronwater of water uit de kraan wilt beoordelen,<br \/>\nwij bieden u oplossingen <strong>effici\u00ebnt en toegankelijk<\/strong> oplossingen bieden voor het testen van alle soorten water.<\/p>\n<p>De plus, <strong>we raden het aan<\/strong> pour d\u00e9terminer le syst\u00e8me de filtration id\u00e9al en fonction de la composition de votre eau<br \/>\net de vos besoins en qualit\u00e9 et en volume.<\/p>\n<p>Als je vragen of zorgen hebt, <strong>aarzel niet om contact met ons op te nemen<\/strong> !<\/p>\n<\/div>","protected":false},"excerpt":{"rendered":"<p>Testeur ORP \u2013 Mesure du potentiel d\u2019oxydor\u00e9duction Ce testeur d\u2019eau offre une mesure facile et pr\u00e9cise du potentiel ORP de votre eau. Il est fourni avec un bo\u00eetier de rangement et un manual d\u2019utilisation pour une prise en main simplifi\u00e9e. Que vous souhaitiez \u00e9valuer la qualit\u00e9 d\u2019une eau de source, de pluie, de puits ou [&hellip;]<\/p>","protected":false},"featured_media":8475,"comment_status":"open","ping_status":"closed","template":"","meta":{"_acf_changed":false,"_metasync_otto_title":"","_metasync_otto_description":"","_metasync_otto_keywords":"","_metasync_otto_og_title":"","_metasync_otto_og_description":"","_metasync_otto_twitter_title":"","_metasync_otto_twitter_description":"","rank_math_title":"","rank_math_description":"","_yoast_wpseo_title":"","_yoast_wpseo_metadesc":"","_aioseo_title":"","_aioseo_description":""},"product_brand":[],"product_cat":[110,118],"product_tag":[107,108],"class_list":{"0":"post-8646","1":"product","2":"type-product","3":"status-publish","4":"has-post-thumbnail","6":"product_cat-accessoires","7":"product_cat-analyse","8":"product_tag-particulier","9":"product_tag-professionnel","11":"first","12":"instock","13":"taxable","14":"shipping-taxable","15":"purchasable","16":"product-type-simple"},"acf":[],"_links":{"self":[{"href":"https:\/\/www.aquacycle.be\/nl\/wp-json\/wp\/v2\/product\/8646","targetHints":{"allow":["GET"]}}],"collection":[{"href":"https:\/\/www.aquacycle.be\/nl\/wp-json\/wp\/v2\/product"}],"about":[{"href":"https:\/\/www.aquacycle.be\/nl\/wp-json\/wp\/v2\/types\/product"}],"replies":[{"embeddable":true,"href":"https:\/\/www.aquacycle.be\/nl\/wp-json\/wp\/v2\/comments?post=8646"}],"wp:featuredmedia":[{"embeddable":true,"href":"https:\/\/www.aquacycle.be\/nl\/wp-json\/wp\/v2\/media\/8475"}],"wp:attachment":[{"href":"https:\/\/www.aquacycle.be\/nl\/wp-json\/wp\/v2\/media?parent=8646"}],"wp:term":[{"taxonomy":"product_brand","embeddable":true,"href":"https:\/\/www.aquacycle.be\/nl\/wp-json\/wp\/v2\/product_brand?post=8646"},{"taxonomy":"product_cat","embeddable":true,"href":"https:\/\/www.aquacycle.be\/nl\/wp-json\/wp\/v2\/product_cat?post=8646"},{"taxonomy":"product_tag","embeddable":true,"href":"https:\/\/www.aquacycle.be\/nl\/wp-json\/wp\/v2\/product_tag?post=8646"}],"curies":[{"name":"wp","href":"https:\/\/api.w.org\/{rel}","templated":true}]}}