{"id":8645,"date":"2025-05-07T11:54:15","date_gmt":"2025-05-07T09:54:15","guid":{"rendered":"https:\/\/www.aquacycle.eu\/?post_type=product&#038;p=8645"},"modified":"2025-09-24T13:20:13","modified_gmt":"2025-09-24T11:20:13","slug":"analyse-kit-3","status":"publish","type":"product","link":"https:\/\/www.aquacycle.be\/nl\/onze-producten\/accessoires\/analyse\/analyse-kit-3\/","title":{"rendered":"Analyse kit"},"content":{"rendered":"<div>\n<h2>pH-testset - 50 strips<\/h2>\n<p>\n    De <strong>pH<\/strong> is een essenti\u00eble parameter in het oog te houden om de balans en kwaliteit van je water te garanderen.\n  <\/p>\n<p>\n    <strong>Set van 50 strips :<\/strong> r\u00e9alisez vos analyses en toute autonomie.<br \/>\n    Il vous suffit d\u2019immerger une bandelette dans l\u2019eau, d\u2019attendre quelques secondes que la couleur se stabilise,<br \/>\n    puis de la comparer avec le nuancier indiqu\u00e9 sur la bouteille. Un proc\u00e9d\u00e9 \u00e0 la fois <strong>praktisch en effici\u00ebnt<\/strong>.\n  <\/p>\n<p>\n    Of je nu de kwaliteit van bronwater, regenwater, bronwater of water uit de kraan wilt beoordelen,<br \/>\n    wij bieden u oplossingen <strong>effici\u00ebnt en toegankelijk<\/strong> oplossingen bieden voor het testen van alle soorten water.\n  <\/p>\n<p>\n    Als je vragen of zorgen hebt, <strong>aarzel niet om contact met ons op te nemen<\/strong> !\n  <\/p>\n<\/div>","protected":false},"excerpt":{"rendered":"<p>Kit de test pH \u2013 50 bandelettes Le pH est un param\u00e8tre essentiel \u00e0 surveiller pour garantir l\u2019\u00e9quilibre et la qualit\u00e9 de votre eau. Kit de 50 bandelettes&nbsp;: r\u00e9alisez vos analyses en toute autonomie. Il vous suffit d\u2019immerger une bandelette dans l\u2019eau, d\u2019attendre quelques secondes que la couleur se stabilise, puis de la comparer avec [&hellip;]<\/p>","protected":false},"featured_media":8476,"comment_status":"open","ping_status":"closed","template":"","meta":{"_acf_changed":false,"_metasync_otto_title":"","_metasync_otto_description":"","_metasync_otto_keywords":"","_metasync_otto_og_title":"","_metasync_otto_og_description":"","_metasync_otto_twitter_title":"","_metasync_otto_twitter_description":"","rank_math_title":"","rank_math_description":"","_yoast_wpseo_title":"","_yoast_wpseo_metadesc":"","_aioseo_title":"","_aioseo_description":""},"product_brand":[],"product_cat":[110,118],"product_tag":[107,108],"class_list":{"0":"post-8645","1":"product","2":"type-product","3":"status-publish","4":"has-post-thumbnail","6":"product_cat-accessoires","7":"product_cat-analyse","8":"product_tag-particulier","9":"product_tag-professionnel","11":"first","12":"instock","13":"taxable","14":"shipping-taxable","15":"purchasable","16":"product-type-simple"},"acf":[],"_links":{"self":[{"href":"https:\/\/www.aquacycle.be\/nl\/wp-json\/wp\/v2\/product\/8645","targetHints":{"allow":["GET"]}}],"collection":[{"href":"https:\/\/www.aquacycle.be\/nl\/wp-json\/wp\/v2\/product"}],"about":[{"href":"https:\/\/www.aquacycle.be\/nl\/wp-json\/wp\/v2\/types\/product"}],"replies":[{"embeddable":true,"href":"https:\/\/www.aquacycle.be\/nl\/wp-json\/wp\/v2\/comments?post=8645"}],"wp:featuredmedia":[{"embeddable":true,"href":"https:\/\/www.aquacycle.be\/nl\/wp-json\/wp\/v2\/media\/8476"}],"wp:attachment":[{"href":"https:\/\/www.aquacycle.be\/nl\/wp-json\/wp\/v2\/media?parent=8645"}],"wp:term":[{"taxonomy":"product_brand","embeddable":true,"href":"https:\/\/www.aquacycle.be\/nl\/wp-json\/wp\/v2\/product_brand?post=8645"},{"taxonomy":"product_cat","embeddable":true,"href":"https:\/\/www.aquacycle.be\/nl\/wp-json\/wp\/v2\/product_cat?post=8645"},{"taxonomy":"product_tag","embeddable":true,"href":"https:\/\/www.aquacycle.be\/nl\/wp-json\/wp\/v2\/product_tag?post=8645"}],"curies":[{"name":"wp","href":"https:\/\/api.w.org\/{rel}","templated":true}]}}