{"id":8610,"date":"2025-05-07T10:51:22","date_gmt":"2025-05-07T08:51:22","guid":{"rendered":"https:\/\/www.aquacycle.eu\/?post_type=product&#038;p=8610"},"modified":"2026-04-08T07:06:08","modified_gmt":"2026-04-08T05:06:08","slug":"libertos-osmose-fontein","status":"publish","type":"product","link":"https:\/\/www.aquacycle.be\/nl\/onze-producten\/osmose-installatie\/fontein\/libertos-osmose-fontein\/","title":{"rendered":"Premium mobiele osmosefontein met karaf"},"content":{"rendered":"<section>Cet osmoseur fontaine ne n\u00e9cessite aucune installation !<br \/>\nIl ne demande aucun raccordement au r\u00e9seau d\u2019eau, ce qui le rend facile \u00e0 d\u00e9placer. C\u2019est la plus performante fontaine mobile de notre gamme, con\u00e7ue pour les m\u00e9nages et amoureux d\u2019eau froide. Id\u00e9al pour ceux qui recherchent une solution flexible et performante pour une eau pure \u00e0 tout moment.<\/section>\n<h5><strong>Voordelen van de Libertos<\/strong> :<\/h5>\n<ul>\n<li class=\"translation-block\"><strong>Geavanceerde filtratietechnologie<\/strong>: verwijdert pesticiden, medicijnresten, nitraten, chloor, virussen, bacteri\u00ebn, zware metalen, ongewenste smaken en geuren.<\/li>\n<li class=\"translation-block\"><strong>Zonder installatie<\/strong>: werkt zonder wateraansluiting, alleen een stopcontact is nodig.<\/li>\n<li class=\"translation-block\"><strong>Verhoogde veiligheid<\/strong>: automatische vergrendeling van het hete water (kinderbeveiliging).<\/li>\n<li><strong>Eco-verantwoord :<\/strong> 3 liter osmosewater voor 1 liter afvalwater.<\/li>\n<li><strong>Koud, gematigd of warm water<\/strong> 6\u00b0C, omgevingstemperatuur, 45\u00b0C, 85\u00b0C en 100\u00b0C.<\/li>\n<li class=\"translation-block\"><strong>Eenvoudig onderhoud<\/strong>: slechts \u00e9\u00e9n cartridge (PP, CTO, RO) die gemiddeld \u00e9\u00e9n keer per jaar moet worden vervangen.<\/li>\n<li class=\"translation-block\"><strong>Karaf<\/strong>: 2 karaffen inbegrepen.<\/li>\n<\/ul>\n\t\t<div data-elementor-type=\"container\" data-elementor-id=\"7233\" class=\"elementor elementor-7233\" data-elementor-post-type=\"elementor_library\">\n\t\t\t\t<div class=\"elementor-element elementor-element-9361ccf e-flex e-con-boxed e-con e-parent\" data-id=\"9361ccf\" data-element_type=\"container\" data-settings=\"{&quot;jet_parallax_layout_list&quot;:[]}\">\n\t\t\t\t\t<div class=\"e-con-inner\">\n\t\t\t\t<div class=\"elementor-element elementor-element-93390c0 custom-button elementor-widget elementor-widget-button\" data-id=\"93390c0\" data-element_type=\"widget\" data-widget_type=\"button.default\">\n\t\t\t\t<div class=\"elementor-widget-container\">\n\t\t\t\t\t\t\t\t\t<div class=\"elementor-button-wrapper\">\n\t\t\t\t\t<a class=\"elementor-button elementor-button-link elementor-size-sm elementor-animation-shrink\" href=\"https:\/\/www.aquacycle.be\/wp-content\/uploads\/2026\/02\/260203_Comparatif-Fontaines.jpg\" target=\"_blank\">\n\t\t\t\t\t\t<span class=\"elementor-button-content-wrapper\">\n\t\t\t\t\t\t\t\t\t<span class=\"elementor-button-text\">Vergelijking waterfonteinen<\/span>\n\t\t\t\t\t<\/span>\n\t\t\t\t\t<\/a>\n\t\t\t\t<\/div>\n\t\t\t\t\t\t\t\t<\/div>\n\t\t\t\t<\/div>\n\t\t\t\t\t<\/div>\n\t\t\t\t<\/div>\n\t\t\t\t<\/div>","protected":false},"excerpt":{"rendered":"<p>Cet osmoseur fontaine ne n\u00e9cessite aucune installation ! Il ne demande aucun raccordement au r\u00e9seau d\u2019eau, ce qui le rend facile \u00e0 d\u00e9placer. C\u2019est la plus performante fontaine mobile de notre gamme, con\u00e7ue pour les m\u00e9nages et amoureux d\u2019eau froide. Id\u00e9al pour ceux qui recherchent une solution flexible et performante pour une eau pure \u00e0 [&hellip;]<\/p>","protected":false},"featured_media":11429,"comment_status":"open","ping_status":"closed","template":"","meta":{"_acf_changed":false,"_metasync_otto_title":"","_metasync_otto_description":"","_metasync_otto_keywords":"","_metasync_otto_og_title":"","_metasync_otto_og_description":"","_metasync_otto_twitter_title":"","_metasync_otto_twitter_description":"","rank_math_title":"Libertos | Fontaine \u00e0 osmose mobile haut de gamme ","rank_math_description":"Cet osmoseur fontaine, ne n\u00e9cessite aucune installation ! Il ne demande aucun raccordement au r\u00e9seau d'eau, ce qui le rend facile \u00e0 d\u00e9placer. ","_yoast_wpseo_title":"","_yoast_wpseo_metadesc":"","_aioseo_title":"","_aioseo_description":""},"product_brand":[],"product_cat":[116,113],"product_tag":[107,108],"class_list":{"0":"post-8610","1":"product","2":"type-product","3":"status-publish","4":"has-post-thumbnail","6":"product_cat-fontaine","7":"product_cat-osmoseur","8":"product_tag-particulier","9":"product_tag-professionnel","11":"first","12":"instock","13":"taxable","14":"shipping-taxable","15":"purchasable","16":"product-type-variable","17":"has-default-attributes"},"acf":[],"_links":{"self":[{"href":"https:\/\/www.aquacycle.be\/nl\/wp-json\/wp\/v2\/product\/8610","targetHints":{"allow":["GET"]}}],"collection":[{"href":"https:\/\/www.aquacycle.be\/nl\/wp-json\/wp\/v2\/product"}],"about":[{"href":"https:\/\/www.aquacycle.be\/nl\/wp-json\/wp\/v2\/types\/product"}],"replies":[{"embeddable":true,"href":"https:\/\/www.aquacycle.be\/nl\/wp-json\/wp\/v2\/comments?post=8610"}],"wp:featuredmedia":[{"embeddable":true,"href":"https:\/\/www.aquacycle.be\/nl\/wp-json\/wp\/v2\/media\/11429"}],"wp:attachment":[{"href":"https:\/\/www.aquacycle.be\/nl\/wp-json\/wp\/v2\/media?parent=8610"}],"wp:term":[{"taxonomy":"product_brand","embeddable":true,"href":"https:\/\/www.aquacycle.be\/nl\/wp-json\/wp\/v2\/product_brand?post=8610"},{"taxonomy":"product_cat","embeddable":true,"href":"https:\/\/www.aquacycle.be\/nl\/wp-json\/wp\/v2\/product_cat?post=8610"},{"taxonomy":"product_tag","embeddable":true,"href":"https:\/\/www.aquacycle.be\/nl\/wp-json\/wp\/v2\/product_tag?post=8610"}],"curies":[{"name":"wp","href":"https:\/\/api.w.org\/{rel}","templated":true}]}}