{"id":8607,"date":"2025-05-07T10:51:22","date_gmt":"2025-05-07T08:51:22","guid":{"rendered":"https:\/\/www.aquacycle.eu\/?post_type=product&#038;p=8607"},"modified":"2026-04-08T07:05:16","modified_gmt":"2026-04-08T05:05:16","slug":"aquacycle-design-waterkoeler-2","status":"publish","type":"product","link":"https:\/\/www.aquacycle.be\/nl\/onze-producten\/osmose-installatie\/fontein\/aquacycle-design-waterkoeler-2\/","title":{"rendered":"Volle hoogte designer osmosewaterfontein"},"content":{"rendered":"<section>Blue Glacial, onze design osmosewaterfontein, is ontworpen om continu zuiver en verfrissend water te leveren voor uw gemeenschap. <\/br>Dankzij het geavanceerde filtersysteem garandeert hij water van uitstekende kwaliteit, ideaal voor de dagelijkse hydratatie van uw team, medewerkers of klanten. <\/br>Het elegante en moderne design past perfect in elke professionele omgeving en voegt een vleugje verfijning toe aan uw ruimte.<\/section>\n<h5><strong>Avantages de la Blue Glacial :<\/strong><\/h5>\n<ul>\n<li class=\"translation-block\"><strong>Geavanceerde filtratietechnologie<\/strong>: verwijdert pesticiden, medicijnresten, nitraten, chloor, virussen, bacteri\u00ebn, zware metalen, ongewenste smaken en geuren.<\/li>\n<li><strong>Productie van osmosewater :<\/strong> 300 liter per dag, ideaal voor intensief gebruik.<\/li>\n<li class=\"translation-block\"><strong>Verhoogde veiligheid<\/strong>: automatische vergrendeling van het hete water (kinderbeveiliging).<\/li>\n<li class=\"translation-block\"><strong>Veelzijdigheid<\/strong>: biedt drie watertemperaturen \u2013 heet, koud en lauw.<\/li>\n<li class=\"translation-block\"><strong>Milieuvriendelijk<\/strong>: 1 L osmosewater voor 1 L afgevoerd water.<\/li>\n<li class=\"translation-block\"><strong>Ergonomie<\/strong>: compact ontwerp.<\/li>\n<\/ul>\n\t\t<div data-elementor-type=\"container\" data-elementor-id=\"7233\" class=\"elementor elementor-7233\" data-elementor-post-type=\"elementor_library\">\n\t\t\t\t<div class=\"elementor-element elementor-element-9361ccf e-flex e-con-boxed e-con e-parent\" data-id=\"9361ccf\" data-element_type=\"container\" data-settings=\"{&quot;jet_parallax_layout_list&quot;:[]}\">\n\t\t\t\t\t<div class=\"e-con-inner\">\n\t\t\t\t<div class=\"elementor-element elementor-element-93390c0 custom-button elementor-widget elementor-widget-button\" data-id=\"93390c0\" data-element_type=\"widget\" data-widget_type=\"button.default\">\n\t\t\t\t<div class=\"elementor-widget-container\">\n\t\t\t\t\t\t\t\t\t<div class=\"elementor-button-wrapper\">\n\t\t\t\t\t<a class=\"elementor-button elementor-button-link elementor-size-sm elementor-animation-shrink\" href=\"https:\/\/www.aquacycle.be\/wp-content\/uploads\/2026\/02\/260203_Comparatif-Fontaines.jpg\" target=\"_blank\">\n\t\t\t\t\t\t<span class=\"elementor-button-content-wrapper\">\n\t\t\t\t\t\t\t\t\t<span class=\"elementor-button-text\">Vergelijking waterfonteinen<\/span>\n\t\t\t\t\t<\/span>\n\t\t\t\t\t<\/a>\n\t\t\t\t<\/div>\n\t\t\t\t\t\t\t\t<\/div>\n\t\t\t\t<\/div>\n\t\t\t\t\t<\/div>\n\t\t\t\t<\/div>\n\t\t\t\t<\/div>","protected":false},"excerpt":{"rendered":"<p>Blue Glacial, notre fontaine \u00e0 eau osmos\u00e9e design, est con\u00e7ue pour offrir une eau pure et rafra\u00eechissante en continu pour votre communaut\u00e9. Gr\u00e2ce \u00e0 son syst\u00e8me de filtration avanc\u00e9e, elle garantit une eau d\u2019excellente qualit\u00e9, id\u00e9ale pour l\u2019hydratation quotidienne de votre \u00e9quipe, de vos employ\u00e9s ou de vos clients. Son design \u00e9l\u00e9gant et moderne s\u2019int\u00e8gre [&hellip;]<\/p>","protected":false},"featured_media":13006,"comment_status":"open","ping_status":"closed","template":"","meta":{"_acf_changed":false,"_metasync_otto_title":"","_metasync_otto_description":"","_metasync_otto_keywords":"","_metasync_otto_og_title":"","_metasync_otto_og_description":"","_metasync_otto_twitter_title":"","_metasync_otto_twitter_description":"","rank_math_title":"","rank_math_description":"","_yoast_wpseo_title":"","_yoast_wpseo_metadesc":"","_aioseo_title":"","_aioseo_description":""},"product_brand":[],"product_cat":[116,113],"product_tag":[107,108],"class_list":{"0":"post-8607","1":"product","2":"type-product","3":"status-publish","4":"has-post-thumbnail","6":"product_cat-fontaine","7":"product_cat-osmoseur","8":"product_tag-particulier","9":"product_tag-professionnel","11":"first","12":"instock","13":"taxable","14":"shipping-taxable","15":"purchasable","16":"product-type-variable","17":"has-default-attributes"},"acf":[],"_links":{"self":[{"href":"https:\/\/www.aquacycle.be\/nl\/wp-json\/wp\/v2\/product\/8607","targetHints":{"allow":["GET"]}}],"collection":[{"href":"https:\/\/www.aquacycle.be\/nl\/wp-json\/wp\/v2\/product"}],"about":[{"href":"https:\/\/www.aquacycle.be\/nl\/wp-json\/wp\/v2\/types\/product"}],"replies":[{"embeddable":true,"href":"https:\/\/www.aquacycle.be\/nl\/wp-json\/wp\/v2\/comments?post=8607"}],"wp:featuredmedia":[{"embeddable":true,"href":"https:\/\/www.aquacycle.be\/nl\/wp-json\/wp\/v2\/media\/13006"}],"wp:attachment":[{"href":"https:\/\/www.aquacycle.be\/nl\/wp-json\/wp\/v2\/media?parent=8607"}],"wp:term":[{"taxonomy":"product_brand","embeddable":true,"href":"https:\/\/www.aquacycle.be\/nl\/wp-json\/wp\/v2\/product_brand?post=8607"},{"taxonomy":"product_cat","embeddable":true,"href":"https:\/\/www.aquacycle.be\/nl\/wp-json\/wp\/v2\/product_cat?post=8607"},{"taxonomy":"product_tag","embeddable":true,"href":"https:\/\/www.aquacycle.be\/nl\/wp-json\/wp\/v2\/product_tag?post=8607"}],"curies":[{"name":"wp","href":"https:\/\/api.w.org\/{rel}","templated":true}]}}