{"id":8598,"date":"2025-05-07T10:51:21","date_gmt":"2025-05-07T08:51:21","guid":{"rendered":"https:\/\/www.aquacycle.eu\/?post_type=product&#038;p=8598"},"modified":"2026-04-08T07:08:09","modified_gmt":"2026-04-08T05:08:09","slug":"zuinige-compacte-osmose-waterkoeler","status":"publish","type":"product","link":"https:\/\/www.aquacycle.be\/nl\/onze-producten\/osmose-installatie\/fontein\/zuinige-compacte-osmose-waterkoeler\/","title":{"rendered":"Compacte en economische osmosewaterfontein"},"content":{"rendered":"<section>Onze mini-waterfontein met omgekeerde osmose is ideaal voor je kantoor! <\/br> Bied je team, je werknemers en je klanten continu zuiver water. Hij is compacter dan de Blue Sea, heeft een geoptimaliseerd reservoir en past gemakkelijk in elke ruimte. Hij heeft een steun nodig zoals een tafel, dus de installatie is eenvoudig en flexibel. Een stijlvolle, praktische en hoogwaardige oplossing voor ieders welzijn!<\/section>\n<h5><strong>Voordelen van Blue Mountain :<\/strong><\/h5>\n<ul>\n<li class=\"translation-block\"><strong>Geavanceerde filtratietechnologie om deze te verwijderen<\/strong> : pesticiden, medicijnresten, nitraten, chloor, virussen, bacteri\u00ebn, zware metalen, evenals ongewenste smaken en geuren.<\/li>\n<li class=\"translation-block\"><strong>Veelzijdigheid<\/strong>: biedt drie watertemperaturen \u2013 heet, koud en lauw.<\/li>\n<li class=\"translation-block\"><strong>Verhoogde veiligheid<\/strong>: automatische vergrendeling van het hete water (kinderbeveiliging).<\/li>\n<li class=\"translation-block\"><strong>Milieuvriendelijk<\/strong>: 1 L osmosewater voor 1 L afgevoerd water.<\/li>\n<li class=\"translation-block\"><strong>Ergonomie<\/strong>: compact ontwerp.<\/li>\n<\/ul>\n\t\t<div data-elementor-type=\"container\" data-elementor-id=\"7233\" class=\"elementor elementor-7233\" data-elementor-post-type=\"elementor_library\">\n\t\t\t\t<div class=\"elementor-element elementor-element-9361ccf e-flex e-con-boxed e-con e-parent\" data-id=\"9361ccf\" data-element_type=\"container\" data-settings=\"{&quot;jet_parallax_layout_list&quot;:[]}\">\n\t\t\t\t\t<div class=\"e-con-inner\">\n\t\t\t\t<div class=\"elementor-element elementor-element-93390c0 custom-button elementor-widget elementor-widget-button\" data-id=\"93390c0\" data-element_type=\"widget\" data-widget_type=\"button.default\">\n\t\t\t\t<div class=\"elementor-widget-container\">\n\t\t\t\t\t\t\t\t\t<div class=\"elementor-button-wrapper\">\n\t\t\t\t\t<a class=\"elementor-button elementor-button-link elementor-size-sm elementor-animation-shrink\" href=\"https:\/\/www.aquacycle.be\/wp-content\/uploads\/2026\/02\/260203_Comparatif-Fontaines.jpg\" target=\"_blank\">\n\t\t\t\t\t\t<span class=\"elementor-button-content-wrapper\">\n\t\t\t\t\t\t\t\t\t<span class=\"elementor-button-text\">Vergelijking waterfonteinen<\/span>\n\t\t\t\t\t<\/span>\n\t\t\t\t\t<\/a>\n\t\t\t\t<\/div>\n\t\t\t\t\t\t\t\t<\/div>\n\t\t\t\t<\/div>\n\t\t\t\t\t<\/div>\n\t\t\t\t<\/div>\n\t\t\t\t<\/div>","protected":false},"excerpt":{"rendered":"<p>Notre mini fontaine \u00e0 eau osmos\u00e9e est id\u00e9ale pour vos bureaux ! Offrez \u00e0 votre \u00e9quipe, vos employ\u00e9s et vos clients une eau pure en continu. Plus compacte que la Blue Sea, elle dispose d\u2019un r\u00e9servoir optimis\u00e9 et s\u2019int\u00e8gre facilement dans tous les espaces. Elle n\u00e9cessite un support tel qu\u2019une table, garantissant ainsi une installation [&hellip;]<\/p>","protected":false},"featured_media":13007,"comment_status":"open","ping_status":"closed","template":"","meta":{"_acf_changed":false,"_metasync_otto_title":"","_metasync_otto_description":"","_metasync_otto_keywords":"","_metasync_otto_og_title":"","_metasync_otto_og_description":"","_metasync_otto_twitter_title":"","_metasync_otto_twitter_description":"","rank_math_title":"","rank_math_description":"","_yoast_wpseo_title":"","_yoast_wpseo_metadesc":"","_aioseo_title":"","_aioseo_description":""},"product_brand":[],"product_cat":[116,113],"product_tag":[107,108],"class_list":{"0":"post-8598","1":"product","2":"type-product","3":"status-publish","4":"has-post-thumbnail","6":"product_cat-fontaine","7":"product_cat-osmoseur","8":"product_tag-particulier","9":"product_tag-professionnel","11":"first","12":"instock","13":"taxable","14":"shipping-taxable","15":"purchasable","16":"product-type-variable","17":"has-default-attributes"},"acf":[],"_links":{"self":[{"href":"https:\/\/www.aquacycle.be\/nl\/wp-json\/wp\/v2\/product\/8598","targetHints":{"allow":["GET"]}}],"collection":[{"href":"https:\/\/www.aquacycle.be\/nl\/wp-json\/wp\/v2\/product"}],"about":[{"href":"https:\/\/www.aquacycle.be\/nl\/wp-json\/wp\/v2\/types\/product"}],"replies":[{"embeddable":true,"href":"https:\/\/www.aquacycle.be\/nl\/wp-json\/wp\/v2\/comments?post=8598"}],"wp:featuredmedia":[{"embeddable":true,"href":"https:\/\/www.aquacycle.be\/nl\/wp-json\/wp\/v2\/media\/13007"}],"wp:attachment":[{"href":"https:\/\/www.aquacycle.be\/nl\/wp-json\/wp\/v2\/media?parent=8598"}],"wp:term":[{"taxonomy":"product_brand","embeddable":true,"href":"https:\/\/www.aquacycle.be\/nl\/wp-json\/wp\/v2\/product_brand?post=8598"},{"taxonomy":"product_cat","embeddable":true,"href":"https:\/\/www.aquacycle.be\/nl\/wp-json\/wp\/v2\/product_cat?post=8598"},{"taxonomy":"product_tag","embeddable":true,"href":"https:\/\/www.aquacycle.be\/nl\/wp-json\/wp\/v2\/product_tag?post=8598"}],"curies":[{"name":"wp","href":"https:\/\/api.w.org\/{rel}","templated":true}]}}