{"id":7727,"date":"2025-04-18T13:33:10","date_gmt":"2025-04-18T11:33:10","guid":{"rendered":"https:\/\/www.aquacycle.eu\/?post_type=product&#038;p=7727"},"modified":"2026-04-10T12:13:23","modified_gmt":"2026-04-10T10:13:23","slug":"intelligente-zoutwaterverzachter","status":"publish","type":"product","link":"https:\/\/www.aquacycle.be\/nl\/onze-producten\/ontharder\/met-zout\/intelligente-zoutwaterverzachter\/","title":{"rendered":"Intelligente zoutwaterverzachter"},"content":{"rendered":"<section class=\"translation-block\">De waterverzachter <strong>Harmony<\/strong> is compact, krachtig en intelligent.\nHij combineert een hoogcapaciteitshars met een statistische klep om het zout- en waterverbruik te verminderen, voor een lagere impact op uw portemonnee en het milieu.\nBeschikbaar in 9, 18 of 26 liter: hij past in elk huishouden, van koppels tot kleine bedrijven, en is bovendien eenvoudig te installeren en te onderhouden.<\/section>\n<h5><strong>Voordelen van de Harmony :<\/strong><\/h5>\n<ul>\n<li><strong>Intelligente statistische klep :<\/strong> Het detecteert de mate van harsverzadiging en past het regeneratieproces automatisch aan. Resultaat: besparing op zout en water, dus lagere kosten en een beperkte impact op het milieu.<\/li>\n<li><strong>Amberlight hars met hoge prestaties :<\/strong> 30 % ionenuitwisselingscapaciteit groter dan conventionele harsen. Minder spoelingen nodig, dus minder waterverbruik.<\/li>\n<li><strong>Intu\u00eftief aanraakscherm :<\/strong> Een duidelijke, moderne, gebruiksvriendelijke interface voor het configureren en controleren van het apparaat.<\/li>\n<li><strong>Aangesloten systeem :<\/strong> Afstandsbediening via smartphone (handig voor het controleren van zoutniveaus, het programmeren van regeneratie, enz.)<\/li>\n<li><strong>Antibacteri\u00eble zouttank :<\/strong> garandeert optimale hygi\u00ebne in de zouttank en voorkomt schimmel en bacteri\u00ebn.<\/li>\n<\/ul>","protected":false},"excerpt":{"rendered":"<p>L\u2019adoucisseur d\u2019eau Harmony est \u00e0 la fois compact, performant et intelligent.Il allie une r\u00e9sine \u00e0 haute capacit\u00e9 avec une vanne statistique afin de r\u00e9duire sa consommation en sel et en eau, pour un impact r\u00e9duit sur votre portefeuille et sur l\u2019environnement.Disponible en 9, 18 ou 26 litres : il s\u2019adapte \u00e0 tous les foyers, du [&hellip;]<\/p>","protected":false},"featured_media":7524,"comment_status":"open","ping_status":"closed","template":"","meta":{"_acf_changed":false,"_metasync_otto_title":"","_metasync_otto_description":"","_metasync_otto_keywords":"","_metasync_otto_og_title":"","_metasync_otto_og_description":"","_metasync_otto_twitter_title":"","_metasync_otto_twitter_description":"","rank_math_title":"","rank_math_description":"","_yoast_wpseo_title":"","_yoast_wpseo_metadesc":"","_aioseo_title":"","_aioseo_description":""},"product_brand":[],"product_cat":[111,158],"product_tag":[107,108],"class_list":{"0":"post-7727","1":"product","2":"type-product","3":"status-publish","4":"has-post-thumbnail","6":"product_cat-adoucisseur","7":"product_cat-avec-sel","8":"product_tag-particulier","9":"product_tag-professionnel","11":"first","12":"instock","13":"taxable","14":"shipping-taxable","15":"purchasable","16":"product-type-variable","17":"has-default-attributes"},"acf":[],"_links":{"self":[{"href":"https:\/\/www.aquacycle.be\/nl\/wp-json\/wp\/v2\/product\/7727","targetHints":{"allow":["GET"]}}],"collection":[{"href":"https:\/\/www.aquacycle.be\/nl\/wp-json\/wp\/v2\/product"}],"about":[{"href":"https:\/\/www.aquacycle.be\/nl\/wp-json\/wp\/v2\/types\/product"}],"replies":[{"embeddable":true,"href":"https:\/\/www.aquacycle.be\/nl\/wp-json\/wp\/v2\/comments?post=7727"}],"wp:featuredmedia":[{"embeddable":true,"href":"https:\/\/www.aquacycle.be\/nl\/wp-json\/wp\/v2\/media\/7524"}],"wp:attachment":[{"href":"https:\/\/www.aquacycle.be\/nl\/wp-json\/wp\/v2\/media?parent=7727"}],"wp:term":[{"taxonomy":"product_brand","embeddable":true,"href":"https:\/\/www.aquacycle.be\/nl\/wp-json\/wp\/v2\/product_brand?post=7727"},{"taxonomy":"product_cat","embeddable":true,"href":"https:\/\/www.aquacycle.be\/nl\/wp-json\/wp\/v2\/product_cat?post=7727"},{"taxonomy":"product_tag","embeddable":true,"href":"https:\/\/www.aquacycle.be\/nl\/wp-json\/wp\/v2\/product_tag?post=7727"}],"curies":[{"name":"wp","href":"https:\/\/api.w.org\/{rel}","templated":true}]}}