{"id":7720,"date":"2025-04-18T13:33:06","date_gmt":"2025-04-18T11:33:06","guid":{"rendered":"https:\/\/www.aquacycle.eu\/?post_type=product&#038;p=7720"},"modified":"2025-09-25T13:43:59","modified_gmt":"2025-09-25T11:43:59","slug":"dozongenerator-voor-ontsmettingswater","status":"publish","type":"product","link":"https:\/\/www.aquacycle.be\/nl\/onze-producten\/ozongenerator\/dozongenerator-voor-ontsmettingswater\/","title":{"rendered":"Ozongenerator voor \nontsmettend water"},"content":{"rendered":"<section class=\"translation-block\">Geen chemische producten meer nodig! Compacte en krachtige ozonator die water verrijkt met ozon en van nature desinfecterende eigenschappen geeft. Het ozonverrijkte water heeft een desinfectiekracht van ongeveer <strong>1,5x sterker<\/strong> dan een standaard reinigingsmiddel. Zonder verbruiksartikelen en zonder chemicali\u00ebn elimineert de Prozone <strong>bacteri\u00ebn, virussen en chemische residuen<\/strong> in \u00e9\u00e9n stap.\nDe ozonator wordt aan de muur naast uw wasmachine bevestigd en maakt het mogelijk om op een <strong>zuinige en milieuvriendelijke<\/strong> manier te wassen.<\/section>\n<section><\/section>\n<h5><strong>Voordelen van de Prozone<\/strong><\/h5>\n<ul>\n<li class=\"translation-block\"><strong>100% natuurlijke desinfectie<\/strong>: zet kraanwater om in een desinfecterende oplossing met ozon.<\/li>\n<li class=\"translation-block\"><strong>Zonder chemicali\u00ebn<\/strong>: geen reinigingsmiddel of verbruiksartikelen nodig.<\/li>\n<li class=\"translation-block\"><strong>Veelzijdig<\/strong>: desinfecteert oppervlakken, keukengerei, handen, fruit, groenten en zelfs drinkwater.<\/li>\n<li class=\"translation-block\"><strong>Milieuvriendelijk<\/strong>: ozon breekt op natuurlijke wijze af zonder te vervuilen.<\/li>\n<li class=\"translation-block\"><strong>Hoge effici\u00ebntie<\/strong>: verwijdert bacteri\u00ebn, virussen, pesticiden en sporen.<\/li>\n<\/ul>","protected":false},"excerpt":{"rendered":"<p>Plus besoin de produits chimiques\u202f! G\u00e9n\u00e9rateur d\u2019Ozone compact et puissant produisant une eau enrichie \u00e0 l&rsquo;Ozone avec des facult\u00e9s d\u00e9sinfectante naturelles. L\u2019eau enrichie \u00e0 l\u2019Ozone a un pouvoir d\u00e9sinfectant ~1,5x plus puissant qu\u2019un d\u00e9tergent classique. Sans consommables et sans produits chimiques, le Prozone \u00e9limine bact\u00e9ries, virus et r\u00e9sidus chimiques en un seul geste.Le g\u00e9n\u00e9rateur d\u2019Ozone [&hellip;]<\/p>","protected":false},"featured_media":8177,"comment_status":"open","ping_status":"closed","template":"","meta":{"_acf_changed":false,"_metasync_otto_title":"","_metasync_otto_description":"","_metasync_otto_keywords":"","_metasync_otto_og_title":"","_metasync_otto_og_description":"","_metasync_otto_twitter_title":"","_metasync_otto_twitter_description":"","rank_math_title":"G\u00e9n\u00e9rateur d'ozone | D\u00e9sinfection de l'eau sans produits chimiques","rank_math_description":"D\u00e9couvrez le g\u00e9n\u00e9rateur d'ozone Aquacycle pour une eau d\u00e9sinfectante efficace et \u00e9cologique, sans recourir aux produits chimiques.","_yoast_wpseo_title":"","_yoast_wpseo_metadesc":"","_aioseo_title":"","_aioseo_description":""},"product_brand":[],"product_cat":[207,183],"product_tag":[107,108],"class_list":{"0":"post-7720","1":"product","2":"type-product","3":"status-publish","4":"has-post-thumbnail","6":"product_cat-best-sellers","7":"product_cat-generateur-ozone","8":"product_tag-particulier","9":"product_tag-professionnel","11":"first","12":"instock","13":"taxable","14":"shipping-taxable","15":"purchasable","16":"product-type-simple"},"acf":[],"_links":{"self":[{"href":"https:\/\/www.aquacycle.be\/nl\/wp-json\/wp\/v2\/product\/7720","targetHints":{"allow":["GET"]}}],"collection":[{"href":"https:\/\/www.aquacycle.be\/nl\/wp-json\/wp\/v2\/product"}],"about":[{"href":"https:\/\/www.aquacycle.be\/nl\/wp-json\/wp\/v2\/types\/product"}],"replies":[{"embeddable":true,"href":"https:\/\/www.aquacycle.be\/nl\/wp-json\/wp\/v2\/comments?post=7720"}],"wp:featuredmedia":[{"embeddable":true,"href":"https:\/\/www.aquacycle.be\/nl\/wp-json\/wp\/v2\/media\/8177"}],"wp:attachment":[{"href":"https:\/\/www.aquacycle.be\/nl\/wp-json\/wp\/v2\/media?parent=7720"}],"wp:term":[{"taxonomy":"product_brand","embeddable":true,"href":"https:\/\/www.aquacycle.be\/nl\/wp-json\/wp\/v2\/product_brand?post=7720"},{"taxonomy":"product_cat","embeddable":true,"href":"https:\/\/www.aquacycle.be\/nl\/wp-json\/wp\/v2\/product_cat?post=7720"},{"taxonomy":"product_tag","embeddable":true,"href":"https:\/\/www.aquacycle.be\/nl\/wp-json\/wp\/v2\/product_tag?post=7720"}],"curies":[{"name":"wp","href":"https:\/\/api.w.org\/{rel}","templated":true}]}}