{"id":7699,"date":"2025-04-18T13:33:04","date_gmt":"2025-04-18T11:33:04","guid":{"rendered":"https:\/\/www.aquacycle.eu\/?post_type=product&#038;p=7699"},"modified":"2026-04-08T07:08:51","modified_gmt":"2026-04-08T05:08:51","slug":"de-meest-compacte-osmose-installatie-met-directe-doorstroming","status":"publish","type":"product","link":"https:\/\/www.aquacycle.be\/nl\/onze-producten\/osmose-installatie\/de-meest-compacte-osmose-installatie-met-directe-doorstroming\/","title":{"rendered":"De meest compacte osmose-filter met directe doorstroming"},"content":{"rendered":"<section>Osmoseur \u00e0 flux direct qui se d\u00e9marque par ses dimensions extr\u00eamement compactes.<br \/>\nPetit oui, mais aussi puissant, \u00e9cologique, facile \u00e0 entretenir et abordable.<br \/>\nCe mod\u00e8le est id\u00e9al pour ceux qui manquent d\u2019espace sous leurs \u00e9viers.<\/section>\n<p><strong>Avantages du Picos:<\/strong><\/p>\n<ul>\n<li>Omgekeerde osmose filtratie: verwijdert PFAS, pesticiden, medicijnresten, nitraten, chloor, virussen, bacteri\u00ebn, zware metalen, enz.<\/li>\n<li>Compact: 20 x 13 x 30 cm<\/li>\n<li>Krachtig: 75 L\/u of 1,3 L\/min (500 GPD)<\/li>\n<li>\u00c9co-responsable : 1 litre rejet\u00e9 pour 1 litre d&rsquo;eau osmos\u00e9e<\/li>\n<li>Eenvoudig onderhoud: slechts 1 cartridge te vervangen (minder dan 10 seconden per jaar)<\/li>\n<li>Directe doorstroming: geen tank<\/li>\n<li>Rin\u00e7age automatique<\/li>\n<\/ul>\n\t\t<div data-elementor-type=\"container\" data-elementor-id=\"7235\" class=\"elementor elementor-7235\" data-elementor-post-type=\"elementor_library\">\n\t\t\t\t<div class=\"elementor-element elementor-element-9361ccf e-flex e-con-boxed e-con e-parent\" data-id=\"9361ccf\" data-element_type=\"container\" data-settings=\"{&quot;jet_parallax_layout_list&quot;:[]}\">\n\t\t\t\t\t<div class=\"e-con-inner\">\n\t\t\t\t<div class=\"elementor-element elementor-element-93390c0 custom-button elementor-widget elementor-widget-button\" data-id=\"93390c0\" data-element_type=\"widget\" data-widget_type=\"button.default\">\n\t\t\t\t<div class=\"elementor-widget-container\">\n\t\t\t\t\t\t\t\t\t<div class=\"elementor-button-wrapper\">\n\t\t\t\t\t<a class=\"elementor-button elementor-button-link elementor-size-sm elementor-animation-shrink\" href=\"https:\/\/www.aquacycle.be\/wp-content\/uploads\/2026\/02\/260203_Comparatif-osmoseurs.png\" target=\"_blank\">\n\t\t\t\t\t\t<span class=\"elementor-button-content-wrapper\">\n\t\t\t\t\t\t\t\t\t<span class=\"elementor-button-text\">Vergelijking van onderbouw-osmosefilters<\/span>\n\t\t\t\t\t<\/span>\n\t\t\t\t\t<\/a>\n\t\t\t\t<\/div>\n\t\t\t\t\t\t\t\t<\/div>\n\t\t\t\t<\/div>\n\t\t\t\t\t<\/div>\n\t\t\t\t<\/div>\n\t\t\t\t<\/div>","protected":false},"excerpt":{"rendered":"<p>Osmoseur \u00e0 flux direct qui se d\u00e9marque par ses dimensions extr\u00eamement compactes. Petit oui, mais aussi puissant, \u00e9cologique, facile \u00e0 entretenir et abordable. Ce mod\u00e8le est id\u00e9al pour ceux qui manquent d\u2019espace sous leurs \u00e9viers. Avantages du Picos: Filtration par osmose inverse : \u00e9limine les PFAS, pesticides, r\u00e9sidus m\u00e9dicamenteux, nitrates, chlore, virus, bact\u00e9ries, m\u00e9taux lourds, [&hellip;]<\/p>","protected":false},"featured_media":12898,"comment_status":"open","ping_status":"closed","template":"","meta":{"_acf_changed":false,"_metasync_otto_title":"","_metasync_otto_description":"","_metasync_otto_keywords":"","_metasync_otto_og_title":"","_metasync_otto_og_description":"","_metasync_otto_twitter_title":"","_metasync_otto_twitter_description":"","rank_math_title":"","rank_math_description":"","_yoast_wpseo_title":"","_yoast_wpseo_metadesc":"","_aioseo_title":"","_aioseo_description":""},"product_brand":[],"product_cat":[113,115],"product_tag":[107],"class_list":{"0":"post-7699","1":"product","2":"type-product","3":"status-publish","4":"has-post-thumbnail","6":"product_cat-osmoseur","7":"product_cat-undercounter","8":"product_tag-particulier","10":"first","11":"instock","12":"taxable","13":"shipping-taxable","14":"purchasable","15":"product-type-variable","16":"has-default-attributes"},"acf":[],"_links":{"self":[{"href":"https:\/\/www.aquacycle.be\/nl\/wp-json\/wp\/v2\/product\/7699","targetHints":{"allow":["GET"]}}],"collection":[{"href":"https:\/\/www.aquacycle.be\/nl\/wp-json\/wp\/v2\/product"}],"about":[{"href":"https:\/\/www.aquacycle.be\/nl\/wp-json\/wp\/v2\/types\/product"}],"replies":[{"embeddable":true,"href":"https:\/\/www.aquacycle.be\/nl\/wp-json\/wp\/v2\/comments?post=7699"}],"wp:featuredmedia":[{"embeddable":true,"href":"https:\/\/www.aquacycle.be\/nl\/wp-json\/wp\/v2\/media\/12898"}],"wp:attachment":[{"href":"https:\/\/www.aquacycle.be\/nl\/wp-json\/wp\/v2\/media?parent=7699"}],"wp:term":[{"taxonomy":"product_brand","embeddable":true,"href":"https:\/\/www.aquacycle.be\/nl\/wp-json\/wp\/v2\/product_brand?post=7699"},{"taxonomy":"product_cat","embeddable":true,"href":"https:\/\/www.aquacycle.be\/nl\/wp-json\/wp\/v2\/product_cat?post=7699"},{"taxonomy":"product_tag","embeddable":true,"href":"https:\/\/www.aquacycle.be\/nl\/wp-json\/wp\/v2\/product_tag?post=7699"}],"curies":[{"name":"wp","href":"https:\/\/api.w.org\/{rel}","templated":true}]}}