{"id":5235,"date":"2025-03-04T15:11:36","date_gmt":"2025-03-04T14:11:36","guid":{"rendered":"https:\/\/www.aquacycle.eu\/?post_type=product&#038;p=5235"},"modified":"2026-04-08T07:11:48","modified_gmt":"2026-04-08T05:11:48","slug":"osmoseur-a-flux-direct-compact-remineralisation","status":"publish","type":"product","link":"https:\/\/www.aquacycle.be\/nl\/onze-producten\/osmose-installatie\/onderbouw\/osmoseur-a-flux-direct-compact-remineralisation\/","title":{"rendered":"Osmoseur \u00e0 flux direct compact avec remin\u00e9ralisation"},"content":{"rendered":"<section>De osmose-eenheid <strong>Optimos<\/strong> vous s\u00e9duira par sa taille compacte et son prix r\u00e9duit pour un mod\u00e8le \u00e0 flux direct.<br \/>\nLe flux direct facilite grandement l\u2019entretien gr\u00e2ce \u00e0 ses 2 filtres encapsul\u00e9s et emp\u00eache la contamination bact\u00e9riologique due \u00e0 une eau stagnante dans un r\u00e9servoir.<\/section>\n<h5><strong>Voordelen van Optimos :<\/strong><\/h5>\n<ul>\n<li>Filtratietechnologie die PFAS, pesticiden, medicijnresten, nitraten, chloor, virussen, bacteri\u00ebn, zware metalen, enz. elimineert.<\/li>\n<li>Eenvoudig te installeren met 3 aansluitingen.<\/li>\n<li>Hoog direct debiet: 1,5 L\/min.<\/li>\n<li>Milieuverantwoord: 1 liter geloosd water voor elke 1,5 liter omgekeerde osmosewater.<\/li>\n<li>Ergonomie: het compacte tankloze ontwerp vermindert de behoefte aan ruimte onder de gootsteen.<\/li>\n<li>Vereenvoudigd onderhoud: met de twee ingekapselde filters is onderhoud slechts een kwartslag nodig.<\/li>\n<li><b>Remin\u00e9ralisation int\u00e9gr\u00e9e (entre 10 et 15 mg\/l)<\/b><\/li>\n<\/ul>\n\t\t<div data-elementor-type=\"container\" data-elementor-id=\"7235\" class=\"elementor elementor-7235\" data-elementor-post-type=\"elementor_library\">\n\t\t\t\t<div class=\"elementor-element elementor-element-9361ccf e-flex e-con-boxed e-con e-parent\" data-id=\"9361ccf\" data-element_type=\"container\" data-settings=\"{&quot;jet_parallax_layout_list&quot;:[]}\">\n\t\t\t\t\t<div class=\"e-con-inner\">\n\t\t\t\t<div class=\"elementor-element elementor-element-93390c0 custom-button elementor-widget elementor-widget-button\" data-id=\"93390c0\" data-element_type=\"widget\" data-widget_type=\"button.default\">\n\t\t\t\t<div class=\"elementor-widget-container\">\n\t\t\t\t\t\t\t\t\t<div class=\"elementor-button-wrapper\">\n\t\t\t\t\t<a class=\"elementor-button elementor-button-link elementor-size-sm elementor-animation-shrink\" href=\"https:\/\/www.aquacycle.be\/wp-content\/uploads\/2026\/02\/260203_Comparatif-osmoseurs.png\" target=\"_blank\">\n\t\t\t\t\t\t<span class=\"elementor-button-content-wrapper\">\n\t\t\t\t\t\t\t\t\t<span class=\"elementor-button-text\">Vergelijking van onderbouw-osmosefilters<\/span>\n\t\t\t\t\t<\/span>\n\t\t\t\t\t<\/a>\n\t\t\t\t<\/div>\n\t\t\t\t\t\t\t\t<\/div>\n\t\t\t\t<\/div>\n\t\t\t\t\t<\/div>\n\t\t\t\t<\/div>\n\t\t\t\t<\/div>","protected":false},"excerpt":{"rendered":"<p>L\u2019osmoseur Optimos vous s\u00e9duira par sa taille compacte et son prix r\u00e9duit pour un mod\u00e8le \u00e0 flux direct. Le flux direct facilite grandement l\u2019entretien gr\u00e2ce \u00e0 ses 2 filtres encapsul\u00e9s et emp\u00eache la contamination bact\u00e9riologique due \u00e0 une eau stagnante dans un r\u00e9servoir. Avantages de l\u2019Optimos : Technologie de filtration \u00e9liminant les PFAS, pesticides, r\u00e9sidus [&hellip;]<\/p>","protected":false},"featured_media":13013,"comment_status":"open","ping_status":"closed","template":"","meta":{"_acf_changed":false,"_metasync_otto_title":"","_metasync_otto_description":"","_metasync_otto_keywords":"","_metasync_otto_og_title":"","_metasync_otto_og_description":"","_metasync_otto_twitter_title":"","_metasync_otto_twitter_description":"","rank_math_title":"","rank_math_description":"","_yoast_wpseo_title":"","_yoast_wpseo_metadesc":"","_aioseo_title":"","_aioseo_description":""},"product_brand":[],"product_cat":[113,115],"product_tag":[107],"class_list":{"0":"post-5235","1":"product","2":"type-product","3":"status-publish","4":"has-post-thumbnail","6":"product_cat-osmoseur","7":"product_cat-undercounter","8":"product_tag-particulier","10":"first","11":"instock","12":"featured","13":"taxable","14":"shipping-taxable","15":"purchasable","16":"product-type-variable","17":"has-default-attributes"},"acf":[],"_links":{"self":[{"href":"https:\/\/www.aquacycle.be\/nl\/wp-json\/wp\/v2\/product\/5235","targetHints":{"allow":["GET"]}}],"collection":[{"href":"https:\/\/www.aquacycle.be\/nl\/wp-json\/wp\/v2\/product"}],"about":[{"href":"https:\/\/www.aquacycle.be\/nl\/wp-json\/wp\/v2\/types\/product"}],"replies":[{"embeddable":true,"href":"https:\/\/www.aquacycle.be\/nl\/wp-json\/wp\/v2\/comments?post=5235"}],"wp:featuredmedia":[{"embeddable":true,"href":"https:\/\/www.aquacycle.be\/nl\/wp-json\/wp\/v2\/media\/13013"}],"wp:attachment":[{"href":"https:\/\/www.aquacycle.be\/nl\/wp-json\/wp\/v2\/media?parent=5235"}],"wp:term":[{"taxonomy":"product_brand","embeddable":true,"href":"https:\/\/www.aquacycle.be\/nl\/wp-json\/wp\/v2\/product_brand?post=5235"},{"taxonomy":"product_cat","embeddable":true,"href":"https:\/\/www.aquacycle.be\/nl\/wp-json\/wp\/v2\/product_cat?post=5235"},{"taxonomy":"product_tag","embeddable":true,"href":"https:\/\/www.aquacycle.be\/nl\/wp-json\/wp\/v2\/product_tag?post=5235"}],"curies":[{"name":"wp","href":"https:\/\/api.w.org\/{rel}","templated":true}]}}