{"id":5167,"date":"2025-03-04T15:10:14","date_gmt":"2025-03-04T14:10:14","guid":{"rendered":"https:\/\/www.aquacycle.eu\/?post_type=product&#038;p=5167"},"modified":"2026-04-08T07:13:11","modified_gmt":"2026-04-08T05:13:11","slug":"compacte-osmose-installatie-met-intelligente-karaf","status":"publish","type":"product","link":"https:\/\/www.aquacycle.be\/nl\/onze-producten\/osmose-installatie\/onderbouw\/compacte-osmose-installatie-met-intelligente-karaf\/","title":{"rendered":"Compacte osmosefilter met intelligente karaf"},"content":{"rendered":"<section class=\"translation-block\">Deze osmosefilter combineert een strak design met praktisch gebruik dankzij de intelligente karaf.\nHij vult automatisch een karaf op uw aanrecht.\n<\/br>Kies voor de <strong>Simpleos<\/strong> voor gezond water, eenvoudig gebruik en een compact ontwerp dat perfect past bij uw dagelijks leven.<\/section>\n<h5><strong>Voordelen van Simpleos :<\/strong><\/h5>\n<ul>\n<li>Filtratietechnologie die PFAS, pesticiden, medicijnresten, nitraten, chloor, virussen, bacteri\u00ebn, zware metalen, enz. elimineert.<\/li>\n<li>E\u00e9n alles-in-\u00e9\u00e9n cartridge: een ingenieus systeem dat alle filters en het membraan in \u00e9\u00e9n cartridge combineert om installatie en onderhoud te vereenvoudigen.<\/li>\n<li>Intelligente karaf: wordt automatisch bijgevuld zodra je jezelf hebt bediend.<\/li>\n<li>Ergonomie: het compacte ontwerp vermindert de behoefte aan ruimte onder de gootsteen.<\/li>\n<li>Vereenvoudigd onderhoud: met de enkele cartridge en karaf is onderhoud nog nooit zo eenvoudig geweest.<\/li>\n<\/ul>\n\t\t<div data-elementor-type=\"container\" data-elementor-id=\"7235\" class=\"elementor elementor-7235\" data-elementor-post-type=\"elementor_library\">\n\t\t\t\t<div class=\"elementor-element elementor-element-9361ccf e-flex e-con-boxed e-con e-parent\" data-id=\"9361ccf\" data-element_type=\"container\" data-settings=\"{&quot;jet_parallax_layout_list&quot;:[]}\">\n\t\t\t\t\t<div class=\"e-con-inner\">\n\t\t\t\t<div class=\"elementor-element elementor-element-93390c0 custom-button elementor-widget elementor-widget-button\" data-id=\"93390c0\" data-element_type=\"widget\" data-widget_type=\"button.default\">\n\t\t\t\t<div class=\"elementor-widget-container\">\n\t\t\t\t\t\t\t\t\t<div class=\"elementor-button-wrapper\">\n\t\t\t\t\t<a class=\"elementor-button elementor-button-link elementor-size-sm elementor-animation-shrink\" href=\"https:\/\/www.aquacycle.be\/wp-content\/uploads\/2026\/02\/260203_Comparatif-osmoseurs.png\" target=\"_blank\">\n\t\t\t\t\t\t<span class=\"elementor-button-content-wrapper\">\n\t\t\t\t\t\t\t\t\t<span class=\"elementor-button-text\">Vergelijking van onderbouw-osmosefilters<\/span>\n\t\t\t\t\t<\/span>\n\t\t\t\t\t<\/a>\n\t\t\t\t<\/div>\n\t\t\t\t\t\t\t\t<\/div>\n\t\t\t\t<\/div>\n\t\t\t\t\t<\/div>\n\t\t\t\t<\/div>\n\t\t\t\t<\/div>","protected":false},"excerpt":{"rendered":"<p>Cet osmoseur allie un design \u00e9pur\u00e9 \u00e0 une utilisation pratique gr\u00e2ce \u00e0 sa carafe intelligente. Il remplit automatiquement une carafe disponible sur votre plan de travail. Adoptez pour le Simpleos pour une eau saine, un usage facile et un style compact parfaitement adapt\u00e9 \u00e0 votre quotidien. Avantages du Simpleos : Technologie de filtration \u00e9liminant les [&hellip;]<\/p>","protected":false},"featured_media":13017,"comment_status":"open","ping_status":"closed","template":"","meta":{"_acf_changed":false,"_metasync_otto_title":"","_metasync_otto_description":"","_metasync_otto_keywords":"","_metasync_otto_og_title":"","_metasync_otto_og_description":"","_metasync_otto_twitter_title":"","_metasync_otto_twitter_description":"","rank_math_title":"Simpleos | Osmoseur Compact \u00e0 Carafe Intelligente - Aquacycle","rank_math_description":"D\u00e9couvrez l'osmoseur Simpleos d'Aquacycle, alliant design \u00e9pur\u00e9 et carafe intelligente pour un usage pratique au quotidien.","_yoast_wpseo_title":"","_yoast_wpseo_metadesc":"","_aioseo_title":"","_aioseo_description":""},"product_brand":[],"product_cat":[116,113,115],"product_tag":[107,108],"class_list":{"0":"post-5167","1":"product","2":"type-product","3":"status-publish","4":"has-post-thumbnail","6":"product_cat-fontaine","7":"product_cat-osmoseur","8":"product_cat-undercounter","9":"product_tag-particulier","10":"product_tag-professionnel","12":"first","13":"instock","14":"taxable","15":"shipping-taxable","16":"purchasable","17":"product-type-variable","18":"has-default-attributes"},"acf":[],"_links":{"self":[{"href":"https:\/\/www.aquacycle.be\/nl\/wp-json\/wp\/v2\/product\/5167","targetHints":{"allow":["GET"]}}],"collection":[{"href":"https:\/\/www.aquacycle.be\/nl\/wp-json\/wp\/v2\/product"}],"about":[{"href":"https:\/\/www.aquacycle.be\/nl\/wp-json\/wp\/v2\/types\/product"}],"replies":[{"embeddable":true,"href":"https:\/\/www.aquacycle.be\/nl\/wp-json\/wp\/v2\/comments?post=5167"}],"wp:featuredmedia":[{"embeddable":true,"href":"https:\/\/www.aquacycle.be\/nl\/wp-json\/wp\/v2\/media\/13017"}],"wp:attachment":[{"href":"https:\/\/www.aquacycle.be\/nl\/wp-json\/wp\/v2\/media?parent=5167"}],"wp:term":[{"taxonomy":"product_brand","embeddable":true,"href":"https:\/\/www.aquacycle.be\/nl\/wp-json\/wp\/v2\/product_brand?post=5167"},{"taxonomy":"product_cat","embeddable":true,"href":"https:\/\/www.aquacycle.be\/nl\/wp-json\/wp\/v2\/product_cat?post=5167"},{"taxonomy":"product_tag","embeddable":true,"href":"https:\/\/www.aquacycle.be\/nl\/wp-json\/wp\/v2\/product_tag?post=5167"}],"curies":[{"name":"wp","href":"https:\/\/api.w.org\/{rel}","templated":true}]}}