{"id":5016,"date":"2025-03-04T15:06:22","date_gmt":"2025-03-04T14:06:22","guid":{"rendered":"https:\/\/www.aquacycle.eu\/?post_type=product&#038;p=5016"},"modified":"2026-04-08T07:13:31","modified_gmt":"2026-04-08T05:13:31","slug":"tank-osmose-installatie-zonder-elektriciteit","status":"publish","type":"product","link":"https:\/\/www.aquacycle.be\/nl\/onze-producten\/osmose-installatie\/onderbouw\/tank-osmose-installatie-zonder-elektriciteit\/","title":{"rendered":"Elektriciteitsvrije osmosefilter met tank"},"content":{"rendered":"<section class=\"translation-block\">De meest economische osmosefilter, ideaal voor een klein budget.\nDeze compacte osmosefilter werkt <strong>zonder elektriciteit<\/strong>, op basis van de netdruk, terwijl hij een <strong>kwalitatieve filtratie<\/strong> garandeert.<\/section>\n<h5><strong>Voordelen van Basicos :<\/strong><\/h5>\n<ul>\n<li>5-traps filtratie: verwijdert PFAS, pesticiden, medicijnresten, nitraten, chloor, virussen, bacteri\u00ebn, zware metalen, enz.<\/li>\n<li>11-liter brandstoftank: biedt een nuttig volume van 7 liter.<\/li>\n<li>Vereenvoudigd onderhoud: automatisch aftappen vermindert de onderhoudsvereisten.<\/li>\n<li>Zonder elektriciteit.<\/li>\n<li>Standaardformaat filters.<\/li>\n<li>Certificeringen: RO gecertificeerd membraan <strong>NSF<\/strong> hoge kwaliteit. Gecertificeerde complete machine <strong>CE<\/strong>.<\/li>\n<\/ul>\n\t\t<div data-elementor-type=\"container\" data-elementor-id=\"7235\" class=\"elementor elementor-7235\" data-elementor-post-type=\"elementor_library\">\n\t\t\t\t<div class=\"elementor-element elementor-element-9361ccf e-flex e-con-boxed e-con e-parent\" data-id=\"9361ccf\" data-element_type=\"container\" data-settings=\"{&quot;jet_parallax_layout_list&quot;:[]}\">\n\t\t\t\t\t<div class=\"e-con-inner\">\n\t\t\t\t<div class=\"elementor-element elementor-element-93390c0 custom-button elementor-widget elementor-widget-button\" data-id=\"93390c0\" data-element_type=\"widget\" data-widget_type=\"button.default\">\n\t\t\t\t<div class=\"elementor-widget-container\">\n\t\t\t\t\t\t\t\t\t<div class=\"elementor-button-wrapper\">\n\t\t\t\t\t<a class=\"elementor-button elementor-button-link elementor-size-sm elementor-animation-shrink\" href=\"https:\/\/www.aquacycle.be\/wp-content\/uploads\/2026\/02\/260203_Comparatif-osmoseurs.png\" target=\"_blank\">\n\t\t\t\t\t\t<span class=\"elementor-button-content-wrapper\">\n\t\t\t\t\t\t\t\t\t<span class=\"elementor-button-text\">Vergelijking van onderbouw-osmosefilters<\/span>\n\t\t\t\t\t<\/span>\n\t\t\t\t\t<\/a>\n\t\t\t\t<\/div>\n\t\t\t\t\t\t\t\t<\/div>\n\t\t\t\t<\/div>\n\t\t\t\t\t<\/div>\n\t\t\t\t<\/div>\n\t\t\t\t<\/div>","protected":false},"excerpt":{"rendered":"<p>L&rsquo;osmoseur le plus \u00e9conomique, id\u00e9al pour les petits budgets.Cet osmoseur compact fonctionne sans \u00e9lectricit\u00e9, sur base de la pression du r\u00e9seau, tout en garantissant une filtration de qualit\u00e9. Avantages du Basicos : Filtration en 5 \u00e9tapes : \u00e9limine les PFAS, pesticides, r\u00e9sidus m\u00e9dicamenteux, nitrates, chlore, virus, bact\u00e9ries, m\u00e9taux lourds\u2026 R\u00e9servoir 11 litres : offre un [&hellip;]<\/p>","protected":false},"featured_media":7279,"comment_status":"open","ping_status":"closed","template":"","meta":{"_acf_changed":false,"_metasync_otto_title":"","_metasync_otto_description":"","_metasync_otto_keywords":"","_metasync_otto_og_title":"","_metasync_otto_og_description":"","_metasync_otto_twitter_title":"","_metasync_otto_twitter_description":"","rank_math_title":"","rank_math_description":"","_yoast_wpseo_title":"","_yoast_wpseo_metadesc":"","_aioseo_title":"","_aioseo_description":""},"product_brand":[],"product_cat":[113,115],"product_tag":[107],"class_list":{"0":"post-5016","1":"product","2":"type-product","3":"status-publish","4":"has-post-thumbnail","6":"product_cat-osmoseur","7":"product_cat-undercounter","8":"product_tag-particulier","10":"first","11":"instock","12":"featured","13":"taxable","14":"shipping-taxable","15":"purchasable","16":"product-type-variable","17":"has-default-attributes"},"acf":[],"_links":{"self":[{"href":"https:\/\/www.aquacycle.be\/nl\/wp-json\/wp\/v2\/product\/5016","targetHints":{"allow":["GET"]}}],"collection":[{"href":"https:\/\/www.aquacycle.be\/nl\/wp-json\/wp\/v2\/product"}],"about":[{"href":"https:\/\/www.aquacycle.be\/nl\/wp-json\/wp\/v2\/types\/product"}],"replies":[{"embeddable":true,"href":"https:\/\/www.aquacycle.be\/nl\/wp-json\/wp\/v2\/comments?post=5016"}],"wp:featuredmedia":[{"embeddable":true,"href":"https:\/\/www.aquacycle.be\/nl\/wp-json\/wp\/v2\/media\/7279"}],"wp:attachment":[{"href":"https:\/\/www.aquacycle.be\/nl\/wp-json\/wp\/v2\/media?parent=5016"}],"wp:term":[{"taxonomy":"product_brand","embeddable":true,"href":"https:\/\/www.aquacycle.be\/nl\/wp-json\/wp\/v2\/product_brand?post=5016"},{"taxonomy":"product_cat","embeddable":true,"href":"https:\/\/www.aquacycle.be\/nl\/wp-json\/wp\/v2\/product_cat?post=5016"},{"taxonomy":"product_tag","embeddable":true,"href":"https:\/\/www.aquacycle.be\/nl\/wp-json\/wp\/v2\/product_tag?post=5016"}],"curies":[{"name":"wp","href":"https:\/\/api.w.org\/{rel}","templated":true}]}}