{"id":13018,"date":"2026-03-31T10:18:24","date_gmt":"2026-03-31T08:18:24","guid":{"rendered":"https:\/\/www.aquacycle.be\/?post_type=product&#038;p=13018"},"modified":"2026-04-08T06:58:47","modified_gmt":"2026-04-08T04:58:47","slug":"osmoseur-a-flux-direct-haut-debit-et-remineralisation","status":"publish","type":"product","link":"https:\/\/www.aquacycle.be\/nl\/nos-produits\/osmoseur\/undercounter\/osmoseur-a-flux-direct-haut-debit-et-remineralisation\/","title":{"rendered":"Osmoseur flux direct, haut d\u00e9bit et remin\u00e9ralisation int\u00e9gr\u00e9e"},"content":{"rendered":"<p>Osmoseur \u00e0 flux direct tr\u00e8s puissant avec un d\u00e9bit de <strong>3.1 L\/min <\/strong>(sup\u00e9rieur \u00e0 celui des osmoseurs \u00e9quip\u00e9s d\u2019un r\u00e9servoir) !<\/p>\n<p>&nbsp;<\/p>\n<section class=\"product-description\">Son efficacit\u00e9 in\u00e9gal\u00e9e se traduit par un ratio d\u2019eau filtr\u00e9e exceptionnel de <strong>2L filtr\u00e9e pour 1L rejet\u00e9e<\/strong>.Le <strong>MINEROS 2.0<\/strong> est id\u00e9al pour les foyers exigeants \u00e0 la recherche d&rsquo;une eau pure et riche en min\u00e9raux.<\/section>\n<section><\/section>\n<section class=\"product-description\">Gr\u00e2ce au <strong>postfiltre<\/strong>, votre eau est enrichie en calcium, magn\u00e9sium et potassium pour une eau plus riche et savoureuse.Installation facile (<strong>plug &amp; play<\/strong>), cartouches clipsables sans outil, design moderne et faible encombrement : tout est pens\u00e9 pour la simplicit\u00e9.<\/p>\n<h4>Avantages du MINEROS 2.0 :<\/h4>\n<ul>\n<li>Technologie de filtration \u00e9liminant les PFAS, pesticides, r\u00e9sidus m\u00e9dicamenteux,<br \/>\nnitrates, chlore, virus, bact\u00e9ries, m\u00e9taux lourds&#8230;<\/li>\n<li>Ergonomie : design compact sans r\u00e9servoir r\u00e9duisant le besoin d\u2019espace sous l\u2019\u00e9vier.<\/li>\n<li>Eenvoudig te installeren met 3 aansluitingen.<\/li>\n<li>Haut d\u00e9bit en flux direct : <strong>3.1 L\/min<\/strong>.<\/li>\n<li>\u00c9co-responsable : seulement <strong>0,5 L rejet\u00e9e pour 1 L filtr\u00e9e<\/strong>.<\/li>\n<li>Remin\u00e9ralisation int\u00e9gr\u00e9e : \u00b120 mg\/l de min\u00e9raux essentiels ajout\u00e9s.<\/li>\n<li>Certification : membrane de marque <strong>OSPURA<\/strong> certifi\u00e9e NSF\/ANSI.<\/li>\n<li>Entretien simplifi\u00e9 : filtres encapsul\u00e9s rempla\u00e7ables en un quart de tour.<br \/>\nIndicateurs LED signalant le remplacement des cartouches.<\/li>\n<\/ul>\n<\/section>\n\t\t<div data-elementor-type=\"container\" data-elementor-id=\"7235\" class=\"elementor elementor-7235\" data-elementor-post-type=\"elementor_library\">\n\t\t\t\t<div class=\"elementor-element elementor-element-9361ccf e-flex e-con-boxed e-con e-parent\" data-id=\"9361ccf\" data-element_type=\"container\" data-e-type=\"container\" data-settings=\"{&quot;jet_parallax_layout_list&quot;:[]}\">\n\t\t\t\t\t<div class=\"e-con-inner\">\n\t\t\t\t<div class=\"elementor-element elementor-element-93390c0 custom-button elementor-widget elementor-widget-button\" data-id=\"93390c0\" data-element_type=\"widget\" data-e-type=\"widget\" data-widget_type=\"button.default\">\n\t\t\t\t<div class=\"elementor-widget-container\">\n\t\t\t\t\t\t\t\t\t<div class=\"elementor-button-wrapper\">\n\t\t\t\t\t<a class=\"elementor-button elementor-button-link elementor-size-sm elementor-animation-shrink\" href=\"https:\/\/www.aquacycle.be\/wp-content\/uploads\/2026\/04\/260427_Comparatif-osmoseur-undercounter.jpg\" target=\"_blank\">\n\t\t\t\t\t\t<span class=\"elementor-button-content-wrapper\">\n\t\t\t\t\t\t\t\t\t<span class=\"elementor-button-text\">Vergelijking van onderbouw-osmosefilters<\/span>\n\t\t\t\t\t<\/span>\n\t\t\t\t\t<\/a>\n\t\t\t\t<\/div>\n\t\t\t\t\t\t\t\t<\/div>\n\t\t\t\t<\/div>\n\t\t\t\t\t<\/div>\n\t\t\t\t<\/div>\n\t\t\t\t<\/div>","protected":false},"excerpt":{"rendered":"<p>Osmoseur \u00e0 flux direct tr\u00e8s puissant avec un d\u00e9bit de 3.1 L\/min (sup\u00e9rieur \u00e0 celui des osmoseurs \u00e9quip\u00e9s d\u2019un r\u00e9servoir) ! &nbsp; Son efficacit\u00e9 in\u00e9gal\u00e9e se traduit par un ratio d\u2019eau filtr\u00e9e exceptionnel de 2L filtr\u00e9e pour 1L rejet\u00e9e.Le MINEROS 2.0 est id\u00e9al pour les foyers exigeants \u00e0 la recherche d&rsquo;une eau pure et riche [&hellip;]<\/p>\n","protected":false},"featured_media":13055,"comment_status":"open","ping_status":"closed","template":"","meta":{"_acf_changed":false,"_metasync_otto_title":"","_metasync_otto_description":"","_metasync_otto_keywords":"","_metasync_otto_og_title":"","_metasync_otto_og_description":"","_metasync_otto_twitter_title":"","_metasync_otto_twitter_description":"","rank_math_title":"","rank_math_description":"","_yoast_wpseo_title":"","_yoast_wpseo_metadesc":"","_aioseo_title":"","_aioseo_description":"","_metasync_seo_title":"","_metasync_seo_desc":"","_metasync_breadcrumb_title":"","_metasync_primary_category":0,"_metasync_primary_product_cat":0,"_metasync_otto_disabled":"","_metasync_hreflang":"","_metasync_plugin_sync_ts":"","_metasync_robots_advanced":""},"product_brand":[],"product_cat":[207,113,115],"product_tag":[205,107,108],"class_list":{"0":"post-13018","1":"product","2":"type-product","3":"status-publish","4":"has-post-thumbnail","6":"product_cat-best-sellers","7":"product_cat-osmoseur","8":"product_cat-undercounter","9":"product_tag-best-seller","10":"product_tag-particulier","11":"product_tag-professionnel","13":"first","14":"instock","15":"featured","16":"taxable","17":"shipping-taxable","18":"purchasable","19":"product-type-variable","20":"has-default-attributes"},"acf":[],"_links":{"self":[{"href":"https:\/\/www.aquacycle.be\/nl\/wp-json\/wp\/v2\/product\/13018","targetHints":{"allow":["GET"]}}],"collection":[{"href":"https:\/\/www.aquacycle.be\/nl\/wp-json\/wp\/v2\/product"}],"about":[{"href":"https:\/\/www.aquacycle.be\/nl\/wp-json\/wp\/v2\/types\/product"}],"replies":[{"embeddable":true,"href":"https:\/\/www.aquacycle.be\/nl\/wp-json\/wp\/v2\/comments?post=13018"}],"wp:featuredmedia":[{"embeddable":true,"href":"https:\/\/www.aquacycle.be\/nl\/wp-json\/wp\/v2\/media\/13055"}],"wp:attachment":[{"href":"https:\/\/www.aquacycle.be\/nl\/wp-json\/wp\/v2\/media?parent=13018"}],"wp:term":[{"taxonomy":"product_brand","embeddable":true,"href":"https:\/\/www.aquacycle.be\/nl\/wp-json\/wp\/v2\/product_brand?post=13018"},{"taxonomy":"product_cat","embeddable":true,"href":"https:\/\/www.aquacycle.be\/nl\/wp-json\/wp\/v2\/product_cat?post=13018"},{"taxonomy":"product_tag","embeddable":true,"href":"https:\/\/www.aquacycle.be\/nl\/wp-json\/wp\/v2\/product_tag?post=13018"}],"curies":[{"name":"wp","href":"https:\/\/api.w.org\/{rel}","templated":true}]}}