{"id":11787,"date":"2025-11-06T13:56:27","date_gmt":"2025-11-06T12:56:27","guid":{"rendered":"https:\/\/www.aquacycle.be\/?post_type=product&#038;p=11787"},"modified":"2026-02-05T15:10:01","modified_gmt":"2026-02-05T14:10:01","slug":"robinet-3-voies-corps-souple-inox","status":"publish","type":"product","link":"https:\/\/www.aquacycle.be\/nl\/onze-producten\/accessoires\/tik-op\/robinet-3-voies-corps-souple-inox\/","title":{"rendered":"Kraan - 3-weg - roestvrij staal flexibel lichaam"},"content":{"rendered":"<section>\n<h3>Robinet 3 voies \u00e0 corps souple inox \u2013 Pratique et robuste<\/h3>\n<p>De <strong>col de cygne souple en inox <\/strong>vous permet un rin\u00e7age facile et pr\u00e9cis de votre \u00e9vier.<\/p>\n<p>Deze kraan is ontworpen met een <strong>messing kraag<\/strong> en een <strong>zinklegering basis.<\/strong>,<br \/>\nalliant robustesse et durabilit\u00e9.<\/p>\n<p>Geluid <strong>keramisch mechanisme<\/strong> is zeer betrouwbaar, terwijl zijn<br \/>\n<strong>rubberen afdichtingen<\/strong> voor een perfecte afdichting garandeert.<\/p>\n<h3>Beschikbare soorten kranen<\/h3>\n<ul>\n<li><strong>1-wegkraan :<\/strong> bestemd voor osmosewater. Het wordt toegevoegd aan de bestaande mengkraan.<br \/>\n<em>De spoelbak of het werkblad moet worden geboord<\/em> voor de installatie ervan.<\/li>\n<li><strong>3-wegkraan :<\/strong> Boren is niet meer nodig.\r\nHiermee kunt u<br \/>\n<strong>warm en koud water<\/strong> en <strong>osmosewater<\/strong> via \u00e9\u00e9n enkele kraan.<\/li>\n<\/ul>\n<p><!-- Int\u00e9gration du mod\u00e8le Elementor --><\/p>\n<div>\t\t<div data-elementor-type=\"container\" data-elementor-id=\"7104\" class=\"elementor elementor-7104\" data-elementor-post-type=\"elementor_library\">\n\t\t\t\t<div class=\"elementor-element elementor-element-9361ccf e-flex e-con-boxed e-con e-parent\" data-id=\"9361ccf\" data-element_type=\"container\" data-settings=\"{&quot;jet_parallax_layout_list&quot;:[]}\">\n\t\t\t\t\t<div class=\"e-con-inner\">\n\t\t\t\t<div class=\"elementor-element elementor-element-93390c0 custom-button elementor-widget elementor-widget-button\" data-id=\"93390c0\" data-element_type=\"widget\" data-widget_type=\"button.default\">\n\t\t\t\t<div class=\"elementor-widget-container\">\n\t\t\t\t\t\t\t\t\t<div class=\"elementor-button-wrapper\">\n\t\t\t\t\t<a class=\"elementor-button elementor-button-link elementor-size-sm elementor-animation-shrink\" href=\"https:\/\/www.aquacycle.be\/wp-content\/uploads\/2026\/02\/260203_Comparatif-robinets.png\" target=\"_blank\">\n\t\t\t\t\t\t<span class=\"elementor-button-content-wrapper\">\n\t\t\t\t\t\t\t\t\t<span class=\"elementor-button-text\">Kranen vergelijking<\/span>\n\t\t\t\t\t<\/span>\n\t\t\t\t\t<\/a>\n\t\t\t\t<\/div>\n\t\t\t\t\t\t\t\t<\/div>\n\t\t\t\t<\/div>\n\t\t\t\t\t<\/div>\n\t\t\t\t<\/div>\n\t\t\t\t<\/div>\n\t\t<\/div>\n<\/section>","protected":false},"excerpt":{"rendered":"<p>Robinet 3 voies \u00e0 corps souple inox \u2013 Pratique et robuste Le col de cygne souple en inox vous permet un rin\u00e7age facile et pr\u00e9cis de votre \u00e9vier. Ce robinet est con\u00e7u avec un col en laiton et une base en alliage de zinc, alliant robustesse et durabilit\u00e9. Son m\u00e9canisme en c\u00e9ramique garantit une grande [&hellip;]<\/p>","protected":false},"featured_media":11671,"comment_status":"open","ping_status":"closed","template":"","meta":{"_acf_changed":false,"_metasync_otto_title":"","_metasync_otto_description":"","_metasync_otto_keywords":"","_metasync_otto_og_title":"","_metasync_otto_og_description":"","_metasync_otto_twitter_title":"","_metasync_otto_twitter_description":"","rank_math_title":"","rank_math_description":"Le col de cygne souple en inox vous permet un rin\u00e7age facile et pr\u00e9cis de votre \u00e9vier avec le robinet 3 voies.","_yoast_wpseo_title":"","_yoast_wpseo_metadesc":"","_aioseo_title":"","_aioseo_description":""},"product_brand":[],"product_cat":[110,202],"product_tag":[107,108],"class_list":{"0":"post-11787","1":"product","2":"type-product","3":"status-publish","4":"has-post-thumbnail","6":"product_cat-accessoires","7":"product_cat-robinet","8":"product_tag-particulier","9":"product_tag-professionnel","11":"first","12":"instock","13":"taxable","14":"shipping-taxable","15":"purchasable","16":"product-type-simple"},"acf":[],"_links":{"self":[{"href":"https:\/\/www.aquacycle.be\/nl\/wp-json\/wp\/v2\/product\/11787","targetHints":{"allow":["GET"]}}],"collection":[{"href":"https:\/\/www.aquacycle.be\/nl\/wp-json\/wp\/v2\/product"}],"about":[{"href":"https:\/\/www.aquacycle.be\/nl\/wp-json\/wp\/v2\/types\/product"}],"replies":[{"embeddable":true,"href":"https:\/\/www.aquacycle.be\/nl\/wp-json\/wp\/v2\/comments?post=11787"}],"wp:featuredmedia":[{"embeddable":true,"href":"https:\/\/www.aquacycle.be\/nl\/wp-json\/wp\/v2\/media\/11671"}],"wp:attachment":[{"href":"https:\/\/www.aquacycle.be\/nl\/wp-json\/wp\/v2\/media?parent=11787"}],"wp:term":[{"taxonomy":"product_brand","embeddable":true,"href":"https:\/\/www.aquacycle.be\/nl\/wp-json\/wp\/v2\/product_brand?post=11787"},{"taxonomy":"product_cat","embeddable":true,"href":"https:\/\/www.aquacycle.be\/nl\/wp-json\/wp\/v2\/product_cat?post=11787"},{"taxonomy":"product_tag","embeddable":true,"href":"https:\/\/www.aquacycle.be\/nl\/wp-json\/wp\/v2\/product_tag?post=11787"}],"curies":[{"name":"wp","href":"https:\/\/api.w.org\/{rel}","templated":true}]}}