{"id":11785,"date":"2025-11-06T13:56:27","date_gmt":"2025-11-06T12:56:27","guid":{"rendered":"https:\/\/www.aquacycle.be\/?post_type=product&#038;p=11785"},"modified":"2026-02-05T15:27:07","modified_gmt":"2026-02-05T14:27:07","slug":"robinet-3-voies-avec-douchette","status":"publish","type":"product","link":"https:\/\/www.aquacycle.be\/nl\/onze-producten\/accessoires\/tik-op\/robinet-3-voies-avec-douchette\/","title":{"rendered":"Kraan - 3 manieren - Handdouche"},"content":{"rendered":"<section>\n<h3>Robinet \u00e0 design simple et \u00e9pur\u00e9<\/h3>\n<p>Apportez une touche d\u2019\u00e9l\u00e9gance \u00e0 l\u2019\u00e9l\u00e9ment visible de votre osmoseur: <strong>le robinet ! <\/strong><br \/>\nCe robinet est con\u00e7u en acier inoxydable, finition chrome, alliant robustesse et \u00e9l\u00e9gance.<\/p>\n<p>L\u2019atout de ce mod\u00e8le? <strong>Une douchette,<\/strong><br \/>\nvous permettant de facilement remplir vos r\u00e9cipients et nettoyer votre \u00e9vier.<br \/>\nUn v\u00e9ritable confort au quotidien!<\/p>\n<h3>Beschikbare soorten kranen<\/h3>\n<ul>\n<li><strong>1-wegkraan :<\/strong> bestemd voor osmosewater. Het wordt toegevoegd aan de bestaande mengkraan.<br \/>\n<em>De spoelbak of het werkblad moet worden geboord<\/em> voor de installatie ervan.<\/li>\n<li><strong>3-wegkraan :<\/strong> Boren is niet meer nodig.\r\nHiermee kunt u<br \/>\n<strong>warm en koud water<\/strong> en <strong>osmosewater<\/strong> via \u00e9\u00e9n enkele kraan.<\/li>\n<\/ul>\n<p><!-- Int\u00e9gration du mod\u00e8le Elementor --><\/p>\n<div>\t\t<div data-elementor-type=\"container\" data-elementor-id=\"7104\" class=\"elementor elementor-7104\" data-elementor-post-type=\"elementor_library\">\n\t\t\t\t<div class=\"elementor-element elementor-element-9361ccf e-flex e-con-boxed e-con e-parent\" data-id=\"9361ccf\" data-element_type=\"container\" data-settings=\"{&quot;jet_parallax_layout_list&quot;:[]}\">\n\t\t\t\t\t<div class=\"e-con-inner\">\n\t\t\t\t<div class=\"elementor-element elementor-element-93390c0 custom-button elementor-widget elementor-widget-button\" data-id=\"93390c0\" data-element_type=\"widget\" data-widget_type=\"button.default\">\n\t\t\t\t<div class=\"elementor-widget-container\">\n\t\t\t\t\t\t\t\t\t<div class=\"elementor-button-wrapper\">\n\t\t\t\t\t<a class=\"elementor-button elementor-button-link elementor-size-sm elementor-animation-shrink\" href=\"https:\/\/www.aquacycle.be\/wp-content\/uploads\/2026\/02\/260203_Comparatif-robinets.png\" target=\"_blank\">\n\t\t\t\t\t\t<span class=\"elementor-button-content-wrapper\">\n\t\t\t\t\t\t\t\t\t<span class=\"elementor-button-text\">Kranen vergelijking<\/span>\n\t\t\t\t\t<\/span>\n\t\t\t\t\t<\/a>\n\t\t\t\t<\/div>\n\t\t\t\t\t\t\t\t<\/div>\n\t\t\t\t<\/div>\n\t\t\t\t\t<\/div>\n\t\t\t\t<\/div>\n\t\t\t\t<\/div>\n\t\t<\/div>\n<\/section>","protected":false},"excerpt":{"rendered":"<p>Robinet \u00e0 design simple et \u00e9pur\u00e9 Apportez une touche d\u2019\u00e9l\u00e9gance \u00e0 l\u2019\u00e9l\u00e9ment visible de votre osmoseur: le robinet ! Ce robinet est con\u00e7u en acier inoxydable, finition chrome, alliant robustesse et \u00e9l\u00e9gance. L\u2019atout de ce mod\u00e8le? Une douchette, vous permettant de facilement remplir vos r\u00e9cipients et nettoyer votre \u00e9vier. Un v\u00e9ritable confort au quotidien! Types [&hellip;]<\/p>","protected":false},"featured_media":11665,"comment_status":"open","ping_status":"closed","template":"","meta":{"_acf_changed":false,"_metasync_otto_title":"","_metasync_otto_description":"","_metasync_otto_keywords":"","_metasync_otto_og_title":"","_metasync_otto_og_description":"","_metasync_otto_twitter_title":"","_metasync_otto_twitter_description":"","rank_math_title":"Robinet 3 voies avec douchette - Aquacycle","rank_math_description":"Apportez une touche d'\u00e9l\u00e9gance \u00e0 votre cuisine avec le robinet 3 voies avec douchette, con\u00e7u en acier inoxydable et finition chrome.","_yoast_wpseo_title":"","_yoast_wpseo_metadesc":"","_aioseo_title":"","_aioseo_description":""},"product_brand":[],"product_cat":[110,202],"product_tag":[107,108],"class_list":{"0":"post-11785","1":"product","2":"type-product","3":"status-publish","4":"has-post-thumbnail","6":"product_cat-accessoires","7":"product_cat-robinet","8":"product_tag-particulier","9":"product_tag-professionnel","11":"first","12":"instock","13":"taxable","14":"shipping-taxable","15":"purchasable","16":"product-type-simple"},"acf":[],"_links":{"self":[{"href":"https:\/\/www.aquacycle.be\/nl\/wp-json\/wp\/v2\/product\/11785","targetHints":{"allow":["GET"]}}],"collection":[{"href":"https:\/\/www.aquacycle.be\/nl\/wp-json\/wp\/v2\/product"}],"about":[{"href":"https:\/\/www.aquacycle.be\/nl\/wp-json\/wp\/v2\/types\/product"}],"replies":[{"embeddable":true,"href":"https:\/\/www.aquacycle.be\/nl\/wp-json\/wp\/v2\/comments?post=11785"}],"wp:featuredmedia":[{"embeddable":true,"href":"https:\/\/www.aquacycle.be\/nl\/wp-json\/wp\/v2\/media\/11665"}],"wp:attachment":[{"href":"https:\/\/www.aquacycle.be\/nl\/wp-json\/wp\/v2\/media?parent=11785"}],"wp:term":[{"taxonomy":"product_brand","embeddable":true,"href":"https:\/\/www.aquacycle.be\/nl\/wp-json\/wp\/v2\/product_brand?post=11785"},{"taxonomy":"product_cat","embeddable":true,"href":"https:\/\/www.aquacycle.be\/nl\/wp-json\/wp\/v2\/product_cat?post=11785"},{"taxonomy":"product_tag","embeddable":true,"href":"https:\/\/www.aquacycle.be\/nl\/wp-json\/wp\/v2\/product_tag?post=11785"}],"curies":[{"name":"wp","href":"https:\/\/api.w.org\/{rel}","templated":true}]}}