{"id":11602,"date":"2025-10-10T21:16:26","date_gmt":"2025-10-10T19:16:26","guid":{"rendered":"https:\/\/www.aquacycle.be\/?post_type=product&#038;p=11602"},"modified":"2026-02-03T14:45:10","modified_gmt":"2026-02-03T13:45:10","slug":"kit-entretien-1an","status":"publish","type":"product","link":"https:\/\/www.aquacycle.be\/nl\/onze-producten\/accessoires\/onderhoudskits\/kit-entretien-1an\/","title":{"rendered":"Kit entretien pr\u00e9filtres"},"content":{"rendered":"<div>\n<h2>Kit entretien Basicos\/Classicos : 1 an<\/h2>\n<p>Onderhoudskits van <strong>Aquacycle<\/strong> zijn speciaal ontworpen om je te voorzien van alle filters, membranen en cartridges die je nodig hebt, terwijl je op de lange termijn geld bespaart.<\/p>\n<p>Alle filters zijn van het merk <strong>Ecosoft<\/strong>die membranen gebruiken van <strong>Filmtec.<\/strong>Ze worden wereldwijd erkend als producten van de hoogste kwaliteit.<\/p>\n<p>Bestel je kit, speciaal ontworpen om alle filters te groeperen die nodig zijn om de levensduur van je osmosefilters te garanderen gedurende een periode van <b>1an.<\/b><\/p>\n<p><strong>Ce kit comprend ne comprend pas de membrane osmostique.<\/strong><\/p>\n<p>\ud83d\udccc <strong>Controleer compatibiliteit:<\/strong> Controleer voor het plaatsen van je bestelling of het geselecteerde model overeenkomt met je osmose-installatie.<\/p>\n\t\t<div data-elementor-type=\"container\" data-elementor-id=\"12438\" class=\"elementor elementor-12438\" data-elementor-post-type=\"elementor_library\">\n\t\t\t\t<div class=\"elementor-element elementor-element-9361ccf e-flex e-con-boxed e-con e-parent\" data-id=\"9361ccf\" data-element_type=\"container\" data-settings=\"{&quot;jet_parallax_layout_list&quot;:[]}\">\n\t\t\t\t\t<div class=\"e-con-inner\">\n\t\t\t\t<div class=\"elementor-element elementor-element-93390c0 custom-button elementor-widget elementor-widget-button\" data-id=\"93390c0\" data-element_type=\"widget\" data-widget_type=\"button.default\">\n\t\t\t\t<div class=\"elementor-widget-container\">\n\t\t\t\t\t\t\t\t\t<div class=\"elementor-button-wrapper\">\n\t\t\t\t\t<a class=\"elementor-button elementor-button-link elementor-size-sm elementor-animation-shrink\" href=\"https:\/\/www.aquacycle.be\/wp-content\/uploads\/2026\/02\/260203_Comparatif-kit-entretien.jpg\" target=\"_blank\">\n\t\t\t\t\t\t<span class=\"elementor-button-content-wrapper\">\n\t\t\t\t\t\t\t\t\t<span class=\"elementor-button-text\">Comparatif kit entretien<\/span>\n\t\t\t\t\t<\/span>\n\t\t\t\t\t<\/a>\n\t\t\t\t<\/div>\n\t\t\t\t\t\t\t\t<\/div>\n\t\t\t\t<\/div>\n\t\t\t\t\t<\/div>\n\t\t\t\t<\/div>\n\t\t\t\t<\/div>\n\t\t\n<\/div>","protected":false},"excerpt":{"rendered":"<p>Kit entretien Basicos\/Classicos : 1 an Les kits entretien Aquacycle sont sp\u00e9cialement con\u00e7us pour vous fournir l\u2019ensemble des filtres, membranes et cartouches n\u00e9cessaires, tout en vous permettant de r\u00e9aliser des \u00e9conomies sur le long terme. Tous les filtres sont de marque Ecosoft, qui utilise les membranes Filmtec, mondialement reconnues comme \u00e9tant de la meilleure qualit\u00e9. [&hellip;]<\/p>","protected":false},"featured_media":11603,"comment_status":"open","ping_status":"closed","template":"","meta":{"_acf_changed":false,"_metasync_otto_title":"","_metasync_otto_description":"","_metasync_otto_keywords":"","_metasync_otto_og_title":"","_metasync_otto_og_description":"","_metasync_otto_twitter_title":"","_metasync_otto_twitter_description":"","rank_math_title":"","rank_math_description":"","_yoast_wpseo_title":"","_yoast_wpseo_metadesc":"","_aioseo_title":"","_aioseo_description":""},"product_brand":[],"product_cat":[110,201],"product_tag":[107],"class_list":{"0":"post-11602","1":"product","2":"type-product","3":"status-publish","4":"has-post-thumbnail","6":"product_cat-accessoires","7":"product_cat-kits-entretien","8":"product_tag-particulier","10":"first","11":"instock","12":"taxable","13":"shipping-taxable","14":"purchasable","15":"product-type-simple"},"acf":[],"_links":{"self":[{"href":"https:\/\/www.aquacycle.be\/nl\/wp-json\/wp\/v2\/product\/11602","targetHints":{"allow":["GET"]}}],"collection":[{"href":"https:\/\/www.aquacycle.be\/nl\/wp-json\/wp\/v2\/product"}],"about":[{"href":"https:\/\/www.aquacycle.be\/nl\/wp-json\/wp\/v2\/types\/product"}],"replies":[{"embeddable":true,"href":"https:\/\/www.aquacycle.be\/nl\/wp-json\/wp\/v2\/comments?post=11602"}],"wp:featuredmedia":[{"embeddable":true,"href":"https:\/\/www.aquacycle.be\/nl\/wp-json\/wp\/v2\/media\/11603"}],"wp:attachment":[{"href":"https:\/\/www.aquacycle.be\/nl\/wp-json\/wp\/v2\/media?parent=11602"}],"wp:term":[{"taxonomy":"product_brand","embeddable":true,"href":"https:\/\/www.aquacycle.be\/nl\/wp-json\/wp\/v2\/product_brand?post=11602"},{"taxonomy":"product_cat","embeddable":true,"href":"https:\/\/www.aquacycle.be\/nl\/wp-json\/wp\/v2\/product_cat?post=11602"},{"taxonomy":"product_tag","embeddable":true,"href":"https:\/\/www.aquacycle.be\/nl\/wp-json\/wp\/v2\/product_tag?post=11602"}],"curies":[{"name":"wp","href":"https:\/\/api.w.org\/{rel}","templated":true}]}}