{"id":11145,"date":"2025-08-11T14:28:51","date_gmt":"2025-08-11T12:28:51","guid":{"rendered":"https:\/\/www.aquacycle.be\/?post_type=product&#038;p=11145"},"modified":"2026-04-20T11:17:19","modified_gmt":"2026-04-20T09:17:19","slug":"directe-osmose-installatie-met-hoog-debiet-5l-min","status":"publish","type":"product","link":"https:\/\/www.aquacycle.be\/nl\/onze-producten\/osmose-installatie\/directe-osmose-installatie-met-hoog-debiet-5l-min\/","title":{"rendered":"Directe doorstroming osmosefilter met hoog debiet 5L\/min"},"content":{"rendered":"<p><span style=\"color: #000000;\">De osmose-eenheid <strong>Olympos <\/strong>De directe doorstroming is voor wie niet van wachten houdt, met een recordstroomsnelheid van 5,2 l\/min.<\/span><\/p>\n<p><span style=\"color: #000000;\">Eenvoudig te installeren (plug &amp; play), eenvoudig te onderhouden bajonetpatronen, modern, compact ontwerp: alles is ontworpen voor eenvoud.<\/span><\/p>\n<p><span style=\"color: #000000;\">Ideaal voor grote gezinnen, topkeukens of winkels.<\/span><\/p>\n<h5><span style=\"color: #000000;\"><strong>Voordelen van Olympos :<\/strong><\/span><\/h5>\n<ul>\n<li><span style=\"color: #000000;\"><strong>Filtratie<\/strong>\u00a0Verwijdert PFAS, pesticiden, medicijnresten, nitraten, chloor, virussen, bacteri\u00ebn en zware metalen.<\/span><\/li>\n<li><span style=\"color: #000000;\"><strong>Stroom :<\/strong> 5,2 l\/min (2000 GPD)<\/span><\/li>\n<li><span style=\"color: #000000;\"><strong>Ergonomie : \u00a0<\/strong>Compact tankloos ontwerp (vermindert de behoefte aan ruimte onder de gootsteen).<\/span><\/li>\n<li><span style=\"color: #000000;\"><strong>TDS<\/strong> Real-time TDS-weergave op het osmoseapparaat<\/span><\/li>\n<li><span style=\"color: #000000;\"><strong>LED-waarschuwing<\/strong>\u00a0filters vervangen<\/span><\/li>\n<li><span style=\"color: #000000;\"><strong>Vereenvoudigd onderhoud :<\/strong>\u00a0Met zijn 3 bajonetfilters vergt onderhoud slechts een kwartslag (2 minuten\/jaar).<\/span><\/li>\n<li><span style=\"color: #000000;\"><strong>Eco-verantwoordelijk :<\/strong> slechts 0,5 L afgekeurd voor 1 L gefilterd.<\/span><\/li>\n<\/ul>\n\t\t<div data-elementor-type=\"container\" data-elementor-id=\"7235\" class=\"elementor elementor-7235\" data-elementor-post-type=\"elementor_library\">\n\t\t\t\t<div class=\"elementor-element elementor-element-9361ccf e-flex e-con-boxed e-con e-parent\" data-id=\"9361ccf\" data-element_type=\"container\" data-settings=\"{&quot;jet_parallax_layout_list&quot;:[]}\">\n\t\t\t\t\t<div class=\"e-con-inner\">\n\t\t\t\t<div class=\"elementor-element elementor-element-93390c0 custom-button elementor-widget elementor-widget-button\" data-id=\"93390c0\" data-element_type=\"widget\" data-widget_type=\"button.default\">\n\t\t\t\t<div class=\"elementor-widget-container\">\n\t\t\t\t\t\t\t\t\t<div class=\"elementor-button-wrapper\">\n\t\t\t\t\t<a class=\"elementor-button elementor-button-link elementor-size-sm elementor-animation-shrink\" href=\"https:\/\/www.aquacycle.be\/wp-content\/uploads\/2026\/04\/260427_Comparatif-osmoseur-undercounter.jpg\" target=\"_blank\">\n\t\t\t\t\t\t<span class=\"elementor-button-content-wrapper\">\n\t\t\t\t\t\t\t\t\t<span class=\"elementor-button-text\">Vergelijking van onderbouw-osmosefilters<\/span>\n\t\t\t\t\t<\/span>\n\t\t\t\t\t<\/a>\n\t\t\t\t<\/div>\n\t\t\t\t\t\t\t\t<\/div>\n\t\t\t\t<\/div>\n\t\t\t\t\t<\/div>\n\t\t\t\t<\/div>\n\t\t\t\t<\/div>","protected":false},"excerpt":{"rendered":"<p>L\u2019osmoseur Olympos \u00e0 flux direct est fait pour ceux qui n&rsquo;aiment pas attendre avec un d\u00e9bit record de 5.2L\/min. Installation facile (plug &amp; play), cartouches \u00e0 ba\u00efonnettes simples \u00e0 entretenir, design moderne et compact : tout est pens\u00e9 pour la simplicit\u00e9. Id\u00e9al pour familles nombreuses, cuisines haut de gamme ou commerces. Avantages de l&rsquo;Olympos : [&hellip;]<\/p>","protected":false},"featured_media":10396,"comment_status":"open","ping_status":"closed","template":"","meta":{"_acf_changed":false,"_metasync_otto_title":"","_metasync_otto_description":"","_metasync_otto_keywords":"","_metasync_otto_og_title":"","_metasync_otto_og_description":"","_metasync_otto_twitter_title":"","_metasync_otto_twitter_description":"","rank_math_title":"","rank_math_description":"","_yoast_wpseo_title":"","_yoast_wpseo_metadesc":"","_aioseo_title":"","_aioseo_description":""},"product_brand":[],"product_cat":[113,115],"product_tag":[107],"class_list":{"0":"post-11145","1":"product","2":"type-product","3":"status-publish","4":"has-post-thumbnail","6":"product_cat-osmoseur","7":"product_cat-undercounter","8":"product_tag-particulier","10":"first","11":"instock","12":"taxable","13":"shipping-taxable","14":"purchasable","15":"product-type-variable","16":"has-default-attributes"},"acf":[],"_links":{"self":[{"href":"https:\/\/www.aquacycle.be\/nl\/wp-json\/wp\/v2\/product\/11145","targetHints":{"allow":["GET"]}}],"collection":[{"href":"https:\/\/www.aquacycle.be\/nl\/wp-json\/wp\/v2\/product"}],"about":[{"href":"https:\/\/www.aquacycle.be\/nl\/wp-json\/wp\/v2\/types\/product"}],"replies":[{"embeddable":true,"href":"https:\/\/www.aquacycle.be\/nl\/wp-json\/wp\/v2\/comments?post=11145"}],"wp:featuredmedia":[{"embeddable":true,"href":"https:\/\/www.aquacycle.be\/nl\/wp-json\/wp\/v2\/media\/10396"}],"wp:attachment":[{"href":"https:\/\/www.aquacycle.be\/nl\/wp-json\/wp\/v2\/media?parent=11145"}],"wp:term":[{"taxonomy":"product_brand","embeddable":true,"href":"https:\/\/www.aquacycle.be\/nl\/wp-json\/wp\/v2\/product_brand?post=11145"},{"taxonomy":"product_cat","embeddable":true,"href":"https:\/\/www.aquacycle.be\/nl\/wp-json\/wp\/v2\/product_cat?post=11145"},{"taxonomy":"product_tag","embeddable":true,"href":"https:\/\/www.aquacycle.be\/nl\/wp-json\/wp\/v2\/product_tag?post=11145"}],"curies":[{"name":"wp","href":"https:\/\/api.w.org\/{rel}","templated":true}]}}