{"id":6409,"date":"2025-04-01T14:10:32","date_gmt":"2025-04-01T12:10:32","guid":{"rendered":"https:\/\/www.aquacycle.eu\/?page_id=6409"},"modified":"2025-07-22T10:49:07","modified_gmt":"2025-07-22T08:49:07","slug":"juridische-informatie","status":"publish","type":"page","link":"https:\/\/www.aquacycle.be\/nl\/juridische-informatie\/","title":{"rendered":"Juridische informatie"},"content":{"rendered":"<div data-elementor-type=\"wp-page\" data-elementor-id=\"6409\" class=\"elementor elementor-6409\" data-elementor-post-type=\"page\">\n\t\t\t\t<div class=\"elementor-element elementor-element-436eeec e-con-full e-flex e-con e-parent\" data-id=\"436eeec\" data-element_type=\"container\" data-settings=\"{&quot;jet_parallax_layout_list&quot;:[],&quot;background_background&quot;:&quot;classic&quot;}\">\n\t\t<div class=\"elementor-element elementor-element-f689835 e-con-full e-flex e-con e-child\" data-id=\"f689835\" data-element_type=\"container\" data-settings=\"{&quot;background_background&quot;:&quot;classic&quot;,&quot;jet_parallax_layout_list&quot;:[]}\">\n\t\t<div class=\"elementor-element elementor-element-fd4cdc9 e-flex e-con-boxed e-con e-child\" data-id=\"fd4cdc9\" data-element_type=\"container\" data-settings=\"{&quot;jet_parallax_layout_list&quot;:[]}\">\n\t\t\t\t\t<div class=\"e-con-inner\">\n\t\t\t\t<div class=\"elementor-element elementor-element-5e6ceca elementor-widget elementor-widget-heading\" data-id=\"5e6ceca\" data-element_type=\"widget\" data-widget_type=\"heading.default\">\n\t\t\t\t<div class=\"elementor-widget-container\">\n\t\t\t\t\t<h1 class=\"elementor-heading-title elementor-size-default\">Juridische informatie<\/h1>\t\t\t\t<\/div>\n\t\t\t\t<\/div>\n\t\t\t\t\t<\/div>\n\t\t\t\t<\/div>\n\t\t\t\t<\/div>\n\t\t\t\t<\/div>\n\t\t<div class=\"elementor-element elementor-element-58896ac e-flex e-con-boxed e-con e-parent\" data-id=\"58896ac\" data-element_type=\"container\" data-settings=\"{&quot;jet_parallax_layout_list&quot;:[]}\">\n\t\t\t\t\t<div class=\"e-con-inner\">\n\t\t\t\t<div class=\"elementor-element elementor-element-7c9739d elementor-widget elementor-widget-text-editor\" data-id=\"7c9739d\" data-element_type=\"widget\" data-widget_type=\"text-editor.default\">\n\t\t\t\t<div class=\"elementor-widget-container\">\n\t\t\t\t\t\t\t\t\t<h4><span style=\"color: #000000;\"><span style=\"font-size: large;\"><u><b>Algemeen<\/b><\/u><\/span><\/span><\/h4>\n<p><span style=\"font-size: medium;\">Wij zijn van mening dat de bescherming van de privacy van onze klanten essentieel is en wanneer wij uw persoonsgegevens verwerken, doen wij dit in overeenstemming met de bepalingen van de Algemene Verordening Gegevensbescherming van 27 april 2016 en de Belgische wet van 8 december 1992 tot bescherming van de persoonlijke levenssfeer ten opzichte van de verwerking van persoonsgegevens.<\/span><\/p>\n<p><span style=\"font-size: medium;\">Deze pagina beschrijft het beleid dat wordt toegepast op de website www.aquacycle.be met betrekking tot de bescherming van gegevens met betrekking tot privacy en de verwerking van informatie die wordt verzameld tijdens en na uw bezoek aan deze website.<\/span><\/p>\n<p><span style=\"font-size: medium;\">Lees deze privacyverklaring zorgvuldig en neem kennis van de inhoud. Eventuele aanpassingen in de toekomst kunnen niet worden uitgesloten. We vragen je daarom deze privacyverklaring regelmatig te lezen, zodat je op de hoogte blijft van eventuele wijzigingen.<\/span><\/p>\n<h4><a name=\"_smddb35f9fve\"><\/a> <span style=\"color: #000000;\"><span style=\"font-size: large;\"><u><b>Goedkeuring<\/b><\/u><\/span><\/span><\/h4>\n<p><span style=\"font-size: medium;\">Door gebruik te maken van onze website, onze diensten en onze producten, accepteert u dat sommige van uw persoonlijke gegevens automatisch worden verzameld en verwerkt in overeenstemming met de hieronder beschreven doeleinden.<\/span><\/p>\n<h4><a name=\"_8vin9hgw38ty\"><\/a> <span style=\"color: #000000;\"><span style=\"font-size: large;\"><u><b>Doel van de verwerking van persoonlijke gegevens<\/b><\/u><\/span><\/span><\/h4>\n<p><span style=\"font-size: medium;\">Wanneer u zich registreert op deze website en\/of een bestelling plaatst, wordt u gevraagd een aantal persoonlijke gegevens te verstrekken. Deze persoonsgegevens zijn nodig voor het goed functioneren van de webwinkel, zoals het verwerken van uw bestelling, het corresponderen met u en het verbeteren van onze dienstverlening. De gegevens worden gebruikt om de door u bestelde goederen en diensten te leveren.<\/span><\/p>\n<p><span style=\"font-size: medium;\">Deze persoonsgegevens worden verwerkt om aan uw verwachtingen te voldoen en om ons in staat te stellen uw vragen te beantwoorden en om de website en de aan u aangeboden diensten of producten voortdurend te verbeteren en aan te passen aan uw behoeften. In dit verband behouden wij ons het recht voor om uw gegevens te gebruiken voor marktonderzoek en tevredenheidsonderzoeken of voor de ontwikkeling van diensten of producten, eventueel met behulp van onderaannemers.<\/span><\/p>\n<p><span style=\"font-size: medium;\">Met behulp van deze gegevens kunnen we u ook [via informatiebrochures die elektronisch of per post worden verstuurd] en andere commerci\u00eble informatie aanbieden over nieuwe diensten of producten, promoties, voordelen, enz.<\/span><\/p>\n<p><span style=\"font-size: medium;\">Als u geen reclame van ons wilt ontvangen, kunt u zich op elk gewenst moment afmelden van onze mailinglijst.<\/span><\/p>\n<p><span style=\"font-size: medium;\">Daarnaast herkent onze webserver automatisch [uw IP-adres | uw domeinnaam] telkens wanneer u onze website bezoekt.<\/span><\/p>\n<h4><a name=\"_c238ub5m8p3q\"><\/a> <span style=\"color: #000000;\"><span style=\"font-size: large;\"><u><b>Verwerking van persoonsgegevens en personen met toegang tot verwerkte gegevens<\/b><\/u><\/span><\/span><\/h4>\n<p><span style=\"font-size: medium;\">De verstrekte gegevens zullen worden opgenomen in de bestanden van Aquacycle SRL. Ze worden alleen verwerkt voor zover dat nodig is voor de uitvoering van de overeenkomst die u met Aquacycle SRL bent aangegaan.<\/span><\/p>\n<p><span style=\"font-size: medium;\">We kunnen de informatie die u ons hebt verstrekt verzamelen en combineren met informatie die we uit andere bronnen hebben verkregen. Hierdoor kunnen we de nauwkeurigheid en volledigheid van de informatie verbeteren en ons contact met u beter afstemmen.<\/span><\/p>\n<p><span style=\"font-size: medium;\">We kunnen ook informatie verzamelen over uw gebruik van onze websites. Hiervoor gebruiken we verschillende technieken, waaronder cookies.<\/span><\/p>\n<h4><a name=\"_pkkbpx789586\"><\/a> <span style=\"color: #000000;\"><span style=\"font-size: large;\"><u><b>Wettelijke basis voor behandeling<\/b><\/u><\/span><\/span><\/h4>\n<p><span style=\"font-size: medium;\">Gegevens worden verwerkt in overeenstemming met de volgende wettelijke bepalingen:<\/span><\/p>\n<p>- <span style=\"font-size: medium;\">uw toestemming om onze website te bezoeken.<br>- een contractuele relatie wanneer u onze diensten of producten koopt.<\/span><\/p>\n<p><span style=\"font-size: medium;\">Als u bezwaar maakt tegen de verwerking van uw gegevens, voldoet u niet langer aan onze overeenkomst en kunt u dus geen gebruik meer maken van onze diensten.<\/span><\/p>\n<h4><a name=\"_oyragc3r38gd\"><\/a> <span style=\"color: #000000;\"><span style=\"font-size: large;\"><u><b>Gegevens delen<\/b><\/u><\/span><\/span><\/h4>\n<p><span style=\"font-size: medium;\">We delen uw persoonlijke gegevens met uw toestemming of, indien nodig, om een transactie af te ronden of een product te leveren dat u hebt besteld.<\/span><\/p>\n<p><span style=\"font-size: medium;\">Wanneer u uw betalingsgegevens verstrekt om een aankoop te doen, delen wij deze gegevens met banken en andere entiteiten die betalingstransacties verwerken of andere financi\u00eble diensten verlenen, alsmede om fraude te voorkomen en kredietrisico te verminderen.<\/span><\/p>\n<p><span style=\"font-size: medium;\">Uw persoonlijke gegevens worden niet verkocht, doorgegeven aan derden of openbaar gemaakt. Uw gegevens worden ook niet doorgegeven aan bedrijven buiten de Europese Unie.<\/span><\/p>\n<p><span style=\"font-size: medium;\">Aquacycle SRL behoudt zich het recht voor om uw gegevens te gebruiken of openbaar te maken wanneer dit noodzakelijk is om de integriteit van de website te beschermen, wanneer dit wettelijk vereist is, wanneer verwerking van vitaal belang voor u is, wanneer verwerking in het algemeen belang is of wanneer verwerking noodzakelijk is om een legitiem belang te beschermen.<\/span><\/p>\n<p><span style=\"font-size: medium;\">Ten slotte kunnen wij, voor zover u ons daarvoor vooraf uitdrukkelijk toestemming hebt gegeven, uw persoonsgegevens meedelen aan leveranciers die contractueel met ons verbonden zijn en die diensten of producten aanbieden die u kunnen interesseren.<\/span><\/p>\n<p><span style=\"font-size: medium;\">U kunt uw toestemming te allen tijde intrekken.<\/span><\/p>\n<h4><a name=\"_v3ou6zfhqy6z\"><\/a> <span style=\"color: #333333;\"><span style=\"font-size: large;\"><u><b>Uw rechten met betrekking tot de door ons verzamelde gegevens<\/b><\/u><\/span><\/span><\/h4>\n<p><span style=\"color: #333333;\"><span style=\"font-size: medium;\">In overeenstemming met de Algemene Verordening Gegevensbescherming hebt u het recht om uw persoonlijke gegevens in te zien, te wijzigen en te verwijderen. U hebt ook het recht om bezwaar te maken tegen de verwerking van uw gegevens binnen de grenzen van de wet. U hebt het recht om uw gegevens door te geven aan een derde partij.<\/span><\/span><\/p>\n<p><span style=\"color: #333333;\"><span style=\"font-size: medium;\">Je kunt je rechten uitoefenen:<br>- of door een brief te sturen naar <\/span><\/span><span style=\"font-size: medium;\">rue de Tourinnes 1, 1325 Chaumont-Gistoux <\/span><span style=\"color: #333333;\"><span style=\"font-size: medium;\"> of per post naar <\/span><\/span><span style=\"font-size: medium;\">info@aquacycle.testing.8trust.com<\/span><span style=\"color: #333333;\"><span style=\"font-size: medium;\"><br>- of, indien van toepassing, door uw account op onze site te raadplegen.<\/span><\/span><\/p>\n<p><span style=\"color: #333333;\"><span style=\"font-size: medium;\">Je hebt ook de mogelijkheid om het ontvangen van nieuwsbrieven en andere commerci\u00eble informatie te weigeren door op de link \"Uitschrijven\" in elke mailing te klikken.<\/span><\/span><\/p>\n<p><span style=\"color: #333333;\"><span style=\"font-size: medium;\">Wanneer u gebruik maakt van het recht om u te verzetten tegen de overdracht van uw gegevens voor direct marketing, geldt dit recht alleen voor het e-mailadres dat u hebt opgegeven. Als u commerci\u00eble e-mails ontvangt op meerdere e-mailadressen, moet u zich dus meerdere keren afmelden. Als u zich per post wilt afmelden, moet u duidelijk alle e-mailadressen aangeven die u wilt deactiveren.<\/span><\/span><\/p>\n<h4><a name=\"_7kt6u7nc3a1h\"><\/a> <span style=\"color: #000000;\"><span style=\"font-size: large;\"><u><b>Duur van de opslag van uw gegevens<\/b><\/u><\/span><\/span><\/h4>\n<p><span style=\"font-size: medium;\">Aquacycle SRL bewaart uw persoonsgegevens niet langer dan noodzakelijk is voor het doel waarvoor deze zijn bestemd dan wel op grond van de wet ter zake is vereist. <\/span><\/p>\n<h4><a name=\"_cjadefhuqm4a\"><\/a> <span style=\"color: #000000;\"><span style=\"font-size: large;\"><u><b>Veiligheid en vertrouwelijkheid<\/b><\/u><\/span><\/span><\/h4>\n<p><span style=\"font-size: medium;\">Wij zetten ons in om de vertrouwelijkheid van uw persoonlijke gegevens te waarborgen en hebben veiligheidsmaatregelen getroffen om verlies, misbruik of vervalsing van dergelijke gegevens te voorkomen.<\/span><\/p>\n<h4><a name=\"_ek2om9uho4l6\"><\/a> <span style=\"color: #000000;\"><span style=\"font-size: large;\"><u><b>Details van de controller en processor<\/b><\/u><\/span><\/span><\/h4>\n<p><span style=\"color: #333333;\"><span style=\"font-size: medium;\">Uw gegevens worden verwerkt door <\/span><\/span><span style=\"font-size: medium;\">Aquacycle SRL<\/span><span style=\"color: #333333;\"><span style=\"font-size: medium;\">. U kunt contact met ons opnemen door een e-mail te sturen naar het volgende adres <\/span><\/span><span style=\"font-size: medium;\">info@aquacycle.testing.8trust.com<\/span><\/p>\n<h4><a name=\"_uquyv1q0kj3p\"><\/a> <span style=\"color: #000000;\"><span style=\"font-size: large;\"><u><b>Cookies<\/b><\/u><\/span><\/span><\/h4>\n<p><span style=\"font-size: medium;\">Cookies zijn kleine bestanden die via deze website tijdelijk op uw harde schijf worden opgeslagen. Deze kleine bestanden maken het surfen gemakkelijker en dragen in hoge mate bij aan de gebruiksvriendelijkheid van de site. Als u op onze site surft, kunnen er cookies op uw computer worden ge\u00efnstalleerd. Deze cookies vereenvoudigen uw bezoek en verbeteren de ergonomie van de dialoog.<\/span><\/p>\n<p><span style=\"font-size: medium;\">Als u door de browser op de hoogte wilt worden gesteld wanneer een cookie wordt verzonden, kunt u de instellingen van uw browser aanpassen. U kunt de installatie van deze cookies op uw computer weigeren, maar een dergelijke weigering kan u vervolgens de toegang tot bepaalde diensten op deze websites ontzeggen.<\/span><\/p>\n<p><span style=\"font-size: medium;\">Als u geen cookies wilt ontvangen, kunt u in uw browserinstellingen kiezen voor \"Ik accepteer geen cookies\". U ontvangt dan geen cookies meer. Dit kan echter leiden tot verlies van functionaliteit en gebruiksvriendelijkheid van de website.<\/span><\/p>\n<h4><a name=\"_6u13uswu5ban\"><\/a> <span style=\"color: #000000;\"><span style=\"font-size: large;\"><u><b>Koppelingen naar andere websites<\/b><\/u><\/span><\/span><\/h4>\n<p><span style=\"font-size: medium;\">De links op de website zijn uitsluitend ter informatie. Ondanks zorgvuldige controle wordt geen aansprakelijkheid aanvaard voor de inhoud van externe links of voor de naleving van een privacybeleid dat identiek is aan het tot op heden vastgestelde beleid. Wanneer u op externe links klikt, wordt u geadviseerd het privacybeleid van de betreffende site te lezen.<\/span><\/p>\t\t\t\t\t\t\t\t<\/div>\n\t\t\t\t<\/div>\n\t\t\t\t\t<\/div>\n\t\t\t\t<\/div>\n\t\t\t\t<\/div>","protected":false},"excerpt":{"rendered":"<p>Mentions l\u00e9gales G\u00e9n\u00e9ralit\u00e9s Nous sommes convaincus que la protection de la vie priv\u00e9e de nos clients est essentielle et, lorsque que nous traitons vos donn\u00e9es \u00e0 caract\u00e8re personnel, nous le faisons conform\u00e9ment aux dispositions du R\u00e8glement g\u00e9n\u00e9ral sur la protection des donn\u00e9es du 27 avril 2016 et de la Loi belge du 8 d\u00e9cembre 1992 [&hellip;]<\/p>","protected":false},"author":1,"featured_media":0,"parent":0,"menu_order":0,"comment_status":"closed","ping_status":"closed","template":"","meta":{"_acf_changed":false,"_metasync_otto_title":"","_metasync_otto_description":"","_metasync_otto_keywords":"","_metasync_otto_og_title":"","_metasync_otto_og_description":"","_metasync_otto_twitter_title":"","_metasync_otto_twitter_description":"","rank_math_title":"","rank_math_description":"","_yoast_wpseo_title":"","_yoast_wpseo_metadesc":"","_aioseo_title":"","_aioseo_description":"","footnotes":""},"class_list":["post-6409","page","type-page","status-publish","hentry"],"acf":[],"_links":{"self":[{"href":"https:\/\/www.aquacycle.be\/nl\/wp-json\/wp\/v2\/pages\/6409","targetHints":{"allow":["GET"]}}],"collection":[{"href":"https:\/\/www.aquacycle.be\/nl\/wp-json\/wp\/v2\/pages"}],"about":[{"href":"https:\/\/www.aquacycle.be\/nl\/wp-json\/wp\/v2\/types\/page"}],"author":[{"embeddable":true,"href":"https:\/\/www.aquacycle.be\/nl\/wp-json\/wp\/v2\/users\/1"}],"replies":[{"embeddable":true,"href":"https:\/\/www.aquacycle.be\/nl\/wp-json\/wp\/v2\/comments?post=6409"}],"version-history":[{"count":0,"href":"https:\/\/www.aquacycle.be\/nl\/wp-json\/wp\/v2\/pages\/6409\/revisions"}],"wp:attachment":[{"href":"https:\/\/www.aquacycle.be\/nl\/wp-json\/wp\/v2\/media?parent=6409"}],"curies":[{"name":"wp","href":"https:\/\/api.w.org\/{rel}","templated":true}]}}