{"id":15,"date":"2024-11-25T11:06:26","date_gmt":"2024-11-25T10:06:26","guid":{"rendered":"https:\/\/www.aquacycle.be\/panier\/"},"modified":"2025-09-30T14:45:23","modified_gmt":"2025-09-30T12:45:23","slug":"mand","status":"publish","type":"page","link":"https:\/\/www.aquacycle.be\/nl\/mand\/","title":{"rendered":"Winkelwagen"},"content":{"rendered":"<div data-elementor-type=\"wp-page\" data-elementor-id=\"15\" class=\"elementor elementor-15\" data-elementor-post-type=\"page\">\n\t\t\t\t<div class=\"elementor-element elementor-element-74540979 e-con-full e-flex e-con e-parent\" data-id=\"74540979\" data-element_type=\"container\" data-settings=\"{&quot;jet_parallax_layout_list&quot;:[],&quot;background_background&quot;:&quot;classic&quot;}\">\n\t\t<div class=\"elementor-element elementor-element-3788c03c e-flex e-con-boxed e-con e-child\" data-id=\"3788c03c\" data-element_type=\"container\" data-settings=\"{&quot;jet_parallax_layout_list&quot;:[]}\">\n\t\t\t\t\t<div class=\"e-con-inner\">\n\t\t<div class=\"elementor-element elementor-element-6af4ceb5 e-flex e-con-boxed e-con e-child\" data-id=\"6af4ceb5\" data-element_type=\"container\" data-settings=\"{&quot;jet_parallax_layout_list&quot;:[],&quot;background_background&quot;:&quot;classic&quot;}\">\n\t\t\t\t\t<div class=\"e-con-inner\">\n\t\t\t\t<div class=\"elementor-element elementor-element-a9eb45b elementor-widget elementor-widget-spacer\" data-id=\"a9eb45b\" data-element_type=\"widget\" data-widget_type=\"spacer.default\">\n\t\t\t\t<div class=\"elementor-widget-container\">\n\t\t\t\t\t\t\t<div class=\"elementor-spacer\">\n\t\t\t<div class=\"elementor-spacer-inner\"><\/div>\n\t\t<\/div>\n\t\t\t\t\t\t<\/div>\n\t\t\t\t<\/div>\n\t\t\t\t<div class=\"elementor-element elementor-element-436c6ade elementor-widget elementor-widget-heading\" data-id=\"436c6ade\" data-element_type=\"widget\" data-widget_type=\"heading.default\">\n\t\t\t\t<div class=\"elementor-widget-container\">\n\t\t\t\t\t<h1 class=\"elementor-heading-title elementor-size-default\">Winkelwagen<\/h1>\t\t\t\t<\/div>\n\t\t\t\t<\/div>\n\t\t\t\t<div class=\"elementor-element elementor-element-1d93cb9 timeline elementor-widget elementor-widget-jet-horizontal-timeline\" data-id=\"1d93cb9\" data-element_type=\"widget\" data-settings=\"{&quot;columns&quot;:4,&quot;columns_tablet&quot;:2,&quot;columns_mobile&quot;:1}\" data-widget_type=\"jet-horizontal-timeline.default\">\n\t\t\t\t<div class=\"elementor-widget-container\">\n\t\t\t\t\t<div class=\"elementor-jet-horizontal-timeline jet-elements\">\n<div class=\"jet-hor-timeline jet-hor-timeline--layout-top jet-hor-timeline--align-center jet-hor-timeline--scroll-bar\">\n\t<div class=\"jet-hor-timeline-inner\">\n\t\t<div class=\"jet-hor-timeline-track\">\n\t\t\t<div class=\"jet-hor-timeline-list jet-hor-timeline-list--top\">\n<div class=\"jet-hor-timeline-item elementor-repeater-item-ac93784 is-active\" data-item-id=\"ac93784\">\n\t\t\t\n<div class=\"jet-hor-timeline-item__card\">\n\t<div class=\"jet-hor-timeline-item__card-inner\">\n\t\t\t<\/div>\n\t\t\t<div class=\"jet-hor-timeline-item__card-arrow\"><\/div>\n\t<\/div>\n\t<\/div>\n\n<div class=\"jet-hor-timeline-item elementor-repeater-item-1147ae9\" data-item-id=\"1147ae9\">\n\t\t\t\n<div class=\"jet-hor-timeline-item__card\">\n\t<div class=\"jet-hor-timeline-item__card-inner\">\n\t\t\t<\/div>\n\t\t\t<div class=\"jet-hor-timeline-item__card-arrow\"><\/div>\n\t<\/div>\n\t<\/div>\n\n<div class=\"jet-hor-timeline-item elementor-repeater-item-38820b9\" data-item-id=\"38820b9\">\n\t\t\t\n<div class=\"jet-hor-timeline-item__card\">\n\t<div class=\"jet-hor-timeline-item__card-inner\">\n\t\t\t<\/div>\n\t\t\t<div class=\"jet-hor-timeline-item__card-arrow\"><\/div>\n\t<\/div>\n\t<\/div>\n\n<div class=\"jet-hor-timeline-item elementor-repeater-item-e227ebf\" data-item-id=\"e227ebf\">\n\t\t\t\n<div class=\"jet-hor-timeline-item__card\">\n\t<div class=\"jet-hor-timeline-item__card-inner\">\n\t\t\t<\/div>\n\t\t\t<div class=\"jet-hor-timeline-item__card-arrow\"><\/div>\n\t<\/div>\n\t<\/div>\n<\/div>\t\t\t<div class=\"jet-hor-timeline-list jet-hor-timeline-list--middle\">\n\t<div class=\"jet-hor-timeline__line\"><\/div>\n\n<div class=\"jet-hor-timeline-item elementor-repeater-item-ac93784 is-active\" data-item-id=\"ac93784\">\n\t<div class=\"jet-hor-timeline-item__point\"><div class=\"jet-hor-timeline-item__point-content\"><span class=\"jet-elements-icon\"><svg aria-hidden=\"true\" class=\"e-font-icon-svg e-fas-cart-arrow-down\" viewbox=\"0 0 576 512\" xmlns=\"http:\/\/www.w3.org\/2000\/svg\"><path d=\"M504.717 320H211.572l6.545 32h268.418c15.401 0 26.816 14.301 23.403 29.319l-5.517 24.276C523.112 414.668 536 433.828 536 456c0 31.202-25.519 56.444-56.824 55.994-29.823-.429-54.35-24.631-55.155-54.447-.44-16.287 6.085-31.049 16.803-41.548H231.176C241.553 426.165 248 440.326 248 456c0 31.813-26.528 57.431-58.67 55.938-28.54-1.325-51.751-24.385-53.251-52.917-1.158-22.034 10.436-41.455 28.051-51.586L93.883 64H24C10.745 64 0 53.255 0 40V24C0 10.745 10.745 0 24 0h102.529c11.401 0 21.228 8.021 23.513 19.19L159.208 64H551.99c15.401 0 26.816 14.301 23.403 29.319l-47.273 208C525.637 312.246 515.923 320 504.717 320zM403.029 192H360v-60c0-6.627-5.373-12-12-12h-24c-6.627 0-12 5.373-12 12v60h-43.029c-10.691 0-16.045 12.926-8.485 20.485l67.029 67.029c4.686 4.686 12.284 4.686 16.971 0l67.029-67.029c7.559-7.559 2.205-20.485-8.486-20.485z\"><\/path><\/svg><\/span><\/div><\/div><\/div>\n\n<div class=\"jet-hor-timeline-item elementor-repeater-item-1147ae9\" data-item-id=\"1147ae9\">\n\t<div class=\"jet-hor-timeline-item__point\"><div class=\"jet-hor-timeline-item__point-content\"><span class=\"jet-elements-icon\"><svg aria-hidden=\"true\" class=\"e-font-icon-svg e-fas-people-carry\" viewbox=\"0 0 640 512\" xmlns=\"http:\/\/www.w3.org\/2000\/svg\"><path d=\"M128 96c26.5 0 48-21.5 48-48S154.5 0 128 0 80 21.5 80 48s21.5 48 48 48zm384 0c26.5 0 48-21.5 48-48S538.5 0 512 0s-48 21.5-48 48 21.5 48 48 48zm125.7 372.1l-44-110-41.1 46.4-2 18.2 27.7 69.2c5 12.5 17 20.1 29.7 20.1 4 0 8-.7 11.9-2.3 16.4-6.6 24.4-25.2 17.8-41.6zm-34.2-209.8L585 178.1c-4.6-20-18.6-36.8-37.5-44.9-18.5-8-39-6.7-56.1 3.3-22.7 13.4-39.7 34.5-48.1 59.4L432 229.8 416 240v-96c0-8.8-7.2-16-16-16H240c-8.8 0-16 7.2-16 16v96l-16.1-10.2-11.3-33.9c-8.3-25-25.4-46-48.1-59.4-17.2-10-37.6-11.3-56.1-3.3-18.9 8.1-32.9 24.9-37.5 44.9l-18.4 80.2c-4.6 20 .7 41.2 14.4 56.7l67.2 75.9 10.1 92.6C130 499.8 143.8 512 160 512c1.2 0 2.3-.1 3.5-.2 17.6-1.9 30.2-17.7 28.3-35.3l-10.1-92.8c-1.5-13-6.9-25.1-15.6-35l-43.3-49 17.6-70.3 6.8 20.4c4.1 12.5 11.9 23.4 24.5 32.6l51.1 32.5c4.6 2.9 12.1 4.6 17.2 5h160c5.1-.4 12.6-2.1 17.2-5l51.1-32.5c12.6-9.2 20.4-20 24.5-32.6l6.8-20.4 17.6 70.3-43.3 49c-8.7 9.9-14.1 22-15.6 35l-10.1 92.8c-1.9 17.6 10.8 33.4 28.3 35.3 1.2.1 2.3.2 3.5.2 16.1 0 30-12.1 31.8-28.5l10.1-92.6 67.2-75.9c13.6-15.5 19-36.7 14.4-56.7zM46.3 358.1l-44 110c-6.6 16.4 1.4 35 17.8 41.6 16.8 6.6 35.1-1.7 41.6-17.8l27.7-69.2-2-18.2-41.1-46.4z\"><\/path><\/svg><\/span><\/div><\/div><\/div>\n\n<div class=\"jet-hor-timeline-item elementor-repeater-item-38820b9\" data-item-id=\"38820b9\">\n\t<div class=\"jet-hor-timeline-item__point\"><div class=\"jet-hor-timeline-item__point-content\"><span class=\"jet-elements-icon\"><svg aria-hidden=\"true\" class=\"e-font-icon-svg e-fas-shopping-bag\" viewbox=\"0 0 448 512\" xmlns=\"http:\/\/www.w3.org\/2000\/svg\"><path d=\"M352 160v-32C352 57.42 294.579 0 224 0 153.42 0 96 57.42 96 128v32H0v272c0 44.183 35.817 80 80 80h288c44.183 0 80-35.817 80-80V160h-96zm-192-32c0-35.29 28.71-64 64-64s64 28.71 64 64v32H160v-32zm160 120c-13.255 0-24-10.745-24-24s10.745-24 24-24 24 10.745 24 24-10.745 24-24 24zm-192 0c-13.255 0-24-10.745-24-24s10.745-24 24-24 24 10.745 24 24-10.745 24-24 24z\"><\/path><\/svg><\/span><\/div><\/div><\/div>\n\n<div class=\"jet-hor-timeline-item elementor-repeater-item-e227ebf\" data-item-id=\"e227ebf\">\n\t<div class=\"jet-hor-timeline-item__point\"><div class=\"jet-hor-timeline-item__point-content\"><span class=\"jet-elements-icon\"><svg aria-hidden=\"true\" class=\"e-font-icon-svg e-fas-check\" viewbox=\"0 0 512 512\" xmlns=\"http:\/\/www.w3.org\/2000\/svg\"><path d=\"M173.898 439.404l-166.4-166.4c-9.997-9.997-9.997-26.206 0-36.204l36.203-36.204c9.997-9.998 26.207-9.998 36.204 0L192 312.69 432.095 72.596c9.997-9.997 26.207-9.997 36.204 0l36.203 36.204c9.997 9.997 9.997 26.206 0 36.204l-294.4 294.401c-9.998 9.997-26.207 9.997-36.204-.001z\"><\/path><\/svg><\/span><\/div><\/div><\/div>\n<\/div>\t\t\t<div class=\"jet-hor-timeline-list jet-hor-timeline-list--bottom\">\n<div class=\"jet-hor-timeline-item elementor-repeater-item-ac93784 is-active\" data-item-id=\"ac93784\">\n\t\t\t<div class=\"jet-hor-timeline-item__meta\">Winkelwagen<\/div>\t<\/div>\n\n<div class=\"jet-hor-timeline-item elementor-repeater-item-1147ae9\" data-item-id=\"1147ae9\">\n\t\t\t<div class=\"jet-hor-timeline-item__meta\">Installatie<\/div>\t<\/div>\n\n<div class=\"jet-hor-timeline-item elementor-repeater-item-38820b9\" data-item-id=\"38820b9\">\n\t\t\t<div class=\"jet-hor-timeline-item__meta\">Bestelling<\/div>\t<\/div>\n\n<div class=\"jet-hor-timeline-item elementor-repeater-item-e227ebf\" data-item-id=\"e227ebf\">\n\t\t\t<div class=\"jet-hor-timeline-item__meta\">Validatie<\/div>\t<\/div>\n<\/div>\t\t<\/div>\n\t<\/div>\n\t<\/div><\/div>\t\t\t\t<\/div>\n\t\t\t\t<\/div>\n\t\t\t\t\t<\/div>\n\t\t\t\t<\/div>\n\t\t\t\t\t<\/div>\n\t\t\t\t<\/div>\n\t\t\t\t<\/div>\n\t\t<div class=\"elementor-element elementor-element-9dcee95 e-flex e-con-boxed e-con e-parent\" data-id=\"9dcee95\" data-element_type=\"container\" data-settings=\"{&quot;jet_parallax_layout_list&quot;:[]}\">\n\t\t\t\t\t<div class=\"e-con-inner\">\n\t\t\t\t\t<\/div>\n\t\t\t\t<\/div>\n\t\t\t\t<\/div>","protected":false},"excerpt":{"rendered":"<p>Panier Panier Installation Commande Validation Supprimer l\u2019\u00e9l\u00e9ment Thumbnail image Produit Prix Quantit\u00e9 Sous-total &times; Osmoseur \u00e0 faible rejet et min\u00e9ralisation int\u00e9gr\u00e9e Kit entretien: Aucun Robinet: 1 voie : Design &#8211; inclut &#8211; 0\u20ac &euro;&nbsp;500,00 quantit\u00e9 de Osmoseur \u00e0 faible rejet et min\u00e9ralisation int\u00e9gr\u00e9e &euro;&nbsp;500,00 (TTC) Totaux du panier Sous-total &euro;&nbsp;500,00 (TTC) Total &euro;&nbsp;500,00 (dont &euro;&nbsp;86,78 [&hellip;]<\/p>","protected":false},"author":1,"featured_media":0,"parent":0,"menu_order":0,"comment_status":"closed","ping_status":"closed","template":"","meta":{"_acf_changed":false,"_metasync_otto_title":"","_metasync_otto_description":"","_metasync_otto_keywords":"","_metasync_otto_og_title":"","_metasync_otto_og_description":"","_metasync_otto_twitter_title":"","_metasync_otto_twitter_description":"","rank_math_title":"","rank_math_description":"","_yoast_wpseo_title":"","_yoast_wpseo_metadesc":"","_aioseo_title":"","_aioseo_description":"","footnotes":""},"class_list":["post-15","page","type-page","status-publish","hentry"],"acf":[],"_links":{"self":[{"href":"https:\/\/www.aquacycle.be\/nl\/wp-json\/wp\/v2\/pages\/15","targetHints":{"allow":["GET"]}}],"collection":[{"href":"https:\/\/www.aquacycle.be\/nl\/wp-json\/wp\/v2\/pages"}],"about":[{"href":"https:\/\/www.aquacycle.be\/nl\/wp-json\/wp\/v2\/types\/page"}],"author":[{"embeddable":true,"href":"https:\/\/www.aquacycle.be\/nl\/wp-json\/wp\/v2\/users\/1"}],"replies":[{"embeddable":true,"href":"https:\/\/www.aquacycle.be\/nl\/wp-json\/wp\/v2\/comments?post=15"}],"version-history":[{"count":0,"href":"https:\/\/www.aquacycle.be\/nl\/wp-json\/wp\/v2\/pages\/15\/revisions"}],"wp:attachment":[{"href":"https:\/\/www.aquacycle.be\/nl\/wp-json\/wp\/v2\/media?parent=15"}],"curies":[{"name":"wp","href":"https:\/\/api.w.org\/{rel}","templated":true}]}}