{"id":11317,"date":"2025-09-05T10:22:54","date_gmt":"2025-09-05T08:22:54","guid":{"rendered":"https:\/\/www.aquacycle.be\/?page_id=11317"},"modified":"2025-10-07T15:34:24","modified_gmt":"2025-10-07T13:34:24","slug":"quiz","status":"publish","type":"page","link":"https:\/\/www.aquacycle.be\/nl\/quiz\/","title":{"rendered":"Quiz"},"content":{"rendered":"<div data-elementor-type=\"wp-page\" data-elementor-id=\"11317\" class=\"elementor elementor-11317\" data-elementor-post-type=\"page\">\n\t\t\t\t<div class=\"elementor-element elementor-element-e00979f e-flex e-con-boxed e-con e-parent\" data-id=\"e00979f\" data-element_type=\"container\" data-settings=\"{&quot;background_background&quot;:&quot;video&quot;,&quot;jet_parallax_layout_list&quot;:[],&quot;background_video_link&quot;:&quot;https:\\\/\\\/www.aquacycle.be\\\/\\\/wp-content\\\/uploads\\\/2024\\\/12\\\/857131-hd_1920_1080_24fps.mp4&quot;}\">\n\t\t\t\t\t<div class=\"e-con-inner\">\n\t\t<div class=\"elementor-background-video-container elementor-hidden-mobile\" aria-hidden=\"true\">\n\t\t\t\t\t\t\t<video class=\"elementor-background-video-hosted\" autoplay muted playsinline loop><\/video>\n\t\t\t\t\t<\/div>\t\t<div class=\"elementor-element elementor-element-ce066a3 elementor-widget elementor-widget-heading\" data-id=\"ce066a3\" data-element_type=\"widget\" data-widget_type=\"heading.default\">\n\t\t\t\t<div class=\"elementor-widget-container\">\n\t\t\t\t\t<h1 class=\"elementor-heading-title elementor-size-default\">Quiz\n<\/h1>\t\t\t\t<\/div>\n\t\t\t\t<\/div>\n\t\t\t\t\t<\/div>\n\t\t\t\t<\/div>\n\t\t<div class=\"elementor-element elementor-element-1ea74e2 e-flex e-con-boxed e-con e-parent\" data-id=\"1ea74e2\" data-element_type=\"container\" data-settings=\"{&quot;jet_parallax_layout_list&quot;:[],&quot;background_background&quot;:&quot;classic&quot;}\">\n\t\t\t\t\t<div class=\"e-con-inner\">\n\t\t<div class=\"elementor-element elementor-element-f110e68 e-con-full e-flex elementor-invisible e-con e-child\" data-id=\"f110e68\" data-element_type=\"container\" data-settings=\"{&quot;animation&quot;:&quot;fadeInLeft&quot;,&quot;jet_parallax_layout_list&quot;:[]}\">\n\t\t\t\t<div class=\"elementor-element elementor-element-47a653a elementor-widget elementor-widget-spacer\" data-id=\"47a653a\" data-element_type=\"widget\" data-widget_type=\"spacer.default\">\n\t\t\t\t<div class=\"elementor-widget-container\">\n\t\t\t\t\t\t\t<div class=\"elementor-spacer\">\n\t\t\t<div class=\"elementor-spacer-inner\"><\/div>\n\t\t<\/div>\n\t\t\t\t\t\t<\/div>\n\t\t\t\t<\/div>\n\t\t\t\t<div class=\"elementor-element elementor-element-023d24c elementor-widget elementor-widget-heading\" data-id=\"023d24c\" data-element_type=\"widget\" data-widget_type=\"heading.default\">\n\t\t\t\t<div class=\"elementor-widget-container\">\n\t\t\t\t\t<h2 class=\"elementor-heading-title elementor-size-default\">Vind het ideale omgekeerde osmose filter voor jou<\/h2>\t\t\t\t<\/div>\n\t\t\t\t<\/div>\n\t\t\t\t<div class=\"elementor-element elementor-element-95dda80 elementor-widget elementor-widget-text-editor\" data-id=\"95dda80\" data-element_type=\"widget\" data-widget_type=\"text-editor.default\">\n\t\t\t\t<div class=\"elementor-widget-container\">\n\t\t\t\t\t\t\t\t\t<p data-start=\"159\" data-end=\"497\">Het juiste waterfiltersysteem kiezen kan ingewikkeld lijken - elk huis en elke werkplek heeft zijn eigen specifieke vereisten. <strong>heeft  nodig<\/strong> <strong>diverse<\/strong>.<\/p><p data-start=\"159\" data-end=\"497\">Heb je een <strong>filter<\/strong> <strong>compact<\/strong> voor je gezin? Een systeem met hoge capaciteit voor je kantoor? <strong>Water<\/strong> <strong>warm<\/strong> en <strong>koud<\/strong> <strong>onmiddellijk<\/strong>of gewoon puur water <strong>rechtstreeks<\/strong> <strong>op<\/strong> <strong>tik op<\/strong> ?<\/p><p data-start=\"499\" data-end=\"711\">Deze korte <strong>quiz<\/strong> (slechts een paar minuten) zal je stap voor stap begeleiden en de modellen aanbevelen die het beste bij jouw behoeften passen. <strong data-start=\"623\" data-end=\"708\">je budget, je stroomvereisten, de kwaliteit van je water en je levensstijl.<\/strong>.<\/p>\t\t\t\t\t\t\t\t<\/div>\n\t\t\t\t<\/div>\n\t\t\t\t<div class=\"elementor-element elementor-element-a503234 elementor-widget elementor-widget-text-editor\" data-id=\"a503234\" data-element_type=\"widget\" data-widget_type=\"text-editor.default\">\n\t\t\t\t<div class=\"elementor-widget-container\">\n\t\t\t\t\t\t\t\t\t<p class=\"mcePastedContent\" data-pm-slice=\"1 1 []\">\ud83d\udc49 Beantwoord de vragen hieronder en ontdek welk osmoseapparaat het beste bij jou past.<\/p>\t\t\t\t\t\t\t\t<\/div>\n\t\t\t\t<\/div>\n\t\t\t\t<div class=\"elementor-element elementor-element-3bd2f71 elementor-widget elementor-widget-html\" data-id=\"3bd2f71\" data-element_type=\"widget\" data-widget_type=\"html.default\">\n\t\t\t\t<div class=\"elementor-widget-container\">\n\t\t\t\t\t<!DOCTYPE html>\n<html lang=\"fr\">\n<head>\n  <meta charset=\"UTF-8\">\n  <meta name=\"viewport\" content=\"width=device-width, initial-scale=1.0\">\n  <title>Osmose quiz<\/title>\n  <style>\n    body { font-family: Arial, sans-serif; background: #f9f9f9; color: #333; }\n    .quiz-container { max-width: 700px; margin: 2rem auto; background: #fff; padding: 2rem; border-radius: 12px; box-shadow: 0 4px 12px rgba(0,0,0,0.1); }\n    h2 { margin-bottom: 1rem; }\n    .question { margin-bottom: 2rem; }\n    .answers label { display: block; margin: 0.5rem 0; }\n    button { background: #0077cc; color: #fff; border: none; padding: 0.7rem 1.2rem; border-radius: 8px; cursor: pointer; }\n    button:hover { background: #005fa3; }\n    #results { margin-top: 2rem; padding: 1rem; background: #eef9f1; border-left: 5px solid #4caf50; display: none; }\n    .product-link { margin-top: 1rem; display: block; font-weight: bold; color: #0077cc; text-decoration: none; }\n    .product-link:hover { text-decoration: underline; }\n  <\/style>\n<\/head>\n<body>\n  <div class=\"quiz-container\">\n    <h2>Vind je ideale omgekeerde osmose apparaat<\/h2>\n    <form id=\"quizForm\" action=\"\">\n      <div class=\"question\">\n        <p>1. Welk type installatie heeft uw voorkeur?<\/p>\n        <div class=\"answers\">\n          <label><input type=\"radio\" name=\"install\" value=\"countertop\"> Fontein \/ Vrijstaand<\/label>\n          <label><input type=\"radio\" name=\"install\" value=\"undercounter\"> Onder gootsteen (ingebouwd)<\/label>\n        <\/div>\n      <\/div>\n\n      <div class=\"question\">\n        <p>2. Hoeveel mensen zullen het systeem gebruiken?<\/p>\n        <div class=\"answers\">\n          <label><input type=\"radio\" name=\"people\" value=\"small\"> 1-2 personen<\/label>\n          <label><input type=\"radio\" name=\"people\" value=\"medium\"> 3-5 personen<\/label>\n          <label><input type=\"radio\" name=\"people\" value=\"large\"> 6 personen of meer<\/label>\n        <\/div>\n      <\/div>\n\n      <div class=\"question\">\n        <p>3. Wil je dat er warm en\/of koud water beschikbaar is?<\/p>\n        <div class=\"answers\">\n          <label><input type=\"radio\" name=\"hotcold\" value=\"both\"> Ja, warm en koud<\/label>\n          <label><input type=\"radio\" name=\"hotcold\" value=\"cold\"> Alleen koud<\/label>\n          <label><input type=\"radio\" name=\"hotcold\" value=\"none\"> Niet noodzakelijk<\/label>\n        <\/div>\n      <\/div>\n\n      <div class=\"question\">\n        <p>4. Geef je de voorkeur aan directe stroming uit de kraan of een tank\/karaf?<\/p>\n        <div class=\"answers\">\n          <label><input type=\"radio\" name=\"flow\" value=\"direct\"> Directe stroom<\/label>\n          <label><input type=\"radio\" name=\"flow\" value=\"reservoir\"> Tank \/ karaf<\/label>\n        <\/div>\n      <\/div>\n\n      <div class=\"question\">\n        <p>5. Welk waterdebiet verwacht je?<\/p>\n        <div class=\"answers\">\n          <label><input type=\"radio\" name=\"debit\" value=\"low\"> Laag (\u2264 0,25 L\/min)<\/label>\n          <label><input type=\"radio\" name=\"debit\" value=\"medium\"> Gemiddeld (1-2 L\/min)<\/label>\n          <label><input type=\"radio\" name=\"debit\" value=\"high\"> Hoog (\u2265 3 L\/min)<\/label>\n        <\/div>\n      <\/div>\n\n      <div class=\"question\">\n        <p>6. Hoe belangrijk vindt u onderhoudsgemak?<\/p>\n        <div class=\"answers\">\n          <label><input type=\"radio\" name=\"maintenance\" value=\"easy\"> Zeer belangrijk<\/label>\n          <label><input type=\"radio\" name=\"maintenance\" value=\"moderate\"> Gemiddeld<\/label>\n          <label><input type=\"radio\" name=\"maintenance\" value=\"notissue\"> Niet belangrijk<\/label>\n        <\/div>\n      <\/div>\n\n      <div class=\"question\">\n        <p>7. Wat is je favoriete ontwerp?<\/p>\n        <div class=\"answers\">\n          <label><input type=\"radio\" name=\"design\" value=\"compact\"> Compact<\/label>\n          <label><input type=\"radio\" name=\"design\" value=\"any\"> Ongeacht de grootte<\/label>\n        <\/div>\n      <\/div>\n\n      <div class=\"question\">\n        <p>8. Wil je dat het water wordt geremineraliseerd?<\/p>\n        <div class=\"answers\">\n          <label><input type=\"radio\" name=\"remin\" value=\"yes\"> Ja<\/label>\n          <label><input type=\"radio\" name=\"remin\" value=\"no\"> Geen<\/label>\n          <label><input type=\"radio\" name=\"remin\" value=\"optional\"> Het maakt niet uit<\/label>\n        <\/div>\n      <\/div>\n\n      <div class=\"question\">\n        <p>9. Wat is je budget?<\/p>\n        <div class=\"answers\">\n          <label><input type=\"radio\" name=\"budget\" value=\"low\"> 200-400 \u20ac<\/label>\n          <label><input type=\"radio\" name=\"budget\" value=\"mid\"> 400-700 \u20ac<\/label>\n          <label><input type=\"radio\" name=\"budget\" value=\"high\"> 800 en meer<\/label>\n        <\/div>\n      <\/div>\n\n      <div class=\"question\">\n        <p>10. Waar wordt het systeem gebruikt?<\/p>\n        <div class=\"answers\">\n          <label><input type=\"radio\" name=\"usage\" value=\"home\"> Huis<\/label>\n          <label><input type=\"radio\" name=\"usage\" value=\"office\"> Kantoor \/ Groep<\/label>\n        <\/div>\n      <\/div>\n\n      <div class=\"question\">\n        <p>11. Moet het werken zonder elektriciteit?<\/p>\n        <div class=\"answers\">\n          <label><input type=\"radio\" name=\"electricity\" value=\"no\"> Ja, zonder elektriciteit<\/label>\n          <label><input type=\"radio\" name=\"electricity\" value=\"yes\"> Het maakt niet uit<\/label>\n        <\/div>\n      <\/div>\n\n      <div class=\"question\">\n        <p>12. Wat is voor jou het belangrijkst?<\/p>\n        <div class=\"answers\">\n          <label><input type=\"radio\" name=\"priority\" value=\"price\"> Prijs \/ Gereduceerde kosten<\/label>\n          <label><input type=\"radio\" name=\"priority\" value=\"design\"> Ontwerp \/ Esthetiek<\/label>\n          <label><input type=\"radio\" name=\"priority\" value=\"performance\"> Hoge prestaties<\/label>\n        <\/div>\n      <\/div>\n\n      <button type=\"button\" onclick=\"calculateResult()\">Zie mijn aanbeveling<\/button>\n    <input type=\"hidden\" name=\"trp-form-language\" value=\"nl\"\/><\/form>\n\n    <div id=\"results\"><\/div>\n  <\/div>\n\n  <script>\n    function calculateResult() {\n      const formData = new FormData(document.getElementById('quizForm'));\n      let install = formData.get('install');\n      let people = formData.get('people');\n      let flow = formData.get('flow');\n      let debit = formData.get('debit');\n      let budget = formData.get('budget');\n\n      let recommendation = \"\";\n      let link = \"#\"; \/\/ Lien par d\u00e9faut, \u00e0 remplacer par le lien produit r\u00e9el\n\n      if (install === 'countertop') {\n        if (people === 'small' && budget === 'low') {\n          recommendation = \"Nous recommandons <strong>SimpleOS (carafe intelligente)<\/strong> pour un usage compact, ou <strong>Blue Mountain MI<\/strong> si vous souhaitez de l\u2019eau chaude.\";\n          link = \"https:\/\/www.aquacycle.be\/nos-produits\/osmoseur\/undercounter\/osmoseur-compact-a-carafe-intelligente\/\";\n        } else if (people === 'large') {\n          recommendation = \"Pour les grands groupes, pensez \u00e0 <strong>Blue Sea (r\u00e9servoir 5,4L)<\/strong> ou <strong>Blue Glacial (entretien facile)<\/strong>.\";\n          link = \"https:\/\/www.aquacycle.be\/nos-produits\/osmoseur\/fontaine\/fontaine-a-eau-osmosee-toute-hauteur\/\";\n        } else {\n          recommendation = \"<strong>Libertos<\/strong> est un syst\u00e8me flexible avec options eau chaude & froide.\";\n          link = \"https:\/\/www.aquacycle.be\/nos-produits\/osmoseur\/fontaine\/fontaine-a-osmose-libertos\/\";\n        }\n      } else if (install === 'undercounter') {\n        if (debit === 'low' && budget === 'low') {\n          recommendation = \"<strong>Basicos<\/strong> (sans \u00e9lectricit\u00e9, \u00e9conomique) ou <strong>Classicos<\/strong> (bon rapport qualit\u00e9\/prix).\";\n          link = \"https:\/\/www.aquacycle.be\/nos-produits\/osmoseur\/undercounter\/osmoseur-a-reservoir-sans-electricite\/\";\n        } else if (debit === 'medium' && budget === 'mid') {\n          recommendation = \"<strong>Optimos<\/strong> (compact & \u00e9cologique) ou <strong>Pure Balance<\/strong> (avec remin\u00e9ralisation).\";\n          link = \"https:\/\/www.aquacycle.be\/nos-produits\/osmoseur\/undercounter\/osmoseur-a-flux-direct-compact-design-et-economique\/\";\n        } else if (debit === 'high' && budget === 'high') {\n          recommendation = \"<strong>Beastos (3 L\/min)<\/strong>, <strong>Mineros (d\u00e9bit direct + remin\u00e9ralisation)<\/strong> ou <strong>Olympos (5,2 L\/min, usage intensif)<\/strong>.\";\n          link = \"https:\/\/votre-site.com\/produits\/beastos\";\n        } else {\n          recommendation = \"<strong>Robustos<\/strong> est un choix fiable pour les familles et la long\u00e9vit\u00e9.\";\n          link = \"https:\/\/www.aquacycle.be\/nos-produits\/osmoseur\/undercounter\/robustos\/\";\n        }\n      }\n\n      document.getElementById('results').style.display = 'block';\n      document.getElementById('results').innerHTML = `<h3>Mod\u00e8les recommand\u00e9s :<\/h3><p>${recommendation}<\/p><a href=\"${link}\" class=\"product-link\" target=\"_blank\">Voir la fiche produit<\/a>`;\n    }\n  <\/script>\n<\/body>\n<\/html>\n\t\t\t\t<\/div>\n\t\t\t\t<\/div>\n\t\t\t\t<\/div>\n\t\t\t\t\t<\/div>\n\t\t\t\t<\/div>\n\t\t<div class=\"elementor-element elementor-element-deb979f e-flex e-con-boxed e-con e-parent\" data-id=\"deb979f\" data-element_type=\"container\" data-settings=\"{&quot;jet_parallax_layout_list&quot;:[]}\">\n\t\t\t\t\t<div class=\"e-con-inner\">\n\t\t<div class=\"elementor-element elementor-element-dcdf240 e-con-full e-flex e-con e-child\" data-id=\"dcdf240\" data-element_type=\"container\" data-settings=\"{&quot;jet_parallax_layout_list&quot;:[]}\">\n\t\t<div class=\"elementor-element elementor-element-42376a8 e-con-full e-flex e-con e-child\" data-id=\"42376a8\" data-element_type=\"container\" data-settings=\"{&quot;jet_parallax_layout_list&quot;:[]}\">\n\t\t<div class=\"elementor-element elementor-element-c94732a e-con-full e-flex elementor-invisible e-con e-child\" data-id=\"c94732a\" data-element_type=\"container\" data-settings=\"{&quot;animation&quot;:&quot;fadeInLeft&quot;,&quot;jet_parallax_layout_list&quot;:[]}\">\n\t\t\t\t<div class=\"elementor-element elementor-element-5c98d7a elementor-widget elementor-widget-heading\" data-id=\"5c98d7a\" data-element_type=\"widget\" data-widget_type=\"heading.default\">\n\t\t\t\t<div class=\"elementor-widget-container\">\n\t\t\t\t\t<h2 class=\"elementor-heading-title elementor-size-default\">Plan 30 minuten met een expert <\/br>en krijg antwoord op al je vragen.<\/h2>\t\t\t\t<\/div>\n\t\t\t\t<\/div>\n\t\t\t\t<div class=\"elementor-element elementor-element-bf67725 elementor-widget elementor-widget-text-editor\" data-id=\"bf67725\" data-element_type=\"widget\" data-widget_type=\"text-editor.default\">\n\t\t\t\t<div class=\"elementor-widget-container\">\n\t\t\t\t\t\t\t\t\t<p>Boek een vrijblijvend gesprek van 30 minuten met een van onze <strong>deskundigen<\/strong> voor alle <strong>je<\/strong> <strong>vragen<\/strong> over de kwaliteit van je water en waterbehandelingsopties. <strong>filtratie<\/strong>.<\/p><p>Een uitwisseling <strong>eenvoudig<\/strong>, <strong>eerlijk<\/strong> en <strong>menselijk<\/strong> - om een ge\u00efnformeerde keuze te maken <strong>vertrouwen<\/strong>.<\/p>\t\t\t\t\t\t\t\t<\/div>\n\t\t\t\t<\/div>\n\t\t\t\t<div class=\"elementor-element elementor-element-5223676 elementor-widget elementor-widget-text-editor\" data-id=\"5223676\" data-element_type=\"widget\" data-widget_type=\"text-editor.default\">\n\t\t\t\t<div class=\"elementor-widget-container\">\n\t\t\t\t\t\t\t\t\t<p class=\"mcePastedContent\" data-pm-slice=\"1 1 []\">Boek hier een afspraak<\/p>\t\t\t\t\t\t\t\t<\/div>\n\t\t\t\t<\/div>\n\t\t\t\t<\/div>\n\t\t\t\t<\/div>\n\t\t<div class=\"elementor-element elementor-element-276d019 e-con-full e-flex e-con e-child\" data-id=\"276d019\" data-element_type=\"container\" data-settings=\"{&quot;jet_parallax_layout_list&quot;:[]}\">\n\t\t\t\t<div class=\"elementor-element elementor-element-562f8fc elementor-widget__width-inherit elementor-widget elementor-widget-html\" data-id=\"562f8fc\" data-element_type=\"widget\" data-widget_type=\"html.default\">\n\t\t\t\t<div class=\"elementor-widget-container\">\n\t\t\t\t\t<!-- D\u00e9but de widget en ligne Calendly -->\n<div class=\"calendly-inline-widget\" data-url=\"https:\/\/calendly.com\/aquacycle-info\" style=\"min-width:320px;height:700px;\"><\/div>\n<script type=\"text\/javascript\" src=\"https:\/\/assets.calendly.com\/assets\/external\/widget.js\" async><\/script>\n<!-- Fin de widget en ligne Calendly -->\t\t\t\t<\/div>\n\t\t\t\t<\/div>\n\t\t\t\t<\/div>\n\t\t\t\t<\/div>\n\t\t\t\t\t<\/div>\n\t\t\t\t<\/div>\n\t\t<div class=\"elementor-element elementor-element-bbd27a6 e-flex e-con-boxed elementor-invisible e-con e-parent\" data-id=\"bbd27a6\" data-element_type=\"container\" data-settings=\"{&quot;background_background&quot;:&quot;classic&quot;,&quot;animation&quot;:&quot;fadeInUp&quot;,&quot;jet_parallax_layout_list&quot;:[]}\">\n\t\t\t\t\t<div class=\"e-con-inner\">\n\t\t<div class=\"elementor-element elementor-element-40dc072 e-con-full e-flex e-con e-child\" data-id=\"40dc072\" data-element_type=\"container\" data-settings=\"{&quot;jet_parallax_layout_list&quot;:[]}\">\n\t\t\t\t<div class=\"elementor-element elementor-element-60528ed elementor-widget elementor-widget-heading\" data-id=\"60528ed\" data-element_type=\"widget\" data-widget_type=\"heading.default\">\n\t\t\t\t<div class=\"elementor-widget-container\">\n\t\t\t\t\t<h4 class=\"elementor-heading-title elementor-size-default\"><a href=\"https:\/\/www.aquacycle.be\/nl\/faq\/\">Heb je een vraag? Bezoek onze\n<\/a><\/h4>\t\t\t\t<\/div>\n\t\t\t\t<\/div>\n\t\t\t\t<div class=\"elementor-element elementor-element-64c8037 elementor-widget elementor-widget-heading\" data-id=\"64c8037\" data-element_type=\"widget\" data-widget_type=\"heading.default\">\n\t\t\t\t<div class=\"elementor-widget-container\">\n\t\t\t\t\t<h4 class=\"elementor-heading-title elementor-size-default\"><a href=\"https:\/\/www.aquacycle.be\/nl\/faq\/\">FAQ.\n<\/a><\/h4>\t\t\t\t<\/div>\n\t\t\t\t<\/div>\n\t\t\t\t<\/div>\n\t\t\t\t\t<\/div>\n\t\t\t\t<\/div>\n\t\t\t\t<\/div>","protected":false},"excerpt":{"rendered":"<p>Quiz Trouvez le filtre d\u2019osmose inverse id\u00e9al pour vous Choisir le bon syst\u00e8me de filtration d\u2019eau peut sembler compliqu\u00e9 \u2014 chaque foyer et chaque lieu de travail a des besoins diff\u00e9rents. Avez-vous besoin d\u2019un filtre compact pour votre famille ? D\u2019un syst\u00e8me \u00e0 grande capacit\u00e9 pour votre bureau ? D\u2019eau chaude et froide instantan\u00e9ment, ou [&hellip;]<\/p>","protected":false},"author":3,"featured_media":0,"parent":0,"menu_order":0,"comment_status":"closed","ping_status":"closed","template":"","meta":{"_acf_changed":false,"_metasync_otto_title":"","_metasync_otto_description":"","_metasync_otto_keywords":"","_metasync_otto_og_title":"","_metasync_otto_og_description":"","_metasync_otto_twitter_title":"","_metasync_otto_twitter_description":"","rank_math_title":"","rank_math_description":"Prenez le quiz d'Aquacycle et regardez quel osmoseur est pour vous et votre famille!","_yoast_wpseo_title":"","_yoast_wpseo_metadesc":"","_aioseo_title":"","_aioseo_description":"","footnotes":""},"class_list":["post-11317","page","type-page","status-publish","hentry"],"acf":[],"_links":{"self":[{"href":"https:\/\/www.aquacycle.be\/nl\/wp-json\/wp\/v2\/pages\/11317","targetHints":{"allow":["GET"]}}],"collection":[{"href":"https:\/\/www.aquacycle.be\/nl\/wp-json\/wp\/v2\/pages"}],"about":[{"href":"https:\/\/www.aquacycle.be\/nl\/wp-json\/wp\/v2\/types\/page"}],"author":[{"embeddable":true,"href":"https:\/\/www.aquacycle.be\/nl\/wp-json\/wp\/v2\/users\/3"}],"replies":[{"embeddable":true,"href":"https:\/\/www.aquacycle.be\/nl\/wp-json\/wp\/v2\/comments?post=11317"}],"version-history":[{"count":0,"href":"https:\/\/www.aquacycle.be\/nl\/wp-json\/wp\/v2\/pages\/11317\/revisions"}],"wp:attachment":[{"href":"https:\/\/www.aquacycle.be\/nl\/wp-json\/wp\/v2\/media?parent=11317"}],"curies":[{"name":"wp","href":"https:\/\/api.w.org\/{rel}","templated":true}]}}