{"id":8657,"date":"2025-05-07T11:54:16","date_gmt":"2025-05-07T09:54:16","guid":{"rendered":"https:\/\/www.aquacycle.eu\/?post_type=product&#038;p=8657"},"modified":"2026-02-26T09:47:36","modified_gmt":"2026-02-26T08:47:36","slug":"robinet-3-voies-douchette-avec-douchette","status":"publish","type":"product","link":"https:\/\/www.aquacycle.be\/en\/our-products\/accessories\/faucet\/robinet-3-voies-douchette-avec-douchette\/","title":{"rendered":"Faucet - 3-way - Hand shower"},"content":{"rendered":"<div>\n<h2 data-rm-block-id=\"block-1\">Robinet 3 voies avec douchette \u2013 Polyvalent et pratique<\/h2>\n<p data-rm-block-id=\"block-2\">Gr\u00e2ce \u00e0 ce <strong>3-way valve<\/strong>, <strong>no need to install a second tap<\/strong> sur votre \u00e9vier !<\/p>\n<p data-rm-block-id=\"block-3\">Ce mod\u00e8le avec <strong>douchette int\u00e9gr\u00e9e<\/strong> rend le nettoyage de la vaisselle plus simple et pratique,<br \/>\ntout en offrant une grande polyvalence pour tous vos besoins au quotidien.<\/p>\n<p data-rm-block-id=\"block-4\">Il est con\u00e7u avec un <strong>brass collar<\/strong> and a <strong>zinc alloy base<\/strong>, alliant robustesse et durabilit\u00e9.<br \/>\nSon <strong>ceramic mechanism<\/strong> assure une grande fiabilit\u00e9, et ses <strong>rubber seals<\/strong> garantissent une parfaite \u00e9tanch\u00e9it\u00e9.<\/p>\n<\/div>\n<p data-rm-block-id=\"block-5\"><span style=\"color: #ff0000;\">Attention, le d\u00e9bit de l&rsquo;eau filtr\u00e9e de ce mod\u00e8le est limit\u00e9 \u00e0 2.5L\/min. Il est donc incompatible avec des osmoseurs \u00e0 d\u00e9bit plus \u00e9lev\u00e9<\/span><span style=\"color: #ff0000;\">.<\/span><\/p>\n<div>\n<h5 data-rm-block-id=\"block-6\">Available valve types<\/h5>\n<ul>\n<li data-rm-block-id=\"block-7\"><strong>1-way valve :<\/strong> dedicated to osmosis water. It is added to the existing mixing valve.<br \/>\n<em>Sink or worktop drilling required<\/em> for installation.<\/li>\n<li data-rm-block-id=\"block-8\"><strong>3-way valve :<\/strong> avoids the need for additional drilling. It distributes<br \/>\n<strong>hot water, cold water<\/strong> and <strong>osmosis water<\/strong> via a single tap.<\/li>\n<\/ul>\n<div data-rm-block-id=\"block-9\">\t\t<div data-elementor-type=\"container\" data-elementor-id=\"7104\" class=\"elementor elementor-7104\" data-elementor-post-type=\"elementor_library\">\n\t\t\t\t<div class=\"elementor-element elementor-element-9361ccf e-flex e-con-boxed e-con e-parent\" data-id=\"9361ccf\" data-element_type=\"container\" data-settings=\"{&quot;jet_parallax_layout_list&quot;:[]}\">\n\t\t\t\t\t<div class=\"e-con-inner\">\n\t\t\t\t<div class=\"elementor-element elementor-element-93390c0 custom-button elementor-widget elementor-widget-button\" data-id=\"93390c0\" data-element_type=\"widget\" data-widget_type=\"button.default\">\n\t\t\t\t<div class=\"elementor-widget-container\">\n\t\t\t\t\t\t\t\t\t<div class=\"elementor-button-wrapper\">\n\t\t\t\t\t<a class=\"elementor-button elementor-button-link elementor-size-sm elementor-animation-shrink\" href=\"https:\/\/www.aquacycle.be\/wp-content\/uploads\/2026\/02\/260203_Comparatif-robinets.png\" target=\"_blank\">\n\t\t\t\t\t\t<span class=\"elementor-button-content-wrapper\">\n\t\t\t\t\t\t\t\t\t<span class=\"elementor-button-text\">Faucet comparison<\/span>\n\t\t\t\t\t<\/span>\n\t\t\t\t\t<\/a>\n\t\t\t\t<\/div>\n\t\t\t\t\t\t\t\t<\/div>\n\t\t\t\t<\/div>\n\t\t\t\t\t<\/div>\n\t\t\t\t<\/div>\n\t\t\t\t<\/div>\n\t\t<\/div>\n<\/div>","protected":false},"excerpt":{"rendered":"<p>visible<\/p>","protected":false},"featured_media":8512,"comment_status":"open","ping_status":"closed","template":"","meta":{"_acf_changed":false,"_metasync_otto_title":"","_metasync_otto_description":"","_metasync_otto_keywords":"","_metasync_otto_og_title":"","_metasync_otto_og_description":"","_metasync_otto_twitter_title":"","_metasync_otto_twitter_description":"","rank_math_title":"Robinet 3 voies avec Douchette","rank_math_description":"D\u00e9couvrez le Robinet Aquacycle, un mod\u00e8le innovant et pratique, id\u00e9al pour votre cuisine. Optez pour le Robinet 3 voies avec douchette.","_yoast_wpseo_title":"","_yoast_wpseo_metadesc":"","_aioseo_title":"","_aioseo_description":""},"product_brand":[],"product_cat":[110,202],"product_tag":[107,108],"class_list":{"0":"post-8657","1":"product","2":"type-product","3":"status-publish","4":"has-post-thumbnail","6":"product_cat-accessoires","7":"product_cat-robinet","8":"product_tag-particulier","9":"product_tag-professionnel","11":"first","12":"instock","13":"taxable","14":"shipping-taxable","15":"purchasable","16":"product-type-simple"},"acf":[],"_links":{"self":[{"href":"https:\/\/www.aquacycle.be\/en\/wp-json\/wp\/v2\/product\/8657","targetHints":{"allow":["GET"]}}],"collection":[{"href":"https:\/\/www.aquacycle.be\/en\/wp-json\/wp\/v2\/product"}],"about":[{"href":"https:\/\/www.aquacycle.be\/en\/wp-json\/wp\/v2\/types\/product"}],"replies":[{"embeddable":true,"href":"https:\/\/www.aquacycle.be\/en\/wp-json\/wp\/v2\/comments?post=8657"}],"wp:featuredmedia":[{"embeddable":true,"href":"https:\/\/www.aquacycle.be\/en\/wp-json\/wp\/v2\/media\/8512"}],"wp:attachment":[{"href":"https:\/\/www.aquacycle.be\/en\/wp-json\/wp\/v2\/media?parent=8657"}],"wp:term":[{"taxonomy":"product_brand","embeddable":true,"href":"https:\/\/www.aquacycle.be\/en\/wp-json\/wp\/v2\/product_brand?post=8657"},{"taxonomy":"product_cat","embeddable":true,"href":"https:\/\/www.aquacycle.be\/en\/wp-json\/wp\/v2\/product_cat?post=8657"},{"taxonomy":"product_tag","embeddable":true,"href":"https:\/\/www.aquacycle.be\/en\/wp-json\/wp\/v2\/product_tag?post=8657"}],"curies":[{"name":"wp","href":"https:\/\/api.w.org\/{rel}","templated":true}]}}