{"id":8655,"date":"2025-05-07T11:54:16","date_gmt":"2025-05-07T09:54:16","guid":{"rendered":"https:\/\/www.aquacycle.eu\/?post_type=product&#038;p=8655"},"modified":"2026-02-26T09:45:32","modified_gmt":"2026-02-26T08:45:32","slug":"robinet-design-3-voies","status":"publish","type":"product","link":"https:\/\/www.aquacycle.be\/en\/our-products\/accessories\/faucet\/robinet-design-3-voies\/","title":{"rendered":"Valve - 3-way"},"content":{"rendered":"<div>\n<h2 data-rm-block-id=\"block-1\">Designer osmosis tap - Elegant, robust and practical<\/h2>\n<p data-rm-block-id=\"block-2\">Add a touch of elegance to the visible part of your osmosis unit: <strong>the tap<\/strong> <strong>design 3 voies<\/strong>!<\/p>\n<p data-rm-block-id=\"block-3\">Ce robinet est con\u00e7u avec un <strong>brass collar<\/strong> and a <strong>zinc alloy base<\/strong>, alliant robustesse et durabilit\u00e9.<br \/>\nSon <strong>ceramic mechanism<\/strong> reliability, while its <strong>rubber seals<\/strong> ensure a perfect seal.<\/p>\n<p data-rm-block-id=\"block-4\"><strong>This model's trump card?<\/strong> A valve that can be <strong>locked in open position<\/strong>,<br \/>\nvous permettant de remplir vos r\u00e9cipients sans avoir \u00e0 maintenir le robinet en continu.<br \/>\n<em>Everyday comfort!<\/em><\/p>\n<h5 data-rm-block-id=\"block-5\">Available valve types<\/h5>\n<ul>\n<li data-rm-block-id=\"block-6\"><strong>1-way valve :<\/strong> sert sp\u00e9cifiquement \u00e0 l\u2019eau osmos\u00e9e.<br \/>\nIl vient en compl\u00e9ment du mitigeur existant.<br \/>\n<em>Sink or worktop drilling required<\/em> for installation.<\/li>\n<li data-rm-block-id=\"block-7\"><strong>3-way valve :<\/strong> \u00e9vite un per\u00e7age suppl\u00e9mentaire.<br \/>\nIl vous permet d\u2019utiliser <strong>hot water, cold water<\/strong> and <strong>osmosis water<\/strong> from a single tap.<\/li>\n<\/ul>\n<p data-rm-block-id=\"block-8\"><!-- Int\u00e9gration de mod\u00e8le Elementor --><\/p>\n<div data-rm-block-id=\"block-9\">\t\t<div data-elementor-type=\"container\" data-elementor-id=\"7104\" class=\"elementor elementor-7104\" data-elementor-post-type=\"elementor_library\">\n\t\t\t\t<div class=\"elementor-element elementor-element-9361ccf e-flex e-con-boxed e-con e-parent\" data-id=\"9361ccf\" data-element_type=\"container\" data-settings=\"{&quot;jet_parallax_layout_list&quot;:[]}\">\n\t\t\t\t\t<div class=\"e-con-inner\">\n\t\t\t\t<div class=\"elementor-element elementor-element-93390c0 custom-button elementor-widget elementor-widget-button\" data-id=\"93390c0\" data-element_type=\"widget\" data-widget_type=\"button.default\">\n\t\t\t\t<div class=\"elementor-widget-container\">\n\t\t\t\t\t\t\t\t\t<div class=\"elementor-button-wrapper\">\n\t\t\t\t\t<a class=\"elementor-button elementor-button-link elementor-size-sm elementor-animation-shrink\" href=\"https:\/\/www.aquacycle.be\/wp-content\/uploads\/2026\/02\/260203_Comparatif-robinets.png\" target=\"_blank\">\n\t\t\t\t\t\t<span class=\"elementor-button-content-wrapper\">\n\t\t\t\t\t\t\t\t\t<span class=\"elementor-button-text\">Faucet comparison<\/span>\n\t\t\t\t\t<\/span>\n\t\t\t\t\t<\/a>\n\t\t\t\t<\/div>\n\t\t\t\t\t\t\t\t<\/div>\n\t\t\t\t<\/div>\n\t\t\t\t\t<\/div>\n\t\t\t\t<\/div>\n\t\t\t\t<\/div>\n\t\t<\/div>\n<\/div>","protected":false},"excerpt":{"rendered":"<p>Robinet design pour osmoseur \u2013 \u00c9l\u00e9gant, robuste et pratique Apportez une touche d\u2019\u00e9l\u00e9gance \u00e0 l\u2019\u00e9l\u00e9ment visible de votre osmoseur : le robinet design 3 voies! Ce robinet est con\u00e7u avec un col en laiton et une base en alliage de zinc, alliant robustesse et durabilit\u00e9. Son m\u00e9canisme en c\u00e9ramique garantit une grande fiabilit\u00e9, tandis que [&hellip;]<\/p>","protected":false},"featured_media":12407,"comment_status":"open","ping_status":"closed","template":"","meta":{"_acf_changed":false,"_metasync_otto_title":"","_metasync_otto_description":"","_metasync_otto_keywords":"","_metasync_otto_og_title":"","_metasync_otto_og_description":"","_metasync_otto_twitter_title":"","_metasync_otto_twitter_description":"","rank_math_title":"Robinet design 3 voies - \u00c9l\u00e9gance Aquacycle","rank_math_description":"Apportez une touche d'\u00e9l\u00e9gance \u00e0 votre osmoseur avec le robinet design 3 voies, l'\u00e9l\u00e9ment parfait pour allier style et fonctionnalit\u00e9.","_yoast_wpseo_title":"","_yoast_wpseo_metadesc":"","_aioseo_title":"","_aioseo_description":""},"product_brand":[],"product_cat":[110,202],"product_tag":[107,108],"class_list":{"0":"post-8655","1":"product","2":"type-product","3":"status-publish","4":"has-post-thumbnail","6":"product_cat-accessoires","7":"product_cat-robinet","8":"product_tag-particulier","9":"product_tag-professionnel","11":"first","12":"instock","13":"taxable","14":"shipping-taxable","15":"purchasable","16":"product-type-simple"},"acf":[],"_links":{"self":[{"href":"https:\/\/www.aquacycle.be\/en\/wp-json\/wp\/v2\/product\/8655","targetHints":{"allow":["GET"]}}],"collection":[{"href":"https:\/\/www.aquacycle.be\/en\/wp-json\/wp\/v2\/product"}],"about":[{"href":"https:\/\/www.aquacycle.be\/en\/wp-json\/wp\/v2\/types\/product"}],"replies":[{"embeddable":true,"href":"https:\/\/www.aquacycle.be\/en\/wp-json\/wp\/v2\/comments?post=8655"}],"wp:featuredmedia":[{"embeddable":true,"href":"https:\/\/www.aquacycle.be\/en\/wp-json\/wp\/v2\/media\/12407"}],"wp:attachment":[{"href":"https:\/\/www.aquacycle.be\/en\/wp-json\/wp\/v2\/media?parent=8655"}],"wp:term":[{"taxonomy":"product_brand","embeddable":true,"href":"https:\/\/www.aquacycle.be\/en\/wp-json\/wp\/v2\/product_brand?post=8655"},{"taxonomy":"product_cat","embeddable":true,"href":"https:\/\/www.aquacycle.be\/en\/wp-json\/wp\/v2\/product_cat?post=8655"},{"taxonomy":"product_tag","embeddable":true,"href":"https:\/\/www.aquacycle.be\/en\/wp-json\/wp\/v2\/product_tag?post=8655"}],"curies":[{"name":"wp","href":"https:\/\/api.w.org\/{rel}","templated":true}]}}