{"id":8647,"date":"2025-05-07T11:54:15","date_gmt":"2025-05-07T09:54:15","guid":{"rendered":"https:\/\/www.aquacycle.eu\/?post_type=product&#038;p=8647"},"modified":"2026-02-03T10:36:29","modified_gmt":"2026-02-03T09:36:29","slug":"robinet-1-voie","status":"publish","type":"product","link":"https:\/\/www.aquacycle.be\/en\/our-products\/accessories\/faucet\/robinet-1-voie\/","title":{"rendered":"Valve - 1 way"},"content":{"rendered":"<div>\n<h2>Robinet pour osmoseur : \u00e9conomique et fiable<\/h2>\n<p>Robinet classique, \u00e0 la fois <strong>\u00e9conomique<\/strong> and <strong>quality<\/strong>, est id\u00e9al pour compl\u00e9ter votre osmoseur.<br \/>\nIl repr\u00e9sente un excellent choix alliant <strong>fiabilit\u00e9<\/strong> and <strong>prix attractif<\/strong>.<\/p>\n<p>Con\u00e7u avec un <strong>corps en alliage de zinc<\/strong> et \u00e9quip\u00e9 de <strong>rubber seals<\/strong>,<br \/>\nil assure une parfaite compatibilit\u00e9 avec votre syst\u00e8me de filtration par osmose.<\/p>\n<h5>Available valve types<\/h5>\n<ul>\n<li><strong>1-way valve :<\/strong> sert sp\u00e9cifiquement \u00e0 l\u2019eau osmos\u00e9e. Il vient en compl\u00e9ment du mitigeur existant.<br \/>\n<em>Un per\u00e7age de l\u2019\u00e9vier ou du plan de travail est n\u00e9cessaire pour son installation.<\/em><\/li>\n<li><strong>3-way valve :<\/strong> vous \u00e9vite un per\u00e7age suppl\u00e9mentaire.<br \/>\nIl permet de disposer de <strong>hot water, cold water<\/strong> and <strong>osmosis water<\/strong> from a single tap.<\/li>\n<\/ul>\n<p><!-- Int\u00e9gration Elementor --><\/p>\n<div>\t\t<div data-elementor-type=\"container\" data-elementor-id=\"7104\" class=\"elementor elementor-7104\" data-elementor-post-type=\"elementor_library\">\n\t\t\t\t<div class=\"elementor-element elementor-element-9361ccf e-flex e-con-boxed e-con e-parent\" data-id=\"9361ccf\" data-element_type=\"container\" data-settings=\"{&quot;jet_parallax_layout_list&quot;:[]}\">\n\t\t\t\t\t<div class=\"e-con-inner\">\n\t\t\t\t<div class=\"elementor-element elementor-element-93390c0 custom-button elementor-widget elementor-widget-button\" data-id=\"93390c0\" data-element_type=\"widget\" data-widget_type=\"button.default\">\n\t\t\t\t<div class=\"elementor-widget-container\">\n\t\t\t\t\t\t\t\t\t<div class=\"elementor-button-wrapper\">\n\t\t\t\t\t<a class=\"elementor-button elementor-button-link elementor-size-sm elementor-animation-shrink\" href=\"https:\/\/www.aquacycle.be\/wp-content\/uploads\/2026\/02\/260203_Comparatif-robinets.png\" target=\"_blank\">\n\t\t\t\t\t\t<span class=\"elementor-button-content-wrapper\">\n\t\t\t\t\t\t\t\t\t<span class=\"elementor-button-text\">Faucet comparison<\/span>\n\t\t\t\t\t<\/span>\n\t\t\t\t\t<\/a>\n\t\t\t\t<\/div>\n\t\t\t\t\t\t\t\t<\/div>\n\t\t\t\t<\/div>\n\t\t\t\t\t<\/div>\n\t\t\t\t<\/div>\n\t\t\t\t<\/div>\n\t\t<\/div>\n<\/div>","protected":false},"excerpt":{"rendered":"<p>Robinet pour osmoseur : \u00e9conomique et fiable Robinet classique, \u00e0 la fois \u00e9conomique et de qualit\u00e9, est id\u00e9al pour compl\u00e9ter votre osmoseur. Il repr\u00e9sente un excellent choix alliant fiabilit\u00e9 et prix attractif. Con\u00e7u avec un corps en alliage de zinc et \u00e9quip\u00e9 de joints en caoutchouc, il assure une parfaite compatibilit\u00e9 avec votre syst\u00e8me de [&hellip;]<\/p>","protected":false},"featured_media":8505,"comment_status":"open","ping_status":"closed","template":"","meta":{"_acf_changed":false,"_metasync_otto_title":"","_metasync_otto_description":"","_metasync_otto_keywords":"","_metasync_otto_og_title":"","_metasync_otto_og_description":"","_metasync_otto_twitter_title":"","_metasync_otto_twitter_description":"","rank_math_title":"","rank_math_description":"","_yoast_wpseo_title":"","_yoast_wpseo_metadesc":"","_aioseo_title":"","_aioseo_description":""},"product_brand":[],"product_cat":[110,202],"product_tag":[107,108],"class_list":{"0":"post-8647","1":"product","2":"type-product","3":"status-publish","4":"has-post-thumbnail","6":"product_cat-accessoires","7":"product_cat-robinet","8":"product_tag-particulier","9":"product_tag-professionnel","11":"first","12":"instock","13":"taxable","14":"shipping-taxable","15":"purchasable","16":"product-type-simple"},"acf":[],"_links":{"self":[{"href":"https:\/\/www.aquacycle.be\/en\/wp-json\/wp\/v2\/product\/8647","targetHints":{"allow":["GET"]}}],"collection":[{"href":"https:\/\/www.aquacycle.be\/en\/wp-json\/wp\/v2\/product"}],"about":[{"href":"https:\/\/www.aquacycle.be\/en\/wp-json\/wp\/v2\/types\/product"}],"replies":[{"embeddable":true,"href":"https:\/\/www.aquacycle.be\/en\/wp-json\/wp\/v2\/comments?post=8647"}],"wp:featuredmedia":[{"embeddable":true,"href":"https:\/\/www.aquacycle.be\/en\/wp-json\/wp\/v2\/media\/8505"}],"wp:attachment":[{"href":"https:\/\/www.aquacycle.be\/en\/wp-json\/wp\/v2\/media?parent=8647"}],"wp:term":[{"taxonomy":"product_brand","embeddable":true,"href":"https:\/\/www.aquacycle.be\/en\/wp-json\/wp\/v2\/product_brand?post=8647"},{"taxonomy":"product_cat","embeddable":true,"href":"https:\/\/www.aquacycle.be\/en\/wp-json\/wp\/v2\/product_cat?post=8647"},{"taxonomy":"product_tag","embeddable":true,"href":"https:\/\/www.aquacycle.be\/en\/wp-json\/wp\/v2\/product_tag?post=8647"}],"curies":[{"name":"wp","href":"https:\/\/api.w.org\/{rel}","templated":true}]}}