{"id":8643,"date":"2025-05-07T11:54:15","date_gmt":"2025-05-07T09:54:15","guid":{"rendered":"https:\/\/www.aquacycle.eu\/?post_type=product&#038;p=8643"},"modified":"2025-09-24T13:18:51","modified_gmt":"2025-09-24T11:18:51","slug":"kit-analyse-2","status":"publish","type":"product","link":"https:\/\/www.aquacycle.be\/en\/our-products\/accessories\/analysis\/kit-analyse-2\/","title":{"rendered":"Analysis kit"},"content":{"rendered":"<div>\n<h2>Test TDS : Contr\u00f4le du r\u00e9sidu \u00e0 sec<\/h2>\n<p>Le test <strong>TDS<\/strong> pour eau : contr\u00f4ler la qualit\u00e9 de votre eau, avant et apr\u00e8s filtration.<br \/>\nLe TDS (<em>Total Dissolved Solids<\/em>), ou r\u00e9sidu \u00e0 sec, exprime les particules solides recueillies apr\u00e8s l&rsquo;\u00e9vaporation de l&rsquo;eau \u00e0 180\u00a0\u00b0.<br \/>\nPlus simplement dit, tout ce qui reste une fois que l\u2019eau est partie. Le r\u00e9sidu sec s\u2019exprime en <strong>PPM (parts per million)<\/strong> or <strong>mg\/litre<\/strong>.<\/p>\n<p>Il vous permet de mesurer rapidement et avec pr\u00e9cision la qualit\u00e9 de votre eau de mani\u00e8re quantitative.<br \/>\nLe TDS indique la quantit\u00e9 de solides pr\u00e9sents dans l\u2019eau, mais pas leur nature.<br \/>\nPour cela, des analyses plus sp\u00e9cifiques sont n\u00e9cessaires.<\/p>\n<p><strong>Vous \u00eates curieux et souhaitez tester votre eau\u00a0?<\/strong><br \/>\nLa technologie est tr\u00e8s simple d\u2019usage\u00a0: il suffit de <strong>planter le m\u00e8tre TDS Aquacycle<\/strong> dans votre eau pour obtenir la mesure.<\/p>\n<p><strong>Bon \u00e0 savoir\u00a0:<\/strong> la pile est incluse, mais non install\u00e9e. Vous la trouverez dans la pochette.<\/p>\n<p>Que vous souhaitiez \u00e9valuer la qualit\u00e9 d\u2019une eau de source, de pluie, de puits ou de votre robinet,<br \/>\nnous mettons \u00e0 votre disposition des solutions <strong>high-performance and accessible<\/strong> for testing all types of water.<\/p>\n<p>If you have any questions or concerns, <strong>don't hesitate to contact us<\/strong> !<\/p>\n<\/div>","protected":false},"excerpt":{"rendered":"<p>Test TDS : Contr\u00f4le du r\u00e9sidu \u00e0 sec Le test TDS pour eau : contr\u00f4ler la qualit\u00e9 de votre eau, avant et apr\u00e8s filtration. Le TDS (Total Dissolved Solids), ou r\u00e9sidu \u00e0 sec, exprime les particules solides recueillies apr\u00e8s l&rsquo;\u00e9vaporation de l&rsquo;eau \u00e0 180\u00a0\u00b0. Plus simplement dit, tout ce qui reste une fois que l\u2019eau [&hellip;]<\/p>","protected":false},"featured_media":8477,"comment_status":"open","ping_status":"closed","template":"","meta":{"_acf_changed":false,"_metasync_otto_title":"","_metasync_otto_description":"","_metasync_otto_keywords":"","_metasync_otto_og_title":"","_metasync_otto_og_description":"","_metasync_otto_twitter_title":"","_metasync_otto_twitter_description":"","rank_math_title":"","rank_math_description":"","_yoast_wpseo_title":"","_yoast_wpseo_metadesc":"","_aioseo_title":"","_aioseo_description":""},"product_brand":[],"product_cat":[110,118],"product_tag":[107,108],"class_list":{"0":"post-8643","1":"product","2":"type-product","3":"status-publish","4":"has-post-thumbnail","6":"product_cat-accessoires","7":"product_cat-analyse","8":"product_tag-particulier","9":"product_tag-professionnel","11":"first","12":"instock","13":"taxable","14":"shipping-taxable","15":"purchasable","16":"product-type-simple"},"acf":[],"_links":{"self":[{"href":"https:\/\/www.aquacycle.be\/en\/wp-json\/wp\/v2\/product\/8643","targetHints":{"allow":["GET"]}}],"collection":[{"href":"https:\/\/www.aquacycle.be\/en\/wp-json\/wp\/v2\/product"}],"about":[{"href":"https:\/\/www.aquacycle.be\/en\/wp-json\/wp\/v2\/types\/product"}],"replies":[{"embeddable":true,"href":"https:\/\/www.aquacycle.be\/en\/wp-json\/wp\/v2\/comments?post=8643"}],"wp:featuredmedia":[{"embeddable":true,"href":"https:\/\/www.aquacycle.be\/en\/wp-json\/wp\/v2\/media\/8477"}],"wp:attachment":[{"href":"https:\/\/www.aquacycle.be\/en\/wp-json\/wp\/v2\/media?parent=8643"}],"wp:term":[{"taxonomy":"product_brand","embeddable":true,"href":"https:\/\/www.aquacycle.be\/en\/wp-json\/wp\/v2\/product_brand?post=8643"},{"taxonomy":"product_cat","embeddable":true,"href":"https:\/\/www.aquacycle.be\/en\/wp-json\/wp\/v2\/product_cat?post=8643"},{"taxonomy":"product_tag","embeddable":true,"href":"https:\/\/www.aquacycle.be\/en\/wp-json\/wp\/v2\/product_tag?post=8643"}],"curies":[{"name":"wp","href":"https:\/\/api.w.org\/{rel}","templated":true}]}}