{"id":8639,"date":"2025-05-07T11:54:15","date_gmt":"2025-05-07T09:54:15","guid":{"rendered":"https:\/\/www.aquacycle.eu\/?post_type=product&#038;p=8639"},"modified":"2025-09-24T13:20:13","modified_gmt":"2025-09-24T11:20:13","slug":"kit-analyse","status":"publish","type":"product","link":"https:\/\/www.aquacycle.be\/en\/our-products\/accessories\/analysis\/kit-analyse\/","title":{"rendered":"Analysis kit"},"content":{"rendered":"<div>\n<h2>Water hardness test kit<\/h2>\n<p>\n    Accurately assess your water hardness with this specialized test kit.<br \/>\n    <strong>More reliable than paper strips<\/strong>It provides you with an exact measurement, allowing you to know the hardness of your water to the nearest degree.\n  <\/p>\n<p>\n    L\u2019eau de pluie, \u00e0 l\u2019origine pure, devient calcaire lorsqu\u2019elle traverse des sols riches en roches calcaires.<br \/>\n    En dissolvant ces min\u00e9raux, elle se charge en ions calcium (Ca\u00b2\u207a) et magn\u00e9sium (Mg\u00b2\u207a), ce qui d\u00e9termine sa duret\u00e9.<br \/>\n    La teneur en calcaire de votre eau est donc <strong>mainly determined by the geology of your region<\/strong>.\n  <\/p>\n<p>\n    The more of these minerals a water contains, the more it is said to be <strong>\"hard\"<\/strong>the more it tends to leave limescale deposits in pipes and household appliances.\n  <\/p>\n<p>\n    Que vous souhaitiez \u00e9valuer la qualit\u00e9 d\u2019une eau de source, de pluie, de puits ou de votre robinet,<br \/>\n    nous mettons \u00e0 votre disposition des solutions <strong>high-performance and accessible<\/strong> for testing all types of water.\n  <\/p>\n<p>\n    If you have any questions or concerns, <strong>don't hesitate to contact us<\/strong> !\n  <\/p>\n<\/div>","protected":false},"excerpt":{"rendered":"<p>Kit de test de duret\u00e9 de l&rsquo;eau \u00c9valuez avec pr\u00e9cision la duret\u00e9 de votre eau gr\u00e2ce \u00e0 ce kit de test sp\u00e9cialis\u00e9. Plus fiable que les bandelettes en papier, il vous offre une mesure exacte, vous permettant de conna\u00eetre la duret\u00e9 de votre eau au degr\u00e9 pr\u00e8s. L\u2019eau de pluie, \u00e0 l\u2019origine pure, devient calcaire [&hellip;]<\/p>","protected":false},"featured_media":8474,"comment_status":"open","ping_status":"closed","template":"","meta":{"_acf_changed":false,"_metasync_otto_title":"","_metasync_otto_description":"","_metasync_otto_keywords":"","_metasync_otto_og_title":"","_metasync_otto_og_description":"","_metasync_otto_twitter_title":"","_metasync_otto_twitter_description":"","rank_math_title":"","rank_math_description":"","_yoast_wpseo_title":"","_yoast_wpseo_metadesc":"","_aioseo_title":"","_aioseo_description":""},"product_brand":[],"product_cat":[110,118],"product_tag":[107,108],"class_list":{"0":"post-8639","1":"product","2":"type-product","3":"status-publish","4":"has-post-thumbnail","6":"product_cat-accessoires","7":"product_cat-analyse","8":"product_tag-particulier","9":"product_tag-professionnel","11":"first","12":"instock","13":"taxable","14":"shipping-taxable","15":"purchasable","16":"product-type-simple"},"acf":[],"_links":{"self":[{"href":"https:\/\/www.aquacycle.be\/en\/wp-json\/wp\/v2\/product\/8639","targetHints":{"allow":["GET"]}}],"collection":[{"href":"https:\/\/www.aquacycle.be\/en\/wp-json\/wp\/v2\/product"}],"about":[{"href":"https:\/\/www.aquacycle.be\/en\/wp-json\/wp\/v2\/types\/product"}],"replies":[{"embeddable":true,"href":"https:\/\/www.aquacycle.be\/en\/wp-json\/wp\/v2\/comments?post=8639"}],"wp:featuredmedia":[{"embeddable":true,"href":"https:\/\/www.aquacycle.be\/en\/wp-json\/wp\/v2\/media\/8474"}],"wp:attachment":[{"href":"https:\/\/www.aquacycle.be\/en\/wp-json\/wp\/v2\/media?parent=8639"}],"wp:term":[{"taxonomy":"product_brand","embeddable":true,"href":"https:\/\/www.aquacycle.be\/en\/wp-json\/wp\/v2\/product_brand?post=8639"},{"taxonomy":"product_cat","embeddable":true,"href":"https:\/\/www.aquacycle.be\/en\/wp-json\/wp\/v2\/product_cat?post=8639"},{"taxonomy":"product_tag","embeddable":true,"href":"https:\/\/www.aquacycle.be\/en\/wp-json\/wp\/v2\/product_tag?post=8639"}],"curies":[{"name":"wp","href":"https:\/\/api.w.org\/{rel}","templated":true}]}}