{"id":8620,"date":"2025-05-07T11:54:14","date_gmt":"2025-05-07T09:54:14","guid":{"rendered":"https:\/\/www.aquacycle.eu\/?post_type=product&#038;p=8620"},"modified":"2026-02-03T15:45:24","modified_gmt":"2026-02-03T14:45:24","slug":"complete-maintenance-kit","status":"publish","type":"product","link":"https:\/\/www.aquacycle.be\/en\/our-products\/accessories\/maintenance-kits\/complete-maintenance-kit\/","title":{"rendered":"Complete maintenance kit"},"content":{"rendered":"<div>\n<p>The resin in this filter does not reduce water hardness, but does <strong>prevents scale formation<\/strong> to protect your appliances thanks to three mechanisms:<\/p>\n<ul>\n<li><strong>Limestone crystal growth inhibition :<\/strong><br \/>\nby modifying the crystalline structure of limestone, it prevents it from growing and depositing on surfaces.<\/li>\n<li><strong>Fragmentation of sediment crystals :<\/strong><br \/>\nit breaks down limestone crystals into smaller particles, reducing their ability to settle.<\/li>\n<li><strong>Preventing crystal agglomeration:<\/strong><br \/>\nby preventing limestone crystals from clumping together, it reduces the formation of solid deposits.<\/li>\n<\/ul>\n<p>These mechanisms help protect your equipment by limiting limescale deposits <strong>without softening the water<\/strong>.<\/p>\n\t\t<div data-elementor-type=\"container\" data-elementor-id=\"12438\" class=\"elementor elementor-12438\" data-elementor-post-type=\"elementor_library\">\n\t\t\t\t<div class=\"elementor-element elementor-element-9361ccf e-flex e-con-boxed e-con e-parent\" data-id=\"9361ccf\" data-element_type=\"container\" data-settings=\"{&quot;jet_parallax_layout_list&quot;:[]}\">\n\t\t\t\t\t<div class=\"e-con-inner\">\n\t\t\t\t<div class=\"elementor-element elementor-element-93390c0 custom-button elementor-widget elementor-widget-button\" data-id=\"93390c0\" data-element_type=\"widget\" data-widget_type=\"button.default\">\n\t\t\t\t<div class=\"elementor-widget-container\">\n\t\t\t\t\t\t\t\t\t<div class=\"elementor-button-wrapper\">\n\t\t\t\t\t<a class=\"elementor-button elementor-button-link elementor-size-sm elementor-animation-shrink\" href=\"https:\/\/www.aquacycle.be\/wp-content\/uploads\/2026\/02\/260203_Comparatif-kit-entretien.jpg\" target=\"_blank\">\n\t\t\t\t\t\t<span class=\"elementor-button-content-wrapper\">\n\t\t\t\t\t\t\t\t\t<span class=\"elementor-button-text\">Maintenance kit comparison<\/span>\n\t\t\t\t\t<\/span>\n\t\t\t\t\t<\/a>\n\t\t\t\t<\/div>\n\t\t\t\t\t\t\t\t<\/div>\n\t\t\t\t<\/div>\n\t\t\t\t\t<\/div>\n\t\t\t\t<\/div>\n\t\t\t\t<\/div>\n\t\t\n<\/div>","protected":false},"excerpt":{"rendered":"<p>La r\u00e9sine de ce filtre ne r\u00e9duit pas la duret\u00e9 de l&rsquo;eau, mais emp\u00eache la formation de tartre pour prot\u00e9ger vos appareils \u00e9lectrom\u00e9nagers gr\u00e2ce \u00e0 trois m\u00e9canismes : Inhibition de la croissance des cristaux de calcaire : en modifiant la structure cristalline du calcaire, il emp\u00eache sa croissance et son d\u00e9p\u00f4t sur les surfaces. Fragmentation [&hellip;]<\/p>","protected":false},"featured_media":8467,"comment_status":"open","ping_status":"closed","template":"","meta":{"_acf_changed":false,"_metasync_otto_title":"","_metasync_otto_description":"","_metasync_otto_keywords":"","_metasync_otto_og_title":"","_metasync_otto_og_description":"","_metasync_otto_twitter_title":"","_metasync_otto_twitter_description":"","rank_math_title":"","rank_math_description":"","_yoast_wpseo_title":"","_yoast_wpseo_metadesc":"","_aioseo_title":"","_aioseo_description":""},"product_brand":[],"product_cat":[110,201],"product_tag":[107,108],"class_list":{"0":"post-8620","1":"product","2":"type-product","3":"status-publish","4":"has-post-thumbnail","6":"product_cat-accessoires","7":"product_cat-kits-entretien","8":"product_tag-particulier","9":"product_tag-professionnel","11":"first","12":"instock","13":"taxable","14":"shipping-taxable","15":"purchasable","16":"product-type-simple"},"acf":[],"_links":{"self":[{"href":"https:\/\/www.aquacycle.be\/en\/wp-json\/wp\/v2\/product\/8620","targetHints":{"allow":["GET"]}}],"collection":[{"href":"https:\/\/www.aquacycle.be\/en\/wp-json\/wp\/v2\/product"}],"about":[{"href":"https:\/\/www.aquacycle.be\/en\/wp-json\/wp\/v2\/types\/product"}],"replies":[{"embeddable":true,"href":"https:\/\/www.aquacycle.be\/en\/wp-json\/wp\/v2\/comments?post=8620"}],"wp:featuredmedia":[{"embeddable":true,"href":"https:\/\/www.aquacycle.be\/en\/wp-json\/wp\/v2\/media\/8467"}],"wp:attachment":[{"href":"https:\/\/www.aquacycle.be\/en\/wp-json\/wp\/v2\/media?parent=8620"}],"wp:term":[{"taxonomy":"product_brand","embeddable":true,"href":"https:\/\/www.aquacycle.be\/en\/wp-json\/wp\/v2\/product_brand?post=8620"},{"taxonomy":"product_cat","embeddable":true,"href":"https:\/\/www.aquacycle.be\/en\/wp-json\/wp\/v2\/product_cat?post=8620"},{"taxonomy":"product_tag","embeddable":true,"href":"https:\/\/www.aquacycle.be\/en\/wp-json\/wp\/v2\/product_tag?post=8620"}],"curies":[{"name":"wp","href":"https:\/\/api.w.org\/{rel}","templated":true}]}}