{"id":8604,"date":"2025-05-07T10:51:22","date_gmt":"2025-05-07T08:51:22","guid":{"rendered":"https:\/\/www.aquacycle.eu\/?post_type=product&#038;p=8604"},"modified":"2026-04-08T07:04:12","modified_gmt":"2026-04-08T05:04:12","slug":"full-height-osmosis-water-cooler","status":"publish","type":"product","link":"https:\/\/www.aquacycle.be\/en\/our-products\/osmosis-plant\/fountain\/full-height-osmosis-water-cooler\/","title":{"rendered":"Full-height osmosis waterfountain"},"content":{"rendered":"<section>D\u00e9couvrez notre fontaine \u00e0 eau osmos\u00e9e id\u00e9ale pour les bureaux !<br \/>\nOffrez \u00e0 votre \u00e9quipe, vos employ\u00e9s et vos clients une eau pure et de qualit\u00e9 sup\u00e9rieure, disponible \u00e0 volont\u00e9. Une solution pratique et \u00e9l\u00e9gante pour favoriser le bien-\u00eatre et le confort au quotidien.<\/section>\n<h5><strong>Advantages of Blue Sea :<\/strong><\/h5>\n<ul>\n<li class=\"translation-block\"><strong>Technologie de filtration avanc\u00e9e \u00e9liminant<\/strong> : pesticides, r\u00e9sidus m\u00e9dicamenteux, nitrates, chlore, virus, bact\u00e9ries, m\u00e9taux lourds, mauvais go\u00fbts et odeurs.<\/li>\n<li><strong>Osmosis water production<\/strong> 300 liters per day, ideal for intensive use.<\/li>\n<li class=\"translation-block\"><strong>Reinforced safety<\/strong>: automatic hot water lock (child lock).<\/li>\n<li class=\"translation-block\"><strong>Polyvalence<\/strong>: offers three water temperatures - hot, cold and temperate.<\/li>\n<li class=\"translation-block\"><strong>Eco-responsible<\/strong>: 1L of osmosis water for 1L of waste water.<\/li>\n<li class=\"translation-block\"><strong>Ergonomics<\/strong>: compact design.<\/li>\n<\/ul>\n\t\t<div data-elementor-type=\"container\" data-elementor-id=\"7233\" class=\"elementor elementor-7233\" data-elementor-post-type=\"elementor_library\">\n\t\t\t\t<div class=\"elementor-element elementor-element-9361ccf e-flex e-con-boxed e-con e-parent\" data-id=\"9361ccf\" data-element_type=\"container\" data-settings=\"{&quot;jet_parallax_layout_list&quot;:[]}\">\n\t\t\t\t\t<div class=\"e-con-inner\">\n\t\t\t\t<div class=\"elementor-element elementor-element-93390c0 custom-button elementor-widget elementor-widget-button\" data-id=\"93390c0\" data-element_type=\"widget\" data-widget_type=\"button.default\">\n\t\t\t\t<div class=\"elementor-widget-container\">\n\t\t\t\t\t\t\t\t\t<div class=\"elementor-button-wrapper\">\n\t\t\t\t\t<a class=\"elementor-button elementor-button-link elementor-size-sm elementor-animation-shrink\" href=\"https:\/\/www.aquacycle.be\/wp-content\/uploads\/2026\/02\/260203_Comparatif-Fontaines.jpg\" target=\"_blank\">\n\t\t\t\t\t\t<span class=\"elementor-button-content-wrapper\">\n\t\t\t\t\t\t\t\t\t<span class=\"elementor-button-text\">Comparative fountain osmosis<\/span>\n\t\t\t\t\t<\/span>\n\t\t\t\t\t<\/a>\n\t\t\t\t<\/div>\n\t\t\t\t\t\t\t\t<\/div>\n\t\t\t\t<\/div>\n\t\t\t\t\t<\/div>\n\t\t\t\t<\/div>\n\t\t\t\t<\/div>","protected":false},"excerpt":{"rendered":"<p>D\u00e9couvrez notre fontaine \u00e0 eau osmos\u00e9e id\u00e9ale pour les bureaux ! Offrez \u00e0 votre \u00e9quipe, vos employ\u00e9s et vos clients une eau pure et de qualit\u00e9 sup\u00e9rieure, disponible \u00e0 volont\u00e9. Une solution pratique et \u00e9l\u00e9gante pour favoriser le bien-\u00eatre et le confort au quotidien. Avantages de la Blue Sea : Technologie de filtration avanc\u00e9e \u00e9liminant [&hellip;]<\/p>","protected":false},"featured_media":13008,"comment_status":"open","ping_status":"closed","template":"","meta":{"_acf_changed":false,"_metasync_otto_title":"","_metasync_otto_description":"","_metasync_otto_keywords":"","_metasync_otto_og_title":"","_metasync_otto_og_description":"","_metasync_otto_twitter_title":"","_metasync_otto_twitter_description":"","rank_math_title":"","rank_math_description":"","_yoast_wpseo_title":"","_yoast_wpseo_metadesc":"","_aioseo_title":"","_aioseo_description":""},"product_brand":[],"product_cat":[116,113],"product_tag":[107,108],"class_list":{"0":"post-8604","1":"product","2":"type-product","3":"status-publish","4":"has-post-thumbnail","6":"product_cat-fontaine","7":"product_cat-osmoseur","8":"product_tag-particulier","9":"product_tag-professionnel","11":"first","12":"instock","13":"taxable","14":"shipping-taxable","15":"purchasable","16":"product-type-variable","17":"has-default-attributes"},"acf":[],"_links":{"self":[{"href":"https:\/\/www.aquacycle.be\/en\/wp-json\/wp\/v2\/product\/8604","targetHints":{"allow":["GET"]}}],"collection":[{"href":"https:\/\/www.aquacycle.be\/en\/wp-json\/wp\/v2\/product"}],"about":[{"href":"https:\/\/www.aquacycle.be\/en\/wp-json\/wp\/v2\/types\/product"}],"replies":[{"embeddable":true,"href":"https:\/\/www.aquacycle.be\/en\/wp-json\/wp\/v2\/comments?post=8604"}],"wp:featuredmedia":[{"embeddable":true,"href":"https:\/\/www.aquacycle.be\/en\/wp-json\/wp\/v2\/media\/13008"}],"wp:attachment":[{"href":"https:\/\/www.aquacycle.be\/en\/wp-json\/wp\/v2\/media?parent=8604"}],"wp:term":[{"taxonomy":"product_brand","embeddable":true,"href":"https:\/\/www.aquacycle.be\/en\/wp-json\/wp\/v2\/product_brand?post=8604"},{"taxonomy":"product_cat","embeddable":true,"href":"https:\/\/www.aquacycle.be\/en\/wp-json\/wp\/v2\/product_cat?post=8604"},{"taxonomy":"product_tag","embeddable":true,"href":"https:\/\/www.aquacycle.be\/en\/wp-json\/wp\/v2\/product_tag?post=8604"}],"curies":[{"name":"wp","href":"https:\/\/api.w.org\/{rel}","templated":true}]}}