{"id":8591,"date":"2025-05-07T10:51:21","date_gmt":"2025-05-07T08:51:21","guid":{"rendered":"https:\/\/www.aquacycle.eu\/?post_type=product&#038;p=8591"},"modified":"2026-04-08T07:07:04","modified_gmt":"2026-04-08T05:07:04","slug":"osmose-mobile-mobilos","status":"publish","type":"product","link":"https:\/\/www.aquacycle.be\/en\/our-products\/osmosis-plant\/fountain\/osmose-mobile-mobilos\/","title":{"rendered":"Top-of-the-range mobile osmosis fountain"},"content":{"rendered":"<section>This fountain osmosis unit requires no installation and no connection to the water network, making it easy to move around.It's the smallest fountain in our range, designed for the most confined spaces.Ideal for those looking for a flexible, high-performance solution for pure water at all times.<\/section>\n<h5><strong>Advantages of Mobilos <\/strong>:<\/h5>\n<ul>\n<li class=\"translation-block\"><strong>Advanced filtration technology eliminates<\/strong>: pesticides, drug residues, nitrates, chlorine, viruses, bacteria, heavy metals, as well as bad tastes and odors.<\/li>\n<li><strong>Without installation<\/strong> : Operates without a water connection, only an electrical outlet is required.<\/li>\n<li><strong>Enhanced safety<\/strong> Automatic hot water lock (child lock).<\/li>\n<li><strong>Eco-responsible<\/strong> 3L of osmosis water for 1L of waste water.<\/li>\n<li><strong>Temperate or hot water<\/strong> 45\u00b0C, 85\u00b0C and 100\u00b0C.<\/li>\n<li><strong>Simplified maintenance<\/strong> A single cartridge (PP, CTO, RO) to be replaced every 2 years on average.<\/li>\n<li><strong>Constant flow<\/strong> 40 cl\/min, regardless of temperature.<\/li>\n<\/ul>\n\t\t<div data-elementor-type=\"container\" data-elementor-id=\"7233\" class=\"elementor elementor-7233\" data-elementor-post-type=\"elementor_library\">\n\t\t\t\t<div class=\"elementor-element elementor-element-9361ccf e-flex e-con-boxed e-con e-parent\" data-id=\"9361ccf\" data-element_type=\"container\" data-settings=\"{&quot;jet_parallax_layout_list&quot;:[]}\">\n\t\t\t\t\t<div class=\"e-con-inner\">\n\t\t\t\t<div class=\"elementor-element elementor-element-93390c0 custom-button elementor-widget elementor-widget-button\" data-id=\"93390c0\" data-element_type=\"widget\" data-widget_type=\"button.default\">\n\t\t\t\t<div class=\"elementor-widget-container\">\n\t\t\t\t\t\t\t\t\t<div class=\"elementor-button-wrapper\">\n\t\t\t\t\t<a class=\"elementor-button elementor-button-link elementor-size-sm elementor-animation-shrink\" href=\"https:\/\/www.aquacycle.be\/wp-content\/uploads\/2026\/02\/260203_Comparatif-Fontaines.jpg\" target=\"_blank\">\n\t\t\t\t\t\t<span class=\"elementor-button-content-wrapper\">\n\t\t\t\t\t\t\t\t\t<span class=\"elementor-button-text\">Comparative fountain osmosis<\/span>\n\t\t\t\t\t<\/span>\n\t\t\t\t\t<\/a>\n\t\t\t\t<\/div>\n\t\t\t\t\t\t\t\t<\/div>\n\t\t\t\t<\/div>\n\t\t\t\t\t<\/div>\n\t\t\t\t<\/div>\n\t\t\t\t<\/div>","protected":false},"excerpt":{"rendered":"<p>Cet osmoseur fontaine ne n\u00e9cessite aucune installationIl ne demande aucun raccordement au r\u00e9seau d\u2019eau, ce qui le rend facile \u00e0 d\u00e9placer.C\u2019est la plus petite fontaine de notre gamme, con\u00e7ue pour les espaces les plus restreints.Id\u00e9al pour ceux qui recherchent une solution flexible et performante pour une eau pure \u00e0 tout moment. Avantages du Mobilos : [&hellip;]<\/p>","protected":false},"featured_media":13012,"comment_status":"open","ping_status":"closed","template":"","meta":{"_acf_changed":false,"_metasync_otto_title":"","_metasync_otto_description":"","_metasync_otto_keywords":"","_metasync_otto_og_title":"","_metasync_otto_og_description":"","_metasync_otto_twitter_title":"","_metasync_otto_twitter_description":"","rank_math_title":"Fontaine \u00e0 osmose mobile haut de gamme | Aquacycle","rank_math_description":"D\u00e9couvrez notre osmose mobile, facile \u00e0 d\u00e9placer et sans installation, pour une eau purifi\u00e9e \u00e0 tout moment.","_yoast_wpseo_title":"","_yoast_wpseo_metadesc":"","_aioseo_title":"","_aioseo_description":""},"product_brand":[],"product_cat":[207,116,113],"product_tag":[107,108],"class_list":{"0":"post-8591","1":"product","2":"type-product","3":"status-publish","4":"has-post-thumbnail","6":"product_cat-best-sellers","7":"product_cat-fontaine","8":"product_cat-osmoseur","9":"product_tag-particulier","10":"product_tag-professionnel","12":"first","13":"instock","14":"taxable","15":"shipping-taxable","16":"purchasable","17":"product-type-variable","18":"has-default-attributes"},"acf":[],"_links":{"self":[{"href":"https:\/\/www.aquacycle.be\/en\/wp-json\/wp\/v2\/product\/8591","targetHints":{"allow":["GET"]}}],"collection":[{"href":"https:\/\/www.aquacycle.be\/en\/wp-json\/wp\/v2\/product"}],"about":[{"href":"https:\/\/www.aquacycle.be\/en\/wp-json\/wp\/v2\/types\/product"}],"replies":[{"embeddable":true,"href":"https:\/\/www.aquacycle.be\/en\/wp-json\/wp\/v2\/comments?post=8591"}],"wp:featuredmedia":[{"embeddable":true,"href":"https:\/\/www.aquacycle.be\/en\/wp-json\/wp\/v2\/media\/13012"}],"wp:attachment":[{"href":"https:\/\/www.aquacycle.be\/en\/wp-json\/wp\/v2\/media?parent=8591"}],"wp:term":[{"taxonomy":"product_brand","embeddable":true,"href":"https:\/\/www.aquacycle.be\/en\/wp-json\/wp\/v2\/product_brand?post=8591"},{"taxonomy":"product_cat","embeddable":true,"href":"https:\/\/www.aquacycle.be\/en\/wp-json\/wp\/v2\/product_cat?post=8591"},{"taxonomy":"product_tag","embeddable":true,"href":"https:\/\/www.aquacycle.be\/en\/wp-json\/wp\/v2\/product_tag?post=8591"}],"curies":[{"name":"wp","href":"https:\/\/api.w.org\/{rel}","templated":true}]}}