{"id":7720,"date":"2025-04-18T13:33:06","date_gmt":"2025-04-18T11:33:06","guid":{"rendered":"https:\/\/www.aquacycle.eu\/?post_type=product&#038;p=7720"},"modified":"2025-09-25T13:43:59","modified_gmt":"2025-09-25T11:43:59","slug":"dozone-generator-for-disinfecting-water","status":"publish","type":"product","link":"https:\/\/www.aquacycle.be\/en\/our-products\/ozone-generator\/dozone-generator-for-disinfecting-water\/","title":{"rendered":"Ozone generator for disinfecting water"},"content":{"rendered":"<section class=\"translation-block\">No need for chemicals! Compact, powerful Ozone Generator produces Ozone-enriched water with natural disinfectant capabilities. Ozone-enriched water has a disinfecting power <strong>~1.5x more powerful<\/strong> than a conventional detergent. With no consumables and no chemicals, the Prozone <strong>eliminates bacteria, viruses and chemical residues<\/strong> in a single step.The Ozone generator hangs on the wall next to your washing machine and allows you to do the wash in a <strong>economical and ecological<\/strong> way.<\/section>\n<section><\/section>\n<h5><strong>PROZONE ADVANTAGES :<\/strong><\/h5>\n<ul>\n<li class=\"translation-block\"><strong>Natural 100% disinfection<\/strong>: transforms tap water into an Ozone disinfectant solution.<\/li>\n<li class=\"translation-block\"><strong>Chemical-free<\/strong>: no detergents or consumables to add.<\/li>\n<li class=\"translation-block\"><strong>Multi-purpose<\/strong>: disinfects surfaces, utensils, hands, fruit, vegetables, and even drinking water.<\/li>\n<li class=\"translation-block\"><strong>Ecological<\/strong>: Ozone degrades naturally without polluting.<\/li>\n<li class=\"translation-block\"><strong>High efficiency<\/strong>: eliminates bacteria, viruses, pesticides and spores.<\/li>\n<\/ul>","protected":false},"excerpt":{"rendered":"<p>Plus besoin de produits chimiques\u202f! G\u00e9n\u00e9rateur d\u2019Ozone compact et puissant produisant une eau enrichie \u00e0 l&rsquo;Ozone avec des facult\u00e9s d\u00e9sinfectante naturelles. L\u2019eau enrichie \u00e0 l\u2019Ozone a un pouvoir d\u00e9sinfectant ~1,5x plus puissant qu\u2019un d\u00e9tergent classique. Sans consommables et sans produits chimiques, le Prozone \u00e9limine bact\u00e9ries, virus et r\u00e9sidus chimiques en un seul geste.Le g\u00e9n\u00e9rateur d\u2019Ozone [&hellip;]<\/p>","protected":false},"featured_media":8177,"comment_status":"open","ping_status":"closed","template":"","meta":{"_acf_changed":false,"_metasync_otto_title":"","_metasync_otto_description":"","_metasync_otto_keywords":"","_metasync_otto_og_title":"","_metasync_otto_og_description":"","_metasync_otto_twitter_title":"","_metasync_otto_twitter_description":"","rank_math_title":"G\u00e9n\u00e9rateur d'ozone | D\u00e9sinfection de l'eau sans produits chimiques","rank_math_description":"D\u00e9couvrez le g\u00e9n\u00e9rateur d'ozone Aquacycle pour une eau d\u00e9sinfectante efficace et \u00e9cologique, sans recourir aux produits chimiques.","_yoast_wpseo_title":"","_yoast_wpseo_metadesc":"","_aioseo_title":"","_aioseo_description":""},"product_brand":[],"product_cat":[207,183],"product_tag":[107,108],"class_list":{"0":"post-7720","1":"product","2":"type-product","3":"status-publish","4":"has-post-thumbnail","6":"product_cat-best-sellers","7":"product_cat-generateur-ozone","8":"product_tag-particulier","9":"product_tag-professionnel","11":"first","12":"instock","13":"taxable","14":"shipping-taxable","15":"purchasable","16":"product-type-simple"},"acf":[],"_links":{"self":[{"href":"https:\/\/www.aquacycle.be\/en\/wp-json\/wp\/v2\/product\/7720","targetHints":{"allow":["GET"]}}],"collection":[{"href":"https:\/\/www.aquacycle.be\/en\/wp-json\/wp\/v2\/product"}],"about":[{"href":"https:\/\/www.aquacycle.be\/en\/wp-json\/wp\/v2\/types\/product"}],"replies":[{"embeddable":true,"href":"https:\/\/www.aquacycle.be\/en\/wp-json\/wp\/v2\/comments?post=7720"}],"wp:featuredmedia":[{"embeddable":true,"href":"https:\/\/www.aquacycle.be\/en\/wp-json\/wp\/v2\/media\/8177"}],"wp:attachment":[{"href":"https:\/\/www.aquacycle.be\/en\/wp-json\/wp\/v2\/media?parent=7720"}],"wp:term":[{"taxonomy":"product_brand","embeddable":true,"href":"https:\/\/www.aquacycle.be\/en\/wp-json\/wp\/v2\/product_brand?post=7720"},{"taxonomy":"product_cat","embeddable":true,"href":"https:\/\/www.aquacycle.be\/en\/wp-json\/wp\/v2\/product_cat?post=7720"},{"taxonomy":"product_tag","embeddable":true,"href":"https:\/\/www.aquacycle.be\/en\/wp-json\/wp\/v2\/product_tag?post=7720"}],"curies":[{"name":"wp","href":"https:\/\/api.w.org\/{rel}","templated":true}]}}