{"id":7678,"date":"2025-04-18T13:32:58","date_gmt":"2025-04-18T11:32:58","guid":{"rendered":"https:\/\/www.aquacycle.eu\/?post_type=product&#038;p=7678"},"modified":"2026-04-08T07:09:53","modified_gmt":"2026-04-08T05:09:53","slug":"high-flow-low-discharge-direct-flow-osmosis-plant-2","status":"publish","type":"product","link":"https:\/\/www.aquacycle.be\/en\/our-products\/osmosis-plant\/undercounter\/high-flow-low-discharge-direct-flow-osmosis-plant-2\/","title":{"rendered":"High-flow, low-rejection direct-flow reverse osmosis filter"},"content":{"rendered":"<section>Osmoseur \u00e0 flux direct tr\u00e8s puissant avec un d\u00e9bit de 3 L\/min (sup\u00e9rieur \u00e0 celui des osmoseurs \u00e9quip\u00e9s d\u2019un r\u00e9servoir) !<br \/>\nSon efficacit\u00e9 in\u00e9gal\u00e9e se traduit par un ratio d\u2019eau filtr\u00e9e exceptionnel de 2 L filtr\u00e9e pour 1 L rejet\u00e9e.<br \/>\nUne v\u00e9ritable avanc\u00e9e pour une osmose inverse \u00e9conomique et \u00e9cologique.<\/section>\n<h5><strong>Advantages of Beastos :<\/strong><\/h5>\n<ul>\n<li>Filtration technology eliminates PFAS, pesticides, drug residues, nitrates, chlorine, viruses, bacteria, heavy metals...<\/li>\n<li>Ergonomics: its compact tankless design reduces the need for under-sink space.<\/li>\n<li>Easy to install with 3 connections.<\/li>\n<li>High direct flow rate: 3 L\/min.<\/li>\n<li>Eco-responsible: only 0.5 L rejected for 1 L filtered.<\/li>\n<li>Simplified maintenance: with its two encapsulated filters, maintenance is a quarter-turn away. LED indicators show when cartridges need replacing.<\/li>\n<\/ul>\n\t\t<div data-elementor-type=\"container\" data-elementor-id=\"7235\" class=\"elementor elementor-7235\" data-elementor-post-type=\"elementor_library\">\n\t\t\t\t<div class=\"elementor-element elementor-element-9361ccf e-flex e-con-boxed e-con e-parent\" data-id=\"9361ccf\" data-element_type=\"container\" data-settings=\"{&quot;jet_parallax_layout_list&quot;:[]}\">\n\t\t\t\t\t<div class=\"e-con-inner\">\n\t\t\t\t<div class=\"elementor-element elementor-element-93390c0 custom-button elementor-widget elementor-widget-button\" data-id=\"93390c0\" data-element_type=\"widget\" data-widget_type=\"button.default\">\n\t\t\t\t<div class=\"elementor-widget-container\">\n\t\t\t\t\t\t\t\t\t<div class=\"elementor-button-wrapper\">\n\t\t\t\t\t<a class=\"elementor-button elementor-button-link elementor-size-sm elementor-animation-shrink\" href=\"https:\/\/www.aquacycle.be\/wp-content\/uploads\/2026\/02\/260203_Comparatif-osmoseurs.png\" target=\"_blank\">\n\t\t\t\t\t\t<span class=\"elementor-button-content-wrapper\">\n\t\t\t\t\t\t\t\t\t<span class=\"elementor-button-text\">Compare undercounter reverse osmosis systems<\/span>\n\t\t\t\t\t<\/span>\n\t\t\t\t\t<\/a>\n\t\t\t\t<\/div>\n\t\t\t\t\t\t\t\t<\/div>\n\t\t\t\t<\/div>\n\t\t\t\t\t<\/div>\n\t\t\t\t<\/div>\n\t\t\t\t<\/div>","protected":false},"excerpt":{"rendered":"<p>Osmoseur \u00e0 flux direct tr\u00e8s puissant avec un d\u00e9bit de 3 L\/min (sup\u00e9rieur \u00e0 celui des osmoseurs \u00e9quip\u00e9s d\u2019un r\u00e9servoir) ! Son efficacit\u00e9 in\u00e9gal\u00e9e se traduit par un ratio d\u2019eau filtr\u00e9e exceptionnel de 2 L filtr\u00e9e pour 1 L rejet\u00e9e. Une v\u00e9ritable avanc\u00e9e pour une osmose inverse \u00e9conomique et \u00e9cologique. Avantages du Beastos : Technologie [&hellip;]<\/p>","protected":false},"featured_media":7454,"comment_status":"open","ping_status":"closed","template":"","meta":{"_acf_changed":false,"_metasync_otto_title":"","_metasync_otto_description":"","_metasync_otto_keywords":"","_metasync_otto_og_title":"","_metasync_otto_og_description":"","_metasync_otto_twitter_title":"","_metasync_otto_twitter_description":"","rank_math_title":"","rank_math_description":"","_yoast_wpseo_title":"","_yoast_wpseo_metadesc":"","_aioseo_title":"","_aioseo_description":""},"product_brand":[],"product_cat":[207,113,115],"product_tag":[205,107,108],"class_list":{"0":"post-7678","1":"product","2":"type-product","3":"status-publish","4":"has-post-thumbnail","6":"product_cat-best-sellers","7":"product_cat-osmoseur","8":"product_cat-undercounter","9":"product_tag-best-seller","10":"product_tag-particulier","11":"product_tag-professionnel","13":"first","14":"instock","15":"featured","16":"taxable","17":"shipping-taxable","18":"purchasable","19":"product-type-variable","20":"has-default-attributes"},"acf":[],"_links":{"self":[{"href":"https:\/\/www.aquacycle.be\/en\/wp-json\/wp\/v2\/product\/7678","targetHints":{"allow":["GET"]}}],"collection":[{"href":"https:\/\/www.aquacycle.be\/en\/wp-json\/wp\/v2\/product"}],"about":[{"href":"https:\/\/www.aquacycle.be\/en\/wp-json\/wp\/v2\/types\/product"}],"replies":[{"embeddable":true,"href":"https:\/\/www.aquacycle.be\/en\/wp-json\/wp\/v2\/comments?post=7678"}],"wp:featuredmedia":[{"embeddable":true,"href":"https:\/\/www.aquacycle.be\/en\/wp-json\/wp\/v2\/media\/7454"}],"wp:attachment":[{"href":"https:\/\/www.aquacycle.be\/en\/wp-json\/wp\/v2\/media?parent=7678"}],"wp:term":[{"taxonomy":"product_brand","embeddable":true,"href":"https:\/\/www.aquacycle.be\/en\/wp-json\/wp\/v2\/product_brand?post=7678"},{"taxonomy":"product_cat","embeddable":true,"href":"https:\/\/www.aquacycle.be\/en\/wp-json\/wp\/v2\/product_cat?post=7678"},{"taxonomy":"product_tag","embeddable":true,"href":"https:\/\/www.aquacycle.be\/en\/wp-json\/wp\/v2\/product_tag?post=7678"}],"curies":[{"name":"wp","href":"https:\/\/api.w.org\/{rel}","templated":true}]}}