{"id":7649,"date":"2025-04-18T13:32:54","date_gmt":"2025-04-18T11:32:54","guid":{"rendered":"https:\/\/www.aquacycle.eu\/?post_type=product&#038;p=7649"},"modified":"2026-04-08T07:11:01","modified_gmt":"2026-04-08T05:11:01","slug":"robustos","status":"publish","type":"product","link":"https:\/\/www.aquacycle.be\/en\/our-products\/osmosis-plant\/undercounter\/robustos\/","title":{"rendered":"High-resistance direct-flow RO filter with booster pump"},"content":{"rendered":"<section>Osmoseur \u00e0 flux direct offrant un d\u00e9bit de 60 L\/h.<br \/>\nCombine performance \u00e9lev\u00e9e et filtration optimale. \u00c9quip\u00e9 de membranes Ecosoft, con\u00e7ues avec le film DOW (Filmtec), il garantit une purification de l\u2019eau d\u2019une qualit\u00e9 exceptionnelle.<br \/>\nVisit <strong>Robustos<\/strong> owes its name to its ultra-strong steel frame designed for longevity.<\/section>\n<h5><strong>Advantages of Robustos :<\/strong><\/h5>\n<ul>\n<li>5-stage filtration: eliminates PFAS, pesticides, drug residues, nitrates, chlorine, viruses, bacteria, heavy metals...<\/li>\n<li>Direct flow prevents bacteriological contamination caused by stagnant water in a reservoir.<\/li>\n<li>High flow in real time: 0.8 L\/min!<\/li>\n<li>Eco-responsible: 1 liter of water rejected for 1 liter of osmosis water produced.<\/li>\n<li class=\"translation-block\">Format standard de filtres <strong>DOW Filmtec<\/strong>, la meilleure marque \u00e0 l\u2019international !<\/li>\n<\/ul>\n\t\t<div data-elementor-type=\"container\" data-elementor-id=\"7235\" class=\"elementor elementor-7235\" data-elementor-post-type=\"elementor_library\">\n\t\t\t\t<div class=\"elementor-element elementor-element-9361ccf e-flex e-con-boxed e-con e-parent\" data-id=\"9361ccf\" data-element_type=\"container\" data-settings=\"{&quot;jet_parallax_layout_list&quot;:[]}\">\n\t\t\t\t\t<div class=\"e-con-inner\">\n\t\t\t\t<div class=\"elementor-element elementor-element-93390c0 custom-button elementor-widget elementor-widget-button\" data-id=\"93390c0\" data-element_type=\"widget\" data-widget_type=\"button.default\">\n\t\t\t\t<div class=\"elementor-widget-container\">\n\t\t\t\t\t\t\t\t\t<div class=\"elementor-button-wrapper\">\n\t\t\t\t\t<a class=\"elementor-button elementor-button-link elementor-size-sm elementor-animation-shrink\" href=\"https:\/\/www.aquacycle.be\/wp-content\/uploads\/2026\/02\/260203_Comparatif-osmoseurs.png\" target=\"_blank\">\n\t\t\t\t\t\t<span class=\"elementor-button-content-wrapper\">\n\t\t\t\t\t\t\t\t\t<span class=\"elementor-button-text\">Compare undercounter reverse osmosis systems<\/span>\n\t\t\t\t\t<\/span>\n\t\t\t\t\t<\/a>\n\t\t\t\t<\/div>\n\t\t\t\t\t\t\t\t<\/div>\n\t\t\t\t<\/div>\n\t\t\t\t\t<\/div>\n\t\t\t\t<\/div>\n\t\t\t\t<\/div>","protected":false},"excerpt":{"rendered":"<p>Osmoseur \u00e0 flux direct offrant un d\u00e9bit de 60 L\/h. Combine performance \u00e9lev\u00e9e et filtration optimale. \u00c9quip\u00e9 de membranes Ecosoft, con\u00e7ues avec le film DOW (Filmtec), il garantit une purification de l\u2019eau d\u2019une qualit\u00e9 exceptionnelle. Le Robustos doit son nom \u00e0 son cadre en acier ultra solide con\u00e7u pour la long\u00e9vit\u00e9. Avantages du Robustos : [&hellip;]<\/p>","protected":false},"featured_media":7388,"comment_status":"open","ping_status":"closed","template":"","meta":{"_acf_changed":false,"_metasync_otto_title":"","_metasync_otto_description":"","_metasync_otto_keywords":"","_metasync_otto_og_title":"","_metasync_otto_og_description":"","_metasync_otto_twitter_title":"","_metasync_otto_twitter_description":"","rank_math_title":"Robustos | Osmoseur \u00e0 flux direct : performance et haute r\u00e9sistance","rank_math_description":"D\u00e9couvrez l'osmoseur Robustos d'Aquacycle \u00e0 d\u00e9bit de 60 L\/h, alliant filtration optimale et membranes de qualit\u00e9 sup\u00e9rieure.","_yoast_wpseo_title":"","_yoast_wpseo_metadesc":"","_aioseo_title":"","_aioseo_description":""},"product_brand":[],"product_cat":[113,115],"product_tag":[107],"class_list":{"0":"post-7649","1":"product","2":"type-product","3":"status-publish","4":"has-post-thumbnail","6":"product_cat-osmoseur","7":"product_cat-undercounter","8":"product_tag-particulier","10":"first","11":"instock","12":"taxable","13":"shipping-taxable","14":"purchasable","15":"product-type-variable","16":"has-default-attributes"},"acf":[],"_links":{"self":[{"href":"https:\/\/www.aquacycle.be\/en\/wp-json\/wp\/v2\/product\/7649","targetHints":{"allow":["GET"]}}],"collection":[{"href":"https:\/\/www.aquacycle.be\/en\/wp-json\/wp\/v2\/product"}],"about":[{"href":"https:\/\/www.aquacycle.be\/en\/wp-json\/wp\/v2\/types\/product"}],"replies":[{"embeddable":true,"href":"https:\/\/www.aquacycle.be\/en\/wp-json\/wp\/v2\/comments?post=7649"}],"wp:featuredmedia":[{"embeddable":true,"href":"https:\/\/www.aquacycle.be\/en\/wp-json\/wp\/v2\/media\/7388"}],"wp:attachment":[{"href":"https:\/\/www.aquacycle.be\/en\/wp-json\/wp\/v2\/media?parent=7649"}],"wp:term":[{"taxonomy":"product_brand","embeddable":true,"href":"https:\/\/www.aquacycle.be\/en\/wp-json\/wp\/v2\/product_brand?post=7649"},{"taxonomy":"product_cat","embeddable":true,"href":"https:\/\/www.aquacycle.be\/en\/wp-json\/wp\/v2\/product_cat?post=7649"},{"taxonomy":"product_tag","embeddable":true,"href":"https:\/\/www.aquacycle.be\/en\/wp-json\/wp\/v2\/product_tag?post=7649"}],"curies":[{"name":"wp","href":"https:\/\/api.w.org\/{rel}","templated":true}]}}