{"id":5567,"date":"2025-03-05T13:56:33","date_gmt":"2025-03-05T12:56:33","guid":{"rendered":"https:\/\/www.aquacycle.eu\/?post_type=product&#038;p=5567"},"modified":"2025-09-25T13:43:52","modified_gmt":"2025-09-25T11:43:52","slug":"eco-friendly-softener-co2","status":"publish","type":"product","link":"https:\/\/www.aquacycle.be\/en\/our-products\/softener\/salt-free\/eco-friendly-softener-co2\/","title":{"rendered":"Ecological CO2 softener"},"content":{"rendered":"<p>L\u2019adoucisseur \u00e9cologique au CO\u2082 de Solucalc est v\u00e9ritablement performant, sans rejets de sel.<br \/>\nCe mod\u00e8le \u00ab\u00a01 pouce\u00a0\u00bb traite jusqu&rsquo;\u00e0 5 m\u00b3\/h d&rsquo;eau, quelle que soit sa duret\u00e9.<br \/>\nFonctionnant par injection de CO\u2082 alimentaire, le SoluCalc est pr\u00e9sent sur le march\u00e9 europ\u00e9en depuis plus de 10 ans, avec une satisfaction totale des utilisateurs.<\/p>\n<p>Le prix comprends le kit complet 1 pouce, une bouteille de CO\u2082 de 10kg et l&rsquo;installation.<\/p>\n<h5><strong>Advantages of Solucalc :<\/strong><\/h5>\n<ul>\n<li><strong>Simplicity<\/strong> no salt bags or maintenance required.<\/li>\n<li><strong>Health<\/strong> preserves drinking water by maintaining essential minerals such as calcium and magnesium (without adding sodium).<\/li>\n<li><strong>Eco-responsible<\/strong> The new \"waterless\" system: avoids chloride pollution and wasted water.<\/li>\n<li><strong>Economy<\/strong> : estimated annual cost of just \u20ac20 of CO\u2082 per person.<\/li>\n<li><strong>Efficient<\/strong> flow-proportional treatment.<\/li>\n<li><strong>Continuous service<\/strong> No regeneration cycles, so no interruption to the water supply.<\/li>\n<\/ul>","protected":false},"excerpt":{"rendered":"<p>L\u2019adoucisseur \u00e9cologique au CO\u2082 de Solucalc est v\u00e9ritablement performant, sans rejets de sel. Ce mod\u00e8le \u00ab\u00a01 pouce\u00a0\u00bb traite jusqu&rsquo;\u00e0 5 m\u00b3\/h d&rsquo;eau, quelle que soit sa duret\u00e9. Fonctionnant par injection de CO\u2082 alimentaire, le SoluCalc est pr\u00e9sent sur le march\u00e9 europ\u00e9en depuis plus de 10 ans, avec une satisfaction totale des utilisateurs. Le prix comprends [&hellip;]<\/p>","protected":false},"featured_media":7490,"comment_status":"open","ping_status":"closed","template":"","meta":{"_acf_changed":false,"_metasync_otto_title":"","_metasync_otto_description":"","_metasync_otto_keywords":"","_metasync_otto_og_title":"","_metasync_otto_og_description":"","_metasync_otto_twitter_title":"","_metasync_otto_twitter_description":"","rank_math_title":"Adoucisseur \u00e9cologique au CO2 - Aquacycle","rank_math_description":"D\u00e9couvrez l'adoucisseur d'eau Solucalc, performant et sans sel, id\u00e9al pour une eau douce et respectueuse de l'environnement.","_yoast_wpseo_title":"","_yoast_wpseo_metadesc":"","_aioseo_title":"","_aioseo_description":""},"product_brand":[],"product_cat":[111,157],"product_tag":[107,108],"class_list":{"0":"post-5567","1":"product","2":"type-product","3":"status-publish","4":"has-post-thumbnail","6":"product_cat-adoucisseur","7":"product_cat-sans-sel","8":"product_tag-particulier","9":"product_tag-professionnel","11":"first","12":"instock","13":"taxable","14":"shipping-taxable","15":"purchasable","16":"product-type-simple"},"acf":[],"_links":{"self":[{"href":"https:\/\/www.aquacycle.be\/en\/wp-json\/wp\/v2\/product\/5567","targetHints":{"allow":["GET"]}}],"collection":[{"href":"https:\/\/www.aquacycle.be\/en\/wp-json\/wp\/v2\/product"}],"about":[{"href":"https:\/\/www.aquacycle.be\/en\/wp-json\/wp\/v2\/types\/product"}],"replies":[{"embeddable":true,"href":"https:\/\/www.aquacycle.be\/en\/wp-json\/wp\/v2\/comments?post=5567"}],"wp:featuredmedia":[{"embeddable":true,"href":"https:\/\/www.aquacycle.be\/en\/wp-json\/wp\/v2\/media\/7490"}],"wp:attachment":[{"href":"https:\/\/www.aquacycle.be\/en\/wp-json\/wp\/v2\/media?parent=5567"}],"wp:term":[{"taxonomy":"product_brand","embeddable":true,"href":"https:\/\/www.aquacycle.be\/en\/wp-json\/wp\/v2\/product_brand?post=5567"},{"taxonomy":"product_cat","embeddable":true,"href":"https:\/\/www.aquacycle.be\/en\/wp-json\/wp\/v2\/product_cat?post=5567"},{"taxonomy":"product_tag","embeddable":true,"href":"https:\/\/www.aquacycle.be\/en\/wp-json\/wp\/v2\/product_tag?post=5567"}],"curies":[{"name":"wp","href":"https:\/\/api.w.org\/{rel}","templated":true}]}}