{"id":5220,"date":"2025-03-04T15:11:26","date_gmt":"2025-03-04T14:11:26","guid":{"rendered":"https:\/\/www.aquacycle.eu\/?post_type=product&#038;p=5220"},"modified":"2026-04-08T07:12:06","modified_gmt":"2026-04-08T05:12:06","slug":"pure-balance","status":"publish","type":"product","link":"https:\/\/www.aquacycle.be\/en\/our-products\/osmosis-plant\/undercounter\/pure-balance\/","title":{"rendered":"Low-rejection RO filter with integrated mineralization"},"content":{"rendered":"<section>Visit <strong>Pure Balance<\/strong> with reservoir is an innovative solution combining the expertise of<strong>Ecosoft<\/strong> (groupe BWT) aux bienfaits d&rsquo;une remin\u00e9ralisation naturelle.<br \/>\nGr\u00e2ce \u00e0 la technologie min\u00e9rale <strong>Pure Balance<\/strong>This version of the Pure Balance is designed with a pump, allowing 1 L of filtered water for every 1 L rejected.<\/section>\n<h5><strong>Pure Balance benefits :<\/strong><\/h5>\n<ul>\n<li>5-stage filtration: eliminates PFAS, pesticides, drug residues, nitrates, chlorine, viruses, bacteria, heavy metals...<\/li>\n<li>System <strong>AquaSpring<\/strong> for calcium and magnesium remineralization.<\/li>\n<li>Eco-responsible: designed with a pump that rejects a minimum of 1 liter of water for every 1 liter of osmosis water.<\/li>\n<li class=\"translation-block\">Format standard de filtres <strong>DOW Filmtec<\/strong>, la meilleure marque \u00e0 l\u2019international !<\/li>\n<li>11 L tank, tap, filters, membranes included.<\/li>\n<\/ul>\n\t\t<div data-elementor-type=\"container\" data-elementor-id=\"7235\" class=\"elementor elementor-7235\" data-elementor-post-type=\"elementor_library\">\n\t\t\t\t<div class=\"elementor-element elementor-element-9361ccf e-flex e-con-boxed e-con e-parent\" data-id=\"9361ccf\" data-element_type=\"container\" data-settings=\"{&quot;jet_parallax_layout_list&quot;:[]}\">\n\t\t\t\t\t<div class=\"e-con-inner\">\n\t\t\t\t<div class=\"elementor-element elementor-element-93390c0 custom-button elementor-widget elementor-widget-button\" data-id=\"93390c0\" data-element_type=\"widget\" data-widget_type=\"button.default\">\n\t\t\t\t<div class=\"elementor-widget-container\">\n\t\t\t\t\t\t\t\t\t<div class=\"elementor-button-wrapper\">\n\t\t\t\t\t<a class=\"elementor-button elementor-button-link elementor-size-sm elementor-animation-shrink\" href=\"https:\/\/www.aquacycle.be\/wp-content\/uploads\/2026\/02\/260203_Comparatif-osmoseurs.png\" target=\"_blank\">\n\t\t\t\t\t\t<span class=\"elementor-button-content-wrapper\">\n\t\t\t\t\t\t\t\t\t<span class=\"elementor-button-text\">Compare undercounter reverse osmosis systems<\/span>\n\t\t\t\t\t<\/span>\n\t\t\t\t\t<\/a>\n\t\t\t\t<\/div>\n\t\t\t\t\t\t\t\t<\/div>\n\t\t\t\t<\/div>\n\t\t\t\t\t<\/div>\n\t\t\t\t<\/div>\n\t\t\t\t<\/div>","protected":false},"excerpt":{"rendered":"<p>Le Pure Balance avec r\u00e9servoir est une solution innovante qui associe l&rsquo;expertise d&rsquo;Ecosoft (groupe BWT) aux bienfaits d&rsquo;une remin\u00e9ralisation naturelle. Gr\u00e2ce \u00e0 la technologie min\u00e9rale Pure Balance, profitez d&rsquo;une eau au go\u00fbt frais et \u00e9quilibr\u00e9, enrichie en min\u00e9raux essentiels tels que le calcium et le magn\u00e9sium, pour une qualit\u00e9 exceptionnelle et un confort optimal.Cette version [&hellip;]<\/p>","protected":false},"featured_media":7328,"comment_status":"open","ping_status":"closed","template":"","meta":{"_acf_changed":false,"_metasync_otto_title":"","_metasync_otto_description":"","_metasync_otto_keywords":"","_metasync_otto_og_title":"","_metasync_otto_og_description":"","_metasync_otto_twitter_title":"","_metasync_otto_twitter_description":"","rank_math_title":"Pure Balance | Osmoseur \u00e0 faible rejet et min\u00e9ralisation Aquacycle","rank_math_description":"D\u00e9couvrez l'osmoseur Pure Balance, alliant innovation et remin\u00e9ralisation pour une eau pure et saine \u00e0 domicile.","_yoast_wpseo_title":"","_yoast_wpseo_metadesc":"","_aioseo_title":"","_aioseo_description":""},"product_brand":[],"product_cat":[207,113,115],"product_tag":[107],"class_list":{"0":"post-5220","1":"product","2":"type-product","3":"status-publish","4":"has-post-thumbnail","6":"product_cat-best-sellers","7":"product_cat-osmoseur","8":"product_cat-undercounter","9":"product_tag-particulier","11":"first","12":"instock","13":"featured","14":"taxable","15":"shipping-taxable","16":"purchasable","17":"product-type-variable","18":"has-default-attributes"},"acf":[],"_links":{"self":[{"href":"https:\/\/www.aquacycle.be\/en\/wp-json\/wp\/v2\/product\/5220","targetHints":{"allow":["GET"]}}],"collection":[{"href":"https:\/\/www.aquacycle.be\/en\/wp-json\/wp\/v2\/product"}],"about":[{"href":"https:\/\/www.aquacycle.be\/en\/wp-json\/wp\/v2\/types\/product"}],"replies":[{"embeddable":true,"href":"https:\/\/www.aquacycle.be\/en\/wp-json\/wp\/v2\/comments?post=5220"}],"wp:featuredmedia":[{"embeddable":true,"href":"https:\/\/www.aquacycle.be\/en\/wp-json\/wp\/v2\/media\/7328"}],"wp:attachment":[{"href":"https:\/\/www.aquacycle.be\/en\/wp-json\/wp\/v2\/media?parent=5220"}],"wp:term":[{"taxonomy":"product_brand","embeddable":true,"href":"https:\/\/www.aquacycle.be\/en\/wp-json\/wp\/v2\/product_brand?post=5220"},{"taxonomy":"product_cat","embeddable":true,"href":"https:\/\/www.aquacycle.be\/en\/wp-json\/wp\/v2\/product_cat?post=5220"},{"taxonomy":"product_tag","embeddable":true,"href":"https:\/\/www.aquacycle.be\/en\/wp-json\/wp\/v2\/product_tag?post=5220"}],"curies":[{"name":"wp","href":"https:\/\/api.w.org\/{rel}","templated":true}]}}