{"id":5152,"date":"2025-03-04T15:09:41","date_gmt":"2025-03-04T14:09:41","guid":{"rendered":"https:\/\/www.aquacycle.eu\/?post_type=product&#038;p=5152"},"modified":"2026-04-08T07:13:22","modified_gmt":"2026-04-08T05:13:22","slug":"mini-osmosis-scale","status":"publish","type":"product","link":"https:\/\/www.aquacycle.be\/en\/our-products\/osmosis-plant\/undercounter\/mini-osmosis-scale\/","title":{"rendered":"Electricity-free RO filter with integrated remineralization"},"content":{"rendered":"<section>Visit <strong>Pure Balance MINI<\/strong> with reservoir is an innovative solution combining the expertise of<strong>Ecosoft<\/strong> (groupe BWT) aux bienfaits d&rsquo;une remin\u00e9ralisation naturelle.<br \/>\nGr\u00e2ce \u00e0 la technologie min\u00e9rale <strong>Pure Balance<\/strong>This version of Pure Balance has been designed to provide a fresh, balanced taste, enriched with essential minerals such as calcium and magnesium. <strong>without pump<\/strong> and therefore requires <strong>no electricity<\/strong>.<\/section>\n<h5><strong>Advantages of Pure Balance Mini:<\/strong><\/h5>\n<ul>\n<li>5-stage filtration: eliminates PFAS, pesticides, drug residues, nitrates, chlorine, viruses, bacteria, heavy metals...<\/li>\n<li>Fuel tank: 11 liters.<\/li>\n<li>Eco-responsible: a minimum discharge of 1 liter for 1 liter of filtered water (at a pressure of 3 to 6 bars).<\/li>\n<li>Simplified maintenance: automatic draining reduces maintenance requirements.<\/li>\n<li>Without electricity.<\/li>\n<li>System <strong>AquaSpring<\/strong> for calcium and magnesium remineralization (60-80 ppm).<\/li>\n<\/ul>\n\t\t<div data-elementor-type=\"container\" data-elementor-id=\"7235\" class=\"elementor elementor-7235\" data-elementor-post-type=\"elementor_library\">\n\t\t\t\t<div class=\"elementor-element elementor-element-9361ccf e-flex e-con-boxed e-con e-parent\" data-id=\"9361ccf\" data-element_type=\"container\" data-settings=\"{&quot;jet_parallax_layout_list&quot;:[]}\">\n\t\t\t\t\t<div class=\"e-con-inner\">\n\t\t\t\t<div class=\"elementor-element elementor-element-93390c0 custom-button elementor-widget elementor-widget-button\" data-id=\"93390c0\" data-element_type=\"widget\" data-widget_type=\"button.default\">\n\t\t\t\t<div class=\"elementor-widget-container\">\n\t\t\t\t\t\t\t\t\t<div class=\"elementor-button-wrapper\">\n\t\t\t\t\t<a class=\"elementor-button elementor-button-link elementor-size-sm elementor-animation-shrink\" href=\"https:\/\/www.aquacycle.be\/wp-content\/uploads\/2026\/02\/260203_Comparatif-osmoseurs.png\" target=\"_blank\">\n\t\t\t\t\t\t<span class=\"elementor-button-content-wrapper\">\n\t\t\t\t\t\t\t\t\t<span class=\"elementor-button-text\">Compare undercounter reverse osmosis systems<\/span>\n\t\t\t\t\t<\/span>\n\t\t\t\t\t<\/a>\n\t\t\t\t<\/div>\n\t\t\t\t\t\t\t\t<\/div>\n\t\t\t\t<\/div>\n\t\t\t\t\t<\/div>\n\t\t\t\t<\/div>\n\t\t\t\t<\/div>","protected":false},"excerpt":{"rendered":"<p>Le Pure Balance MINI avec r\u00e9servoir est une solution innovante associant l&rsquo;expertise d&rsquo;Ecosoft (groupe BWT) aux bienfaits d&rsquo;une remin\u00e9ralisation naturelle. Gr\u00e2ce \u00e0 la technologie min\u00e9rale Pure Balance, profitez d&rsquo;une eau au go\u00fbt frais et \u00e9quilibr\u00e9, enrichie en min\u00e9raux essentiels tels que le calcium et le magn\u00e9sium.Cette version du Pure Balance est con\u00e7ue sans pompe et [&hellip;]<\/p>","protected":false},"featured_media":7143,"comment_status":"open","ping_status":"closed","template":"","meta":{"_acf_changed":false,"_metasync_otto_title":"","_metasync_otto_description":"","_metasync_otto_keywords":"","_metasync_otto_og_title":"","_metasync_otto_og_description":"","_metasync_otto_twitter_title":"","_metasync_otto_twitter_description":"","rank_math_title":"Osmoseur Pure Balance Mini: Avantages et remin\u00e9ralisation","rank_math_description":"D\u00e9couvrez les bienfaits de l'osmoseur Aquacycle, sans \u00e9lectricit\u00e9 et avec remin\u00e9ralisation int\u00e9gr\u00e9e pour une eau pure et saine.","_yoast_wpseo_title":"","_yoast_wpseo_metadesc":"","_aioseo_title":"","_aioseo_description":""},"product_brand":[],"product_cat":[113,115],"product_tag":[107],"class_list":{"0":"post-5152","1":"product","2":"type-product","3":"status-publish","4":"has-post-thumbnail","6":"product_cat-osmoseur","7":"product_cat-undercounter","8":"product_tag-particulier","10":"first","11":"instock","12":"taxable","13":"shipping-taxable","14":"purchasable","15":"product-type-variable","16":"has-default-attributes"},"acf":[],"_links":{"self":[{"href":"https:\/\/www.aquacycle.be\/en\/wp-json\/wp\/v2\/product\/5152","targetHints":{"allow":["GET"]}}],"collection":[{"href":"https:\/\/www.aquacycle.be\/en\/wp-json\/wp\/v2\/product"}],"about":[{"href":"https:\/\/www.aquacycle.be\/en\/wp-json\/wp\/v2\/types\/product"}],"replies":[{"embeddable":true,"href":"https:\/\/www.aquacycle.be\/en\/wp-json\/wp\/v2\/comments?post=5152"}],"wp:featuredmedia":[{"embeddable":true,"href":"https:\/\/www.aquacycle.be\/en\/wp-json\/wp\/v2\/media\/7143"}],"wp:attachment":[{"href":"https:\/\/www.aquacycle.be\/en\/wp-json\/wp\/v2\/media?parent=5152"}],"wp:term":[{"taxonomy":"product_brand","embeddable":true,"href":"https:\/\/www.aquacycle.be\/en\/wp-json\/wp\/v2\/product_brand?post=5152"},{"taxonomy":"product_cat","embeddable":true,"href":"https:\/\/www.aquacycle.be\/en\/wp-json\/wp\/v2\/product_cat?post=5152"},{"taxonomy":"product_tag","embeddable":true,"href":"https:\/\/www.aquacycle.be\/en\/wp-json\/wp\/v2\/product_tag?post=5152"}],"curies":[{"name":"wp","href":"https:\/\/api.w.org\/{rel}","templated":true}]}}