{"id":10216,"date":"2025-06-12T15:31:07","date_gmt":"2025-06-12T13:31:07","guid":{"rendered":"https:\/\/www.aquacycle.be\/?post_type=product&#038;p=10216"},"modified":"2026-04-08T07:03:05","modified_gmt":"2026-04-08T05:03:05","slug":"tank-osmosis-plant-with-booster-pump","status":"publish","type":"product","link":"https:\/\/www.aquacycle.be\/en\/our-products\/osmosis-plant\/undercounter\/tank-osmosis-plant-with-booster-pump\/","title":{"rendered":"RO filter with booster pump and tank"},"content":{"rendered":"<p>L\u2019osmoseur id\u00e9al pour une eau pure, entretien facile et rejet r\u00e9duit.<br \/>\nGr\u00e2ce \u00e0 sa pompe booster et \u00e0 son syst\u00e8me de vidange automatique, cet osmoseur allie \u00e9conomie, praticit\u00e9 et performance pour r\u00e9pondre \u00e0 vos besoins.<\/p>\n<h5><strong> Advantages of Classicos :<\/strong><\/h5>\n<ul>\n<li>5-stage filtration: eliminates PFAS, pesticides, drug residues, nitrates, chlorine, viruses, bacteria, heavy metals...<\/li>\n<li>11-litre fuel tank: offers a useful volume of 7 liters.<\/li>\n<li>Simplified maintenance: automatic draining reduces maintenance requirements.<\/li>\n<li>Standard-size filters.<\/li>\n<li>Certifications: High-quality NSF-certified RO membrane. Complete CE-certified machine.<\/li>\n<\/ul>\n\t\t<div data-elementor-type=\"container\" data-elementor-id=\"7235\" class=\"elementor elementor-7235\" data-elementor-post-type=\"elementor_library\">\n\t\t\t\t<div class=\"elementor-element elementor-element-9361ccf e-flex e-con-boxed e-con e-parent\" data-id=\"9361ccf\" data-element_type=\"container\" data-settings=\"{&quot;jet_parallax_layout_list&quot;:[]}\">\n\t\t\t\t\t<div class=\"e-con-inner\">\n\t\t\t\t<div class=\"elementor-element elementor-element-93390c0 custom-button elementor-widget elementor-widget-button\" data-id=\"93390c0\" data-element_type=\"widget\" data-widget_type=\"button.default\">\n\t\t\t\t<div class=\"elementor-widget-container\">\n\t\t\t\t\t\t\t\t\t<div class=\"elementor-button-wrapper\">\n\t\t\t\t\t<a class=\"elementor-button elementor-button-link elementor-size-sm elementor-animation-shrink\" href=\"https:\/\/www.aquacycle.be\/wp-content\/uploads\/2026\/02\/260203_Comparatif-osmoseurs.png\" target=\"_blank\">\n\t\t\t\t\t\t<span class=\"elementor-button-content-wrapper\">\n\t\t\t\t\t\t\t\t\t<span class=\"elementor-button-text\">Compare undercounter reverse osmosis systems<\/span>\n\t\t\t\t\t<\/span>\n\t\t\t\t\t<\/a>\n\t\t\t\t<\/div>\n\t\t\t\t\t\t\t\t<\/div>\n\t\t\t\t<\/div>\n\t\t\t\t\t<\/div>\n\t\t\t\t<\/div>\n\t\t\t\t<\/div>","protected":false},"excerpt":{"rendered":"<p>L\u2019osmoseur id\u00e9al pour une eau pure, entretien facile et rejet r\u00e9duit. Gr\u00e2ce \u00e0 sa pompe booster et \u00e0 son syst\u00e8me de vidange automatique, cet osmoseur allie \u00e9conomie, praticit\u00e9 et performance pour r\u00e9pondre \u00e0 vos besoins. Avantages du Classicos : Filtration en 5 \u00e9tapes : \u00e9limine les PFAS, pesticides, r\u00e9sidus m\u00e9dicamenteux, nitrates, chlore, virus, bact\u00e9ries, m\u00e9taux [&hellip;]<\/p>","protected":false},"featured_media":7304,"comment_status":"open","ping_status":"closed","template":"","meta":{"_acf_changed":false,"_metasync_otto_title":"","_metasync_otto_description":"","_metasync_otto_keywords":"","_metasync_otto_og_title":"","_metasync_otto_og_description":"","_metasync_otto_twitter_title":"","_metasync_otto_twitter_description":"","rank_math_title":"","rank_math_description":"","_yoast_wpseo_title":"","_yoast_wpseo_metadesc":"","_aioseo_title":"","_aioseo_description":""},"product_brand":[],"product_cat":[113,115],"product_tag":[107],"class_list":{"0":"post-10216","1":"product","2":"type-product","3":"status-publish","4":"has-post-thumbnail","6":"product_cat-osmoseur","7":"product_cat-undercounter","8":"product_tag-particulier","10":"first","11":"instock","12":"taxable","13":"shipping-taxable","14":"purchasable","15":"product-type-variable","16":"has-default-attributes"},"acf":[],"_links":{"self":[{"href":"https:\/\/www.aquacycle.be\/en\/wp-json\/wp\/v2\/product\/10216","targetHints":{"allow":["GET"]}}],"collection":[{"href":"https:\/\/www.aquacycle.be\/en\/wp-json\/wp\/v2\/product"}],"about":[{"href":"https:\/\/www.aquacycle.be\/en\/wp-json\/wp\/v2\/types\/product"}],"replies":[{"embeddable":true,"href":"https:\/\/www.aquacycle.be\/en\/wp-json\/wp\/v2\/comments?post=10216"}],"wp:featuredmedia":[{"embeddable":true,"href":"https:\/\/www.aquacycle.be\/en\/wp-json\/wp\/v2\/media\/7304"}],"wp:attachment":[{"href":"https:\/\/www.aquacycle.be\/en\/wp-json\/wp\/v2\/media?parent=10216"}],"wp:term":[{"taxonomy":"product_brand","embeddable":true,"href":"https:\/\/www.aquacycle.be\/en\/wp-json\/wp\/v2\/product_brand?post=10216"},{"taxonomy":"product_cat","embeddable":true,"href":"https:\/\/www.aquacycle.be\/en\/wp-json\/wp\/v2\/product_cat?post=10216"},{"taxonomy":"product_tag","embeddable":true,"href":"https:\/\/www.aquacycle.be\/en\/wp-json\/wp\/v2\/product_tag?post=10216"}],"curies":[{"name":"wp","href":"https:\/\/api.w.org\/{rel}","templated":true}]}}