{"id":6409,"date":"2025-04-01T14:10:32","date_gmt":"2025-04-01T12:10:32","guid":{"rendered":"https:\/\/www.aquacycle.eu\/?page_id=6409"},"modified":"2025-07-22T10:49:07","modified_gmt":"2025-07-22T08:49:07","slug":"legal-notice-2","status":"publish","type":"page","link":"https:\/\/www.aquacycle.be\/en\/legal-notice-2\/","title":{"rendered":"Terms of use"},"content":{"rendered":"<div data-elementor-type=\"wp-page\" data-elementor-id=\"6409\" class=\"elementor elementor-6409\" data-elementor-post-type=\"page\">\n\t\t\t\t<div class=\"elementor-element elementor-element-436eeec e-con-full e-flex e-con e-parent\" data-id=\"436eeec\" data-element_type=\"container\" data-settings=\"{&quot;jet_parallax_layout_list&quot;:[],&quot;background_background&quot;:&quot;classic&quot;}\">\n\t\t<div class=\"elementor-element elementor-element-f689835 e-con-full e-flex e-con e-child\" data-id=\"f689835\" data-element_type=\"container\" data-settings=\"{&quot;background_background&quot;:&quot;classic&quot;,&quot;jet_parallax_layout_list&quot;:[]}\">\n\t\t<div class=\"elementor-element elementor-element-fd4cdc9 e-flex e-con-boxed e-con e-child\" data-id=\"fd4cdc9\" data-element_type=\"container\" data-settings=\"{&quot;jet_parallax_layout_list&quot;:[]}\">\n\t\t\t\t\t<div class=\"e-con-inner\">\n\t\t\t\t<div class=\"elementor-element elementor-element-5e6ceca elementor-widget elementor-widget-heading\" data-id=\"5e6ceca\" data-element_type=\"widget\" data-widget_type=\"heading.default\">\n\t\t\t\t<div class=\"elementor-widget-container\">\n\t\t\t\t\t<h1 class=\"elementor-heading-title elementor-size-default\">Terms of use<\/h1>\t\t\t\t<\/div>\n\t\t\t\t<\/div>\n\t\t\t\t\t<\/div>\n\t\t\t\t<\/div>\n\t\t\t\t<\/div>\n\t\t\t\t<\/div>\n\t\t<div class=\"elementor-element elementor-element-58896ac e-flex e-con-boxed e-con e-parent\" data-id=\"58896ac\" data-element_type=\"container\" data-settings=\"{&quot;jet_parallax_layout_list&quot;:[]}\">\n\t\t\t\t\t<div class=\"e-con-inner\">\n\t\t\t\t<div class=\"elementor-element elementor-element-7c9739d elementor-widget elementor-widget-text-editor\" data-id=\"7c9739d\" data-element_type=\"widget\" data-widget_type=\"text-editor.default\">\n\t\t\t\t<div class=\"elementor-widget-container\">\n\t\t\t\t\t\t\t\t\t<h4><span style=\"color: #000000;\"><span style=\"font-size: large;\"><u><b>General<\/b><\/u><\/span><\/span><\/h4>\n<p><span style=\"font-size: medium;\">We believe that protecting the privacy of our customers is essential and, when we process your personal data, we do so in accordance with the provisions of the General Data Protection Regulation of April 27, 2016 and the Belgian Law of December 8, 1992 on the protection of privacy with regard to the processing of personal data.<\/span><\/p>\n<p><span style=\"font-size: medium;\">This page describes the privacy policy applied on the www.aquacycle.be website and the processing of information collected during and after your visit to this website.<\/span><\/p>\n<p><span style=\"font-size: medium;\">Please read this privacy statement carefully and familiarize yourself with its contents. Possible adjustments cannot be ruled out in the future. We therefore ask you to read this privacy statement regularly so that you are kept informed of any changes that may be made.<\/span><\/p>\n<h4><a name=\"_smddb35f9fve\"><\/a> <span style=\"color: #000000;\"><span style=\"font-size: large;\"><u><b>Approval<\/b><\/u><\/span><\/span><\/h4>\n<p><span style=\"font-size: medium;\">By using our website, our services and our products, you agree that some of your personal data may be automatically collected and processed in accordance with the purposes described below.<\/span><\/p>\n<h4><a name=\"_8vin9hgw38ty\"><\/a> <span style=\"color: #000000;\"><span style=\"font-size: large;\"><u><b>Purpose of processing personal data<\/b><\/u><\/span><\/span><\/h4>\n<p><span style=\"font-size: medium;\">When you register on this website and\/or place an order, you will be asked to provide a certain amount of personal data. This personal data is necessary for the proper functioning of the online store, such as processing your order, corresponding with you and improving our services. The data is used to deliver the goods and services you may order.<\/span><\/p>\n<p><span style=\"font-size: medium;\">This personal data is processed with a view to meeting your expectations and enabling us to answer your questions, and to continually improve the website and the services or products offered to you and adapt them to your needs. In this respect, we reserve the right to use your data for market research and satisfaction surveys or for the development of services or products, possibly with the help of subcontractors.<\/span><\/p>\n<p><span style=\"font-size: medium;\">Using this data, we can also offer you [via information brochures sent electronically | by post]and other commercial information on new services or products, promotions, benefits, etc..<\/span><\/p>\n<p><span style=\"font-size: medium;\">If you do not wish to receive advertising from us, you can unsubscribe from our mailing list at any time.<\/span><\/p>\n<p><span style=\"font-size: medium;\">In addition, our web server automatically recognizes [your IP address | your domain name], each time you visit our website.<\/span><\/p>\n<h4><a name=\"_c238ub5m8p3q\"><\/a> <span style=\"color: #000000;\"><span style=\"font-size: large;\"><u><b>Processing of personal data and persons with access to processed data<\/b><\/u><\/span><\/span><\/h4>\n<p><span style=\"font-size: medium;\">The data supplied will be included in the files of Aquacycle SRL. It will be processed only insofar as such processing is necessary for the performance of the agreement you have entered into with Aquacycle SRL.<\/span><\/p>\n<p><span style=\"font-size: medium;\">We may collect the information you provide and combine it with information we have obtained from other sources. This allows us to improve the accuracy and completeness of the information and to better tailor our contact with you.<\/span><\/p>\n<p><span style=\"font-size: medium;\">In addition, we may also collect information about your use of our websites. To do this, we use various techniques, including cookies.<\/span><\/p>\n<h4><a name=\"_pkkbpx789586\"><\/a> <span style=\"color: #000000;\"><span style=\"font-size: large;\"><u><b>Legal basis for processing<\/b><\/u><\/span><\/span><\/h4>\n<p><span style=\"font-size: medium;\">Data is processed in accordance with the following legal provisions:<\/span><\/p>\n<p>- <span style=\"font-size: medium;\">your permission to visit our website.<br>- a contractual relationship when purchasing our services or products.<\/span><\/p>\n<p><span style=\"font-size: medium;\">If you object to the processing of your data, you are no longer complying with our agreement and can therefore no longer use our services.<\/span><\/p>\n<h4><a name=\"_oyragc3r38gd\"><\/a> <span style=\"color: #000000;\"><span style=\"font-size: large;\"><u><b>Data sharing<\/b><\/u><\/span><\/span><\/h4>\n<p><span style=\"font-size: medium;\">We share your personal data with your consent or, if necessary, to complete a transaction or deliver a product you have ordered.<\/span><\/p>\n<p><span style=\"font-size: medium;\">When you provide your payment details to make a purchase, we share these details with banks and other entities that process payment transactions or provide other financial services, as well as to prevent fraud and reduce credit risk.<\/span><\/p>\n<p><span style=\"font-size: medium;\">Your personal data will not be sold, passed on to third parties or made public. Nor will your data be passed on to companies outside the European Union.<\/span><\/p>\n<p><span style=\"font-size: medium;\">Aquacycle SRL reserves the right to use or disclose your data when necessary to protect the integrity of the website, when required by law, when processing is of vital importance to you, when processing is aimed at fulfilling a mission of public interest or when processing is necessary to defend a legitimate interest.<\/span><\/p>\n<p><span style=\"font-size: medium;\">Finally, and insofar as you have given us your prior and express consent, we may communicate your personal data to suppliers who are contractually bound to us and who offer services or products likely to be of interest to you.<\/span><\/p>\n<p><span style=\"font-size: medium;\">You may withdraw your consent at any time.<\/span><\/p>\n<h4><a name=\"_v3ou6zfhqy6z\"><\/a> <span style=\"color: #333333;\"><span style=\"font-size: large;\"><u><b>Your rights regarding the data we have collected<\/b><\/u><\/span><\/span><\/h4>\n<p><span style=\"color: #333333;\"><span style=\"font-size: medium;\">In accordance with the General Data Protection Regulation, you have the right to access, modify and delete your personal data. You also have the right to object to the processing of your data within the limits of the law. You have the right to pass on your data to a third party.<\/span><\/span><\/p>\n<p><span style=\"color: #333333;\"><span style=\"font-size: medium;\">You can exercise your rights:<br>- or by sending a letter to <\/span><\/span><span style=\"font-size: medium;\">rue de Tourinnes 1, 1325 Chaumont-Gistoux <\/span><span style=\"color: #333333;\"><span style=\"font-size: medium;\"> or by mail to <\/span><\/span><span style=\"font-size: medium;\">info@aquacycle.testing.8trust.com<\/span><span style=\"color: #333333;\"><span style=\"font-size: medium;\"><br>- or, if applicable, by consulting your account on our site.<\/span><\/span><\/p>\n<p><span style=\"color: #333333;\"><span style=\"font-size: medium;\">You also have the option of refusing to receive newsletters and other commercial information by clicking on the \"Unsubscribe\" link on each mailing.<\/span><\/span><\/p>\n<p><span style=\"color: #333333;\"><span style=\"font-size: medium;\">When you exercise the right to object to the transmission of your data for direct marketing purposes, this right only applies to the e-mail address you have specified. Therefore, if you receive commercial e-mails to several e-mail addresses, you will have to unsubscribe several times. If you wish to unsubscribe by post, you must clearly indicate all the e-mail addresses you wish to deactivate.<\/span><\/span><\/p>\n<h4><a name=\"_7kt6u7nc3a1h\"><\/a> <span style=\"color: #000000;\"><span style=\"font-size: large;\"><u><b>How long we store your data<\/b><\/u><\/span><\/span><\/h4>\n<p><span style=\"font-size: medium;\">Aquacycle SRL will not keep your personal data any longer than is necessary for the purpose for which it is intended or on the basis of the law required in this respect. <\/span><\/p>\n<h4><a name=\"_cjadefhuqm4a\"><\/a> <span style=\"color: #000000;\"><span style=\"font-size: large;\"><u><b>Security and confidentiality<\/b><\/u><\/span><\/span><\/h4>\n<p><span style=\"font-size: medium;\">We are committed to maintaining the confidentiality of your personal data and have taken security measures to prevent any loss, misuse or falsification of such personal data.<\/span><\/p>\n<h4><a name=\"_ek2om9uho4l6\"><\/a> <span style=\"color: #000000;\"><span style=\"font-size: large;\"><u><b>Details of the controller and processor<\/b><\/u><\/span><\/span><\/h4>\n<p><span style=\"color: #333333;\"><span style=\"font-size: medium;\">Your data will be processed by <\/span><\/span><span style=\"font-size: medium;\">Aquacycle SRL<\/span><span style=\"color: #333333;\"><span style=\"font-size: medium;\">. You can contact us by sending an e-mail to the following address <\/span><\/span><span style=\"font-size: medium;\">info@aquacycle.testing.8trust.com<\/span><\/p>\n<h4><a name=\"_uquyv1q0kj3p\"><\/a> <span style=\"color: #000000;\"><span style=\"font-size: large;\"><u><b>Cookies<\/b><\/u><\/span><\/span><\/h4>\n<p><span style=\"font-size: medium;\">Cookies are small files that are temporarily stored on your hard drive via this website. These small files make navigation easier and contribute greatly to the site's user-friendliness. Surfing our site may cause cookies to be installed on your computer. These cookies simplify your visit and improve dialogue ergonomics.<\/span><\/p>\n<p><span style=\"font-size: medium;\">If you wish to be notified by the browser when a cookie is sent, you can adjust your browser settings. You can refuse the installation of cookies on your computer, but such refusal may prevent you from accessing certain services on these websites.<\/span><\/p>\n<p><span style=\"font-size: medium;\">If you do not wish to receive cookies, you can choose \"I do not accept cookies\" in your browser settings. You will no longer receive cookies. However, this may result in a loss of functionality and usability of the website.<\/span><\/p>\n<h4><a name=\"_6u13uswu5ban\"><\/a> <span style=\"color: #000000;\"><span style=\"font-size: large;\"><u><b>Links to other websites<\/b><\/u><\/span><\/span><\/h4>\n<p><span style=\"font-size: medium;\">The links included on this website are for information purposes only. Despite careful control, no liability is accepted for the content of external links or for compliance with a privacy policy identical to the one defined to date. When clicking on external links, you should read the privacy policy of the site concerned.<\/span><\/p>\t\t\t\t\t\t\t\t<\/div>\n\t\t\t\t<\/div>\n\t\t\t\t\t<\/div>\n\t\t\t\t<\/div>\n\t\t\t\t<\/div>","protected":false},"excerpt":{"rendered":"<p>Mentions l\u00e9gales G\u00e9n\u00e9ralit\u00e9s Nous sommes convaincus que la protection de la vie priv\u00e9e de nos clients est essentielle et, lorsque que nous traitons vos donn\u00e9es \u00e0 caract\u00e8re personnel, nous le faisons conform\u00e9ment aux dispositions du R\u00e8glement g\u00e9n\u00e9ral sur la protection des donn\u00e9es du 27 avril 2016 et de la Loi belge du 8 d\u00e9cembre 1992 [&hellip;]<\/p>","protected":false},"author":1,"featured_media":0,"parent":0,"menu_order":0,"comment_status":"closed","ping_status":"closed","template":"","meta":{"_acf_changed":false,"_metasync_otto_title":"","_metasync_otto_description":"","_metasync_otto_keywords":"","_metasync_otto_og_title":"","_metasync_otto_og_description":"","_metasync_otto_twitter_title":"","_metasync_otto_twitter_description":"","rank_math_title":"","rank_math_description":"","_yoast_wpseo_title":"","_yoast_wpseo_metadesc":"","_aioseo_title":"","_aioseo_description":"","footnotes":""},"class_list":["post-6409","page","type-page","status-publish","hentry"],"acf":[],"_links":{"self":[{"href":"https:\/\/www.aquacycle.be\/en\/wp-json\/wp\/v2\/pages\/6409","targetHints":{"allow":["GET"]}}],"collection":[{"href":"https:\/\/www.aquacycle.be\/en\/wp-json\/wp\/v2\/pages"}],"about":[{"href":"https:\/\/www.aquacycle.be\/en\/wp-json\/wp\/v2\/types\/page"}],"author":[{"embeddable":true,"href":"https:\/\/www.aquacycle.be\/en\/wp-json\/wp\/v2\/users\/1"}],"replies":[{"embeddable":true,"href":"https:\/\/www.aquacycle.be\/en\/wp-json\/wp\/v2\/comments?post=6409"}],"version-history":[{"count":0,"href":"https:\/\/www.aquacycle.be\/en\/wp-json\/wp\/v2\/pages\/6409\/revisions"}],"wp:attachment":[{"href":"https:\/\/www.aquacycle.be\/en\/wp-json\/wp\/v2\/media?parent=6409"}],"curies":[{"name":"wp","href":"https:\/\/api.w.org\/{rel}","templated":true}]}}