{"id":11236,"date":"2025-08-27T10:58:30","date_gmt":"2025-08-27T08:58:30","guid":{"rendered":"https:\/\/www.aquacycle.be\/?page_id=11236"},"modified":"2025-09-05T11:32:56","modified_gmt":"2025-09-05T09:32:56","slug":"sponsorship","status":"publish","type":"page","link":"https:\/\/www.aquacycle.be\/en\/sponsorship\/","title":{"rendered":"Referral Program"},"content":{"rendered":"<div data-elementor-type=\"wp-page\" data-elementor-id=\"11236\" class=\"elementor elementor-11236\" data-elementor-post-type=\"page\">\n\t\t\t\t<div class=\"elementor-element elementor-element-e00979f e-flex e-con-boxed e-con e-parent\" data-id=\"e00979f\" data-element_type=\"container\" data-settings=\"{&quot;background_background&quot;:&quot;video&quot;,&quot;jet_parallax_layout_list&quot;:[],&quot;background_video_link&quot;:&quot;https:\\\/\\\/www.aquacycle.be\\\/\\\/wp-content\\\/uploads\\\/2024\\\/12\\\/857131-hd_1920_1080_24fps.mp4&quot;}\">\n\t\t\t\t\t<div class=\"e-con-inner\">\n\t\t<div class=\"elementor-background-video-container elementor-hidden-mobile\" aria-hidden=\"true\">\n\t\t\t\t\t\t\t<video class=\"elementor-background-video-hosted\" autoplay muted playsinline loop><\/video>\n\t\t\t\t\t<\/div>\t\t<div class=\"elementor-element elementor-element-ce066a3 elementor-widget elementor-widget-heading\" data-id=\"ce066a3\" data-element_type=\"widget\" data-widget_type=\"heading.default\">\n\t\t\t\t<div class=\"elementor-widget-container\">\n\t\t\t\t\t<h1 class=\"elementor-heading-title elementor-size-default\">Referral Program<\/h1>\t\t\t\t<\/div>\n\t\t\t\t<\/div>\n\t\t\t\t\t<\/div>\n\t\t\t\t<\/div>\n\t\t<div class=\"elementor-element elementor-element-1ea74e2 e-flex e-con-boxed e-con e-parent\" data-id=\"1ea74e2\" data-element_type=\"container\" data-settings=\"{&quot;jet_parallax_layout_list&quot;:[]}\">\n\t\t\t\t\t<div class=\"e-con-inner\">\n\t\t<div class=\"elementor-element elementor-element-17261f0 e-con-full e-flex e-con e-child\" data-id=\"17261f0\" data-element_type=\"container\" data-settings=\"{&quot;jet_parallax_layout_list&quot;:[]}\">\n\t\t<div class=\"elementor-element elementor-element-d84509a e-con-full e-flex e-con e-child\" data-id=\"d84509a\" data-element_type=\"container\" data-settings=\"{&quot;jet_parallax_layout_list&quot;:[]}\">\n\t\t<div class=\"elementor-element elementor-element-f110e68 e-con-full e-flex elementor-invisible e-con e-child\" data-id=\"f110e68\" data-element_type=\"container\" data-settings=\"{&quot;animation&quot;:&quot;fadeInLeft&quot;,&quot;jet_parallax_layout_list&quot;:[]}\">\n\t\t\t\t<div class=\"elementor-element elementor-element-023d24c elementor-widget elementor-widget-heading\" data-id=\"023d24c\" data-element_type=\"widget\" data-widget_type=\"heading.default\">\n\t\t\t\t<div class=\"elementor-widget-container\">\n\t\t\t\t\t<h2 class=\"elementor-heading-title elementor-size-default\">Refer a friend and receive a discount!<\/h2>\t\t\t\t<\/div>\n\t\t\t\t<\/div>\n\t\t\t\t<div class=\"elementor-element elementor-element-95dda80 elementor-widget elementor-widget-text-editor\" data-id=\"95dda80\" data-element_type=\"widget\" data-widget_type=\"text-editor.default\">\n\t\t\t\t<div class=\"elementor-widget-container\">\n\t\t\t\t\t\t\t\t\t<p class=\"mcePastedContent\" data-pm-slice=\"1 1 []\">Introduce your friends and family to Aquacycle and enjoy a 30EUR discount on future purchases.<\/p><p class=\"mcePastedContent\"><strong>No limits:<\/strong> the more you share, the more you save.<\/p><p class=\"mcePastedContent\">Practical for <strong>reduce the cost of your replacement filters<\/strong>.<\/p>\t\t\t\t\t\t\t\t<\/div>\n\t\t\t\t<\/div>\n\t\t\t\t<div class=\"elementor-element elementor-element-a503234 elementor-widget elementor-widget-text-editor\" data-id=\"a503234\" data-element_type=\"widget\" data-widget_type=\"text-editor.default\">\n\t\t\t\t<div class=\"elementor-widget-container\">\n\t\t\t\t\t\t\t\t\t<p class=\"mcePastedContent\" data-pm-slice=\"1 1 []\">\ud83d\udc49 Find out here how it works<\/p>\t\t\t\t\t\t\t\t<\/div>\n\t\t\t\t<\/div>\n\t\t\t\t<\/div>\n\t\t\t\t<\/div>\n\t\t<div class=\"elementor-element elementor-element-9044c20 e-con-full e-flex e-con e-child\" data-id=\"9044c20\" data-element_type=\"container\" data-settings=\"{&quot;jet_parallax_layout_list&quot;:[]}\">\n\t\t\t\t<div class=\"elementor-element elementor-element-23784ac elementor-widget elementor-widget-video\" data-id=\"23784ac\" data-element_type=\"widget\" data-settings=\"{&quot;youtube_url&quot;:&quot;https:\\\/\\\/youtu.be\\\/2Y72nrLajQs&quot;,&quot;video_type&quot;:&quot;youtube&quot;,&quot;controls&quot;:&quot;yes&quot;}\" data-widget_type=\"video.default\">\n\t\t\t\t<div class=\"elementor-widget-container\">\n\t\t\t\t\t\t\t<div class=\"elementor-wrapper elementor-open-inline\">\n\t\t\t<div class=\"elementor-video\"><\/div>\t\t<\/div>\n\t\t\t\t\t\t<\/div>\n\t\t\t\t<\/div>\n\t\t\t\t<\/div>\n\t\t\t\t<\/div>\n\t\t\t\t<div class=\"elementor-element elementor-element-7ec7416 elementor-widget elementor-widget-spacer\" data-id=\"7ec7416\" data-element_type=\"widget\" data-widget_type=\"spacer.default\">\n\t\t\t\t<div class=\"elementor-widget-container\">\n\t\t\t\t\t\t\t<div class=\"elementor-spacer\">\n\t\t\t<div class=\"elementor-spacer-inner\"><\/div>\n\t\t<\/div>\n\t\t\t\t\t\t<\/div>\n\t\t\t\t<\/div>\n\t\t\t\t\t<\/div>\n\t\t\t\t<\/div>\n\t\t<div class=\"elementor-element elementor-element-bbd27a6 e-flex e-con-boxed elementor-invisible e-con e-parent\" data-id=\"bbd27a6\" data-element_type=\"container\" data-settings=\"{&quot;background_background&quot;:&quot;classic&quot;,&quot;animation&quot;:&quot;fadeInUp&quot;,&quot;jet_parallax_layout_list&quot;:[]}\">\n\t\t\t\t\t<div class=\"e-con-inner\">\n\t\t<div class=\"elementor-element elementor-element-40dc072 e-con-full e-flex e-con e-child\" data-id=\"40dc072\" data-element_type=\"container\" data-settings=\"{&quot;jet_parallax_layout_list&quot;:[]}\">\n\t\t\t\t<div class=\"elementor-element elementor-element-60528ed elementor-widget elementor-widget-heading\" data-id=\"60528ed\" data-element_type=\"widget\" data-widget_type=\"heading.default\">\n\t\t\t\t<div class=\"elementor-widget-container\">\n\t\t\t\t\t<h4 class=\"elementor-heading-title elementor-size-default\"><a href=\"https:\/\/www.aquacycle.be\/en\/faq\/\">Do you have a question? Visit our\n<\/a><\/h4>\t\t\t\t<\/div>\n\t\t\t\t<\/div>\n\t\t\t\t<div class=\"elementor-element elementor-element-64c8037 elementor-widget elementor-widget-heading\" data-id=\"64c8037\" data-element_type=\"widget\" data-widget_type=\"heading.default\">\n\t\t\t\t<div class=\"elementor-widget-container\">\n\t\t\t\t\t<h4 class=\"elementor-heading-title elementor-size-default\"><a href=\"https:\/\/www.aquacycle.be\/en\/faq\/\">FAQ.\n<\/a><\/h4>\t\t\t\t<\/div>\n\t\t\t\t<\/div>\n\t\t\t\t<\/div>\n\t\t\t\t\t<\/div>\n\t\t\t\t<\/div>\n\t\t\t\t<\/div>","protected":false},"excerpt":{"rendered":"<p>Parrainage Parrainez un ami et recevez une r\u00e9duction ! Faites d\u00e9couvrir Aquacycle \u00e0 vos proches et profitez de 30EUR de r\u00e9ductions sur vos futurs achats. Aucune limite : plus vous partagez, plus vous \u00e9conomisez. Pratique pour r\u00e9duire le co\u00fbt de vos filtres de rechange. \ud83d\udc49 D\u00e9couvrir comment ca fonctionne https:\/\/youtu.be\/2Y72nrLajQs Vous avez une question ? [&hellip;]<\/p>","protected":false},"author":3,"featured_media":0,"parent":0,"menu_order":0,"comment_status":"closed","ping_status":"closed","template":"","meta":{"_acf_changed":false,"_metasync_otto_title":"","_metasync_otto_description":"","_metasync_otto_keywords":"","_metasync_otto_og_title":"","_metasync_otto_og_description":"","_metasync_otto_twitter_title":"","_metasync_otto_twitter_description":"","rank_math_title":"","rank_math_description":"Faites d\u00e9couvrir Aquacycle \u00e0 vos proches et profitez de 30EUR de r\u00e9ductions sur vos futurs achats.","_yoast_wpseo_title":"","_yoast_wpseo_metadesc":"","_aioseo_title":"","_aioseo_description":"","footnotes":""},"class_list":["post-11236","page","type-page","status-publish","hentry"],"acf":[],"_links":{"self":[{"href":"https:\/\/www.aquacycle.be\/en\/wp-json\/wp\/v2\/pages\/11236","targetHints":{"allow":["GET"]}}],"collection":[{"href":"https:\/\/www.aquacycle.be\/en\/wp-json\/wp\/v2\/pages"}],"about":[{"href":"https:\/\/www.aquacycle.be\/en\/wp-json\/wp\/v2\/types\/page"}],"author":[{"embeddable":true,"href":"https:\/\/www.aquacycle.be\/en\/wp-json\/wp\/v2\/users\/3"}],"replies":[{"embeddable":true,"href":"https:\/\/www.aquacycle.be\/en\/wp-json\/wp\/v2\/comments?post=11236"}],"version-history":[{"count":0,"href":"https:\/\/www.aquacycle.be\/en\/wp-json\/wp\/v2\/pages\/11236\/revisions"}],"wp:attachment":[{"href":"https:\/\/www.aquacycle.be\/en\/wp-json\/wp\/v2\/media?parent=11236"}],"curies":[{"name":"wp","href":"https:\/\/api.w.org\/{rel}","templated":true}]}}